{"id":53362,"date":"2021-02-21T17:45:57","date_gmt":"2021-02-21T17:45:57","guid":{"rendered":"https:\/\/www.autonvaraosahaku.fi\/?product=maxgear-61-5322-painelaakeri"},"modified":"2021-02-21T17:45:57","modified_gmt":"2021-02-21T17:45:57","slug":"maxgear-61-5322-painelaakeri","status":"publish","type":"product","link":"https:\/\/www.autonvaraosahaku.fi\/?product=maxgear-61-5322-painelaakeri","title":{"rendered":"MAXGEAR 61-5322 Painelaakeri"},"content":{"rendered":"<p>Valmistusvuoteen: 02\/2010; HYUNDAI: ix35 LM, EL, ELH,i30 FD,TUCSON JM,i30 CW FD,i40 CW VF,SANTA F\u00c9 I SM,SANTA F\u00c9 II CM,SONATA V NF,SANTA F\u00c9 III DM,i40 VF,TUCSON; KIA: SPORTAGE SL,CEE&#8217;D SW ED,CEE&#8217;D Schr\u00e4gheck ED,SPORTAGE JE_, KM_,SORENTO II XM,CARENS II FJ,CARENS III UN,CARNIVAL \/ GRAND CARNIVAL III VQ,PRO CEE&#8217;D ED,CARENS IV,MAGENTIS MG,OPTIMA,OPTIMA Sportswagon; 4142124300, 4142124350, 4142124300, 4142124350<\/p>\n","protected":false},"excerpt":{"rendered":"<p>MAXGEAR Irroitusmekanismi Kytkin 61-5322  HYUNDAI,KIA,ix35 LM, EL, ELH,i30 FD,TUCSON JM,i30 CW FD,i40 CW VF,SANTA F\u00c9 I SM,SANTA F\u00c9 II CM,SONATA V NF<\/p>\n","protected":false},"featured_media":0,"template":"","meta":{"site-sidebar-layout":"default","site-content-layout":"default","ast-global-header-display":"","ast-main-header-display":"","ast-hfb-above-header-display":"","ast-hfb-below-header-display":"","ast-hfb-mobile-header-display":"","site-post-title":"","ast-breadcrumbs-content":"","ast-featured-img":"","footer-sml-layout":"","theme-transparent-header-meta":"","adv-header-id-meta":"","stick-header-meta":"","header-above-stick-meta":"","header-main-stick-meta":"","header-below-stick-meta":""},"pwb-brand":[48],"product_cat":[223],"product_tag":[],"class_list":{"0":"post-53362","1":"product","2":"type-product","3":"status-publish","5":"pwb-brand-maxgear","6":"product_cat-painelaakeri","7":"desktop-align-left","8":"tablet-align-left","9":"mobile-align-left","11":"first","12":"instock","13":"product-type-external"},"brands":[{"id":48,"name":"MAXGEAR","slug":"maxgear"}],"_links":{"self":[{"href":"https:\/\/www.autonvaraosahaku.fi\/index.php?rest_route=\/wp\/v2\/product\/53362","targetHints":{"allow":["GET"]}}],"collection":[{"href":"https:\/\/www.autonvaraosahaku.fi\/index.php?rest_route=\/wp\/v2\/product"}],"about":[{"href":"https:\/\/www.autonvaraosahaku.fi\/index.php?rest_route=\/wp\/v2\/types\/product"}],"wp:attachment":[{"href":"https:\/\/www.autonvaraosahaku.fi\/index.php?rest_route=%2Fwp%2Fv2%2Fmedia&parent=53362"}],"wp:term":[{"taxonomy":"pwb-brand","embeddable":true,"href":"https:\/\/www.autonvaraosahaku.fi\/index.php?rest_route=%2Fwp%2Fv2%2Fpwb-brand&post=53362"},{"taxonomy":"product_cat","embeddable":true,"href":"https:\/\/www.autonvaraosahaku.fi\/index.php?rest_route=%2Fwp%2Fv2%2Fproduct_cat&post=53362"},{"taxonomy":"product_tag","embeddable":true,"href":"https:\/\/www.autonvaraosahaku.fi\/index.php?rest_route=%2Fwp%2Fv2%2Fproduct_tag&post=53362"}],"curies":[{"name":"wp","href":"https:\/\/api.w.org\/{rel}","templated":true}]}}