{"id":53374,"date":"2021-02-21T17:45:57","date_gmt":"2021-02-21T17:45:57","guid":{"rendered":"https:\/\/www.autonvaraosahaku.fi\/?product=hella-6pa-358-066-191-lambda-anturi"},"modified":"2021-02-21T17:46:00","modified_gmt":"2021-02-21T17:46:00","slug":"hella-6pa-358-066-191-lambda-anturi","status":"publish","type":"product","link":"https:\/\/www.autonvaraosahaku.fi\/?product=hella-6pa-358-066-191-lambda-anturi","title":{"rendered":"HELLA 6PA 358 066-191 Lambda anturi"},"content":{"rendered":"<p>Kaapelinmitta (mm): 570; Napojen m\u00e4\u00e4r\u00e4: 4; Asennuspuoli: vorne; SAAB: 9-3 YS3F,9-3 Kombi YS3F,9-3 Cabriolet YS3F,9-3X; FIAT: ULYSSE 179AX,QUBO 225,FIORINO Kasten\/Kombi 225; CITRO\u00cbN: BERLINGO MF,XSARA PICASSO N68,C2 JM_,C3 I FC_,BERLINGO B9,C5 III Break TD_,C8 EA_, EB_,C4 I LC_,SAXO S0, S1,BERLINGO Kasten M_,C5 II Break RE_,C5 I DC_,C5 I Break DE_,C5 III RD_,C3 II,XSARA N1,C4 Coupe LA_,C3 Pluriel HB_,C5 II RC_,XSARA Break N2,BERLINGO Kasten B9,C6 TD_,XSARA Coupe N0,NEMO Kasten AA_,C4 Stufenheck L,NEMO Kombi,C2 ENTERPRISE,XSARA Kasten,XSARA Kasten\/Schr\u00e4gheck; PEUGEOT: 206 Schr\u00e4gheck 2A\/C,206 CC 2D,207 WA_, WC_,307 SW 3H,307 CC 3B,407 SW 6E_,307 3A\/C,207 SW WK_,308 SW,206 SW 2E\/K,807 E,106 II 1,206+ T3E,308 4A_, 4C_,307 Break 3E,306 Schr\u00e4gheck 7A, 7C, N3, N5,607 9D, 9U,306 Cabriolet 7D, N3, N5,407 6D_,406 Break 8E\/F,PARTNER Tepee,1007 KM_,PARTNER Combispace 5F,PARTNER Kasten 5,406 Coupe 8C,306 Break 7E, N3, N5,406 8B,407 Coupe 6C_,306 7B, N3, N5,PARTNER Kasten,207 Stufenheck,206 Stufenheck,BIPPER AA_,BIPPER Tepee,206 Van,207 Van,306 Kasten\/Schr\u00e4gheck; 161849, 1618AN, 1628KY, 1628NY, 93368765, 96369683, 9636876580, 9636968380, 9636876580, 9636968380, 1628KY, 1628NY, 55353148; Lambdatunnistin,Happianturi<\/p>\n","protected":false},"excerpt":{"rendered":"<p>HELLA Lambda Anturi 6PA 358 066-191 Lambdatunnistin,Happianturi SAAB,FIAT,CITRO\u00cbN,9-3 YS3F,9-3 Kombi YS3F,9-3 Cabriolet YS3F,9-3X,ULYSSE 179AX<\/p>\n","protected":false},"featured_media":0,"template":"","meta":{"site-sidebar-layout":"default","site-content-layout":"default","ast-global-header-display":"","ast-main-header-display":"","ast-hfb-above-header-display":"","ast-hfb-below-header-display":"","ast-hfb-mobile-header-display":"","site-post-title":"","ast-breadcrumbs-content":"","ast-featured-img":"","footer-sml-layout":"","theme-transparent-header-meta":"","adv-header-id-meta":"","stick-header-meta":"","header-above-stick-meta":"","header-main-stick-meta":"","header-below-stick-meta":""},"pwb-brand":[24],"product_cat":[264],"product_tag":[],"class_list":{"0":"post-53374","1":"product","2":"type-product","3":"status-publish","5":"pwb-brand-hella","6":"product_cat-lambda-anturi","7":"desktop-align-left","8":"tablet-align-left","9":"mobile-align-left","11":"first","12":"instock","13":"product-type-external"},"brands":[{"id":24,"name":"HELLA","slug":"hella"}],"_links":{"self":[{"href":"https:\/\/www.autonvaraosahaku.fi\/index.php?rest_route=\/wp\/v2\/product\/53374","targetHints":{"allow":["GET"]}}],"collection":[{"href":"https:\/\/www.autonvaraosahaku.fi\/index.php?rest_route=\/wp\/v2\/product"}],"about":[{"href":"https:\/\/www.autonvaraosahaku.fi\/index.php?rest_route=\/wp\/v2\/types\/product"}],"wp:attachment":[{"href":"https:\/\/www.autonvaraosahaku.fi\/index.php?rest_route=%2Fwp%2Fv2%2Fmedia&parent=53374"}],"wp:term":[{"taxonomy":"pwb-brand","embeddable":true,"href":"https:\/\/www.autonvaraosahaku.fi\/index.php?rest_route=%2Fwp%2Fv2%2Fpwb-brand&post=53374"},{"taxonomy":"product_cat","embeddable":true,"href":"https:\/\/www.autonvaraosahaku.fi\/index.php?rest_route=%2Fwp%2Fv2%2Fproduct_cat&post=53374"},{"taxonomy":"product_tag","embeddable":true,"href":"https:\/\/www.autonvaraosahaku.fi\/index.php?rest_route=%2Fwp%2Fv2%2Fproduct_tag&post=53374"}],"curies":[{"name":"wp","href":"https:\/\/api.w.org\/{rel}","templated":true}]}}