{"id":53377,"date":"2021-02-21T17:45:57","date_gmt":"2021-02-21T17:45:57","guid":{"rendered":"https:\/\/www.autonvaraosahaku.fi\/?product=hella-6pa-009-166-981-lambda-anturi"},"modified":"2021-02-21T17:46:01","modified_gmt":"2021-02-21T17:46:01","slug":"hella-6pa-009-166-981-lambda-anturi","status":"publish","type":"product","link":"https:\/\/www.autonvaraosahaku.fi\/?product=hella-6pa-009-166-981-lambda-anturi","title":{"rendered":"HELLA 6PA 009 166-981 Lambda anturi"},"content":{"rendered":"<p>Kaapelinmitta (mm): 570; Pakoputkisto: ennen katalysaattoria; Lambdatunnistin: S\u00e4\u00e4t\u00f6anturi; Asennuspuoli: vorne; CHEVROLET: CRUZE J300,CRUZE Station Wagon J308,AVEO Schr\u00e4gheck T300,CRUZE Schr\u00e4gheck J305,TRAX,AVEO Stufenheck T300; OPEL: CORSA D,CORSA C F08, F68,ZAFIRA B A05,ASTRA H Caravan L35,MERIVA,ASTRA H L48,ASTRA J Sports Tourer,INSIGNIA Caravan,ASTRA J,ASTRA H GTC L08,AGILA A H00,ZAFIRA TOURER C P12,OMEGA B Caravan 21_, 22_, 23_,MOKKA,OMEGA B 25_, 26_, 27_,TIGRA TwinTop,ASTRA H TwinTop L67,INSIGNIA,INSIGNIA Stufenheck,COMBO Kasten\/Kombi,ZAFIRA B Van,ASTRA GTC J,COMBO Tour,ASTRA J Stufenheck,CORSA C Kasten F08, W5L,ASTRA H Stufenheck L69,ASTRA H Kasten L70,SPEEDSTER; VAUXHALL: CORSA Mk III D L_8,INSIGNIA Mk I A,ZAFIRA Mk II B M75,ASTRA Mk V H CC,ZAFIRA Mk I A F75,INSIGNIA Mk I A Estate,CORSA Mk II C W5L, F08,ASTRA Mk V H Estate,ZAFIRA Mk III P12,ASTRA Mk V H Convertible,ASTRA Mk VI J,INSIGNIA Mk I A Sedan,MERIVA Mk I A,CORSAVAN Mk II C,OMEGA B,TIGRA Convertible,AGILA Mk I A,ASTRA Mk VI J Sedan,VX220,ASTRA Mk VI J Estate,MOKKA,ASTRAVAN Mk V H,OMEGA B Estate,COMBO TOUR Mk II C F25,COMBO Mk II C Kasten\/Kombi F25; 24420591, 55562205, 9193148, 9199469, 93177169, 0855530, 24420591, 25198484, 5556220, 55562205, 855355, 855385, 855402, 9193148, 9199469, 93177169, 0855530, 09193148, 09199469, 24420591, 5556220, 55562205, 855355, 855385, 855402, 93177169; Lambdatunnistin,Happianturi<\/p>\n","protected":false},"excerpt":{"rendered":"<p>HELLA Lambda Anturi 6PA 009 166-981 Lambdatunnistin,Happianturi CHEVROLET,OPEL,VAUXHALL,CRUZE J300,CRUZE Station Wagon J308,AVEO Schr\u00e4gheck T300<\/p>\n","protected":false},"featured_media":0,"template":"","meta":{"site-sidebar-layout":"default","site-content-layout":"default","ast-global-header-display":"","ast-main-header-display":"","ast-hfb-above-header-display":"","ast-hfb-below-header-display":"","ast-hfb-mobile-header-display":"","site-post-title":"","ast-breadcrumbs-content":"","ast-featured-img":"","footer-sml-layout":"","theme-transparent-header-meta":"","adv-header-id-meta":"","stick-header-meta":"","header-above-stick-meta":"","header-main-stick-meta":"","header-below-stick-meta":""},"pwb-brand":[24],"product_cat":[264],"product_tag":[],"class_list":{"0":"post-53377","1":"product","2":"type-product","3":"status-publish","5":"pwb-brand-hella","6":"product_cat-lambda-anturi","7":"desktop-align-left","8":"tablet-align-left","9":"mobile-align-left","11":"first","12":"instock","13":"product-type-external"},"brands":[{"id":24,"name":"HELLA","slug":"hella"}],"_links":{"self":[{"href":"https:\/\/www.autonvaraosahaku.fi\/index.php?rest_route=\/wp\/v2\/product\/53377","targetHints":{"allow":["GET"]}}],"collection":[{"href":"https:\/\/www.autonvaraosahaku.fi\/index.php?rest_route=\/wp\/v2\/product"}],"about":[{"href":"https:\/\/www.autonvaraosahaku.fi\/index.php?rest_route=\/wp\/v2\/types\/product"}],"wp:attachment":[{"href":"https:\/\/www.autonvaraosahaku.fi\/index.php?rest_route=%2Fwp%2Fv2%2Fmedia&parent=53377"}],"wp:term":[{"taxonomy":"pwb-brand","embeddable":true,"href":"https:\/\/www.autonvaraosahaku.fi\/index.php?rest_route=%2Fwp%2Fv2%2Fpwb-brand&post=53377"},{"taxonomy":"product_cat","embeddable":true,"href":"https:\/\/www.autonvaraosahaku.fi\/index.php?rest_route=%2Fwp%2Fv2%2Fproduct_cat&post=53377"},{"taxonomy":"product_tag","embeddable":true,"href":"https:\/\/www.autonvaraosahaku.fi\/index.php?rest_route=%2Fwp%2Fv2%2Fproduct_tag&post=53377"}],"curies":[{"name":"wp","href":"https:\/\/api.w.org\/{rel}","templated":true}]}}