{"id":53379,"date":"2021-02-21T17:45:57","date_gmt":"2021-02-21T17:45:57","guid":{"rendered":"https:\/\/www.autonvaraosahaku.fi\/?product=maxgear-18-0460-letku"},"modified":"2021-02-21T17:46:01","modified_gmt":"2021-02-21T17:46:01","slug":"maxgear-18-0460-letku","status":"publish","type":"product","link":"https:\/\/www.autonvaraosahaku.fi\/?product=maxgear-18-0460-letku","title":{"rendered":"MAXGEAR 18-0460 Letku"},"content":{"rendered":"<p>Pituus (mm): 260; Materiaali: Kumi; Paino [kg]: 0,460; Sis\u00e4l\u00e4pimitta 1 [mm]: 44; Sis\u00e4l\u00e4pimitta 2 [mm]: 84; Tarvittava kappalem\u00e4\u00e4r\u00e4: 1; Moottorinumero: 1.6TDCI; FORD: FOCUS II Kombi DA_,FOCUS II DA_,FOCUS C-MAX,FOCUS II Stufenheck DA_; 1233195, 1300470, 1313095, 1318349, 1324641, 1324908, 1336611, 1336611S1, 3M519A673MC, 3M519A673MD, 3M519A673ME, 3M519A673MF, 3M519A673MG, 30680738<\/p>\n","protected":false},"excerpt":{"rendered":"<p>MAXGEAR Imuputki, Ilmansuodatin 18-0460  FORD,FOCUS II Kombi DA_,FOCUS II DA_,FOCUS C-MAX,FOCUS II Stufenheck DA_<\/p>\n","protected":false},"featured_media":0,"template":"","meta":{"site-sidebar-layout":"default","site-content-layout":"default","ast-global-header-display":"","ast-main-header-display":"","ast-hfb-above-header-display":"","ast-hfb-below-header-display":"","ast-hfb-mobile-header-display":"","site-post-title":"","ast-breadcrumbs-content":"","ast-featured-img":"","footer-sml-layout":"","theme-transparent-header-meta":"","adv-header-id-meta":"","stick-header-meta":"","header-above-stick-meta":"","header-main-stick-meta":"","header-below-stick-meta":""},"pwb-brand":[48],"product_cat":[112],"product_tag":[],"class_list":{"0":"post-53379","1":"product","2":"type-product","3":"status-publish","5":"pwb-brand-maxgear","6":"product_cat-letku","7":"desktop-align-left","8":"tablet-align-left","9":"mobile-align-left","11":"first","12":"instock","13":"product-type-external"},"brands":[{"id":48,"name":"MAXGEAR","slug":"maxgear"}],"_links":{"self":[{"href":"https:\/\/www.autonvaraosahaku.fi\/index.php?rest_route=\/wp\/v2\/product\/53379","targetHints":{"allow":["GET"]}}],"collection":[{"href":"https:\/\/www.autonvaraosahaku.fi\/index.php?rest_route=\/wp\/v2\/product"}],"about":[{"href":"https:\/\/www.autonvaraosahaku.fi\/index.php?rest_route=\/wp\/v2\/types\/product"}],"wp:attachment":[{"href":"https:\/\/www.autonvaraosahaku.fi\/index.php?rest_route=%2Fwp%2Fv2%2Fmedia&parent=53379"}],"wp:term":[{"taxonomy":"pwb-brand","embeddable":true,"href":"https:\/\/www.autonvaraosahaku.fi\/index.php?rest_route=%2Fwp%2Fv2%2Fpwb-brand&post=53379"},{"taxonomy":"product_cat","embeddable":true,"href":"https:\/\/www.autonvaraosahaku.fi\/index.php?rest_route=%2Fwp%2Fv2%2Fproduct_cat&post=53379"},{"taxonomy":"product_tag","embeddable":true,"href":"https:\/\/www.autonvaraosahaku.fi\/index.php?rest_route=%2Fwp%2Fv2%2Fproduct_tag&post=53379"}],"curies":[{"name":"wp","href":"https:\/\/api.w.org\/{rel}","templated":true}]}}