{"id":53447,"date":"2021-02-21T17:46:21","date_gmt":"2021-02-21T17:46:21","guid":{"rendered":"https:\/\/www.autonvaraosahaku.fi\/?product=skf-vkjc-1653-vetoakseli"},"modified":"2021-02-21T17:46:22","modified_gmt":"2021-02-21T17:46:22","slug":"skf-vkjc-1653-vetoakseli","status":"publish","type":"product","link":"https:\/\/www.autonvaraosahaku.fi\/?product=skf-vkjc-1653-vetoakseli","title":{"rendered":"SKF VKJC 1653 Vetoakseli"},"content":{"rendered":"<p>Pituus (mm): 1015; Kierremitta: M22x1,5; Ulkohammastus, py\u00f6r\u00e4npuoli: 27; Ulkohammastus tasauspy\u00f6r\u00e4st\u00f6puoli: 39; Tiivisteen l\u00e4pimitta [mm]: 56,5; Pituus 2 (mm): 349,5; Korvaava tuote\/korvaava tiedote 2: laakerilla; Uusi osa: ; Nivelen l\u00e4pimitta py\u00f6r\u00e4puoli [mm]: 92; Nivelen l\u00e4pimitta vaihteistopuoli [mm]: 84; Asennuspuoli: Vorderachse rechts; OPEL: VIVARO Kasten F7,VIVARO Combi J7,VIVARO Pritsche\/Fahrgestell E7; RENAULT: TRAFIC II Bus JL,TRAFIC II Kasten FL,TRAFIC II Pritsche\/Fahrgestell EL; VAUXHALL: VIVARO Kasten F7,VIVARO Pritsche\/Fahrgestell E7,VIVARO Combi J7; 4406169, 4406216, 4406217, 4409208, 4414516, 4417910, 4420950, 4422037, 91166707, 91168794, 93169667, 93454307, 93856308, 93861973, 93865409, 93866080, 95520477, 95520599, 391001682R, 391002150R, 391003953R, 391005928R, 391008471R, 7711135190, 7711368831, 8200069146, 8200169291, 8200452268, 8200823167, 93169667, 93454307, 93856308, 93866080, 95520599<\/p>\n","protected":false},"excerpt":{"rendered":"<p>SKF Vetoakseli VKJC 1653  OPEL,RENAULT,VAUXHALL,VIVARO Kasten F7,VIVARO Combi J7,VIVARO Pritsche\/Fahrgestell E7,TRAFIC II Bus JL,TRAFIC II Kasten FL<\/p>\n","protected":false},"featured_media":0,"template":"","meta":{"site-sidebar-layout":"default","site-content-layout":"default","ast-global-header-display":"","ast-main-header-display":"","ast-hfb-above-header-display":"","ast-hfb-below-header-display":"","ast-hfb-mobile-header-display":"","site-post-title":"","ast-breadcrumbs-content":"","ast-featured-img":"","footer-sml-layout":"","theme-transparent-header-meta":"","adv-header-id-meta":"","stick-header-meta":"","header-above-stick-meta":"","header-main-stick-meta":"","header-below-stick-meta":""},"pwb-brand":[237],"product_cat":[215],"product_tag":[],"class_list":{"0":"post-53447","1":"product","2":"type-product","3":"status-publish","5":"pwb-brand-skf","6":"product_cat-vetoakseli","7":"desktop-align-left","8":"tablet-align-left","9":"mobile-align-left","11":"first","12":"instock","13":"product-type-external"},"brands":[{"id":237,"name":"SKF","slug":"skf"}],"_links":{"self":[{"href":"https:\/\/www.autonvaraosahaku.fi\/index.php?rest_route=\/wp\/v2\/product\/53447","targetHints":{"allow":["GET"]}}],"collection":[{"href":"https:\/\/www.autonvaraosahaku.fi\/index.php?rest_route=\/wp\/v2\/product"}],"about":[{"href":"https:\/\/www.autonvaraosahaku.fi\/index.php?rest_route=\/wp\/v2\/types\/product"}],"wp:attachment":[{"href":"https:\/\/www.autonvaraosahaku.fi\/index.php?rest_route=%2Fwp%2Fv2%2Fmedia&parent=53447"}],"wp:term":[{"taxonomy":"pwb-brand","embeddable":true,"href":"https:\/\/www.autonvaraosahaku.fi\/index.php?rest_route=%2Fwp%2Fv2%2Fpwb-brand&post=53447"},{"taxonomy":"product_cat","embeddable":true,"href":"https:\/\/www.autonvaraosahaku.fi\/index.php?rest_route=%2Fwp%2Fv2%2Fproduct_cat&post=53447"},{"taxonomy":"product_tag","embeddable":true,"href":"https:\/\/www.autonvaraosahaku.fi\/index.php?rest_route=%2Fwp%2Fv2%2Fproduct_tag&post=53447"}],"curies":[{"name":"wp","href":"https:\/\/api.w.org\/{rel}","templated":true}]}}