{"id":53483,"date":"2021-02-21T17:46:32","date_gmt":"2021-02-21T17:46:32","guid":{"rendered":"https:\/\/www.autonvaraosahaku.fi\/?product=mobil-154749-moottorioljy"},"modified":"2021-02-21T17:46:33","modified_gmt":"2021-02-21T17:46:33","slug":"mobil-154749-moottorioljy","status":"publish","type":"product","link":"https:\/\/www.autonvaraosahaku.fi\/?product=mobil-154749-moottorioljy","title":{"rendered":"MOBIL 154749 Moottori\u00f6ljy"},"content":{"rendered":"<p>Tilavuus (litra): 1; Pakkaustyyppi: Pullo; Viskositeettiluokka SAE: 5W-30; Erittely: ACEA C3\t, API SN+\t, API SN\t, API CI-4\t; Valmistajan hyv\u00e4ksym\u00e4: BMW Longlife-04\t, MB 229.31\t, MB 229.51\t, MB 229.52\t, BMW Longlife-04, MB 229.31, MB 229.51, MB 229.52; Pakkauspituus [cm]: 39; Pakkausleveys [cm]: 23; Pakkauskorkeus [mm]: 23,5; Tuotelinja: Super; Versio: 3000 XE1; API-m\u00e4\u00e4rittely: CI-4, ilman sis\u00e4\u00e4nrakennettua \u00f6ljyl\u00e4mp\u00f6tilan sensoria, SN+; ACEA-m\u00e4\u00e4rittely: C3<\/p>\n","protected":false},"excerpt":{"rendered":"<p>MOBIL Moottori\u00f6ljy Mobil Super 3000 XE1 5W-30 154749<\/p>\n","protected":false},"featured_media":0,"template":"","meta":{"site-sidebar-layout":"default","site-content-layout":"default","ast-global-header-display":"","ast-main-header-display":"","ast-hfb-above-header-display":"","ast-hfb-below-header-display":"","ast-hfb-mobile-header-display":"","site-post-title":"","ast-breadcrumbs-content":"","ast-featured-img":"","footer-sml-layout":"","theme-transparent-header-meta":"","adv-header-id-meta":"","stick-header-meta":"","header-above-stick-meta":"","header-main-stick-meta":"","header-below-stick-meta":""},"pwb-brand":[128],"product_cat":[129],"product_tag":[],"class_list":{"0":"post-53483","1":"product","2":"type-product","3":"status-publish","5":"pwb-brand-mobil","6":"product_cat-moottorioljy","7":"desktop-align-left","8":"tablet-align-left","9":"mobile-align-left","11":"first","12":"instock","13":"product-type-external"},"brands":[{"id":128,"name":"MOBIL","slug":"mobil"}],"_links":{"self":[{"href":"https:\/\/www.autonvaraosahaku.fi\/index.php?rest_route=\/wp\/v2\/product\/53483","targetHints":{"allow":["GET"]}}],"collection":[{"href":"https:\/\/www.autonvaraosahaku.fi\/index.php?rest_route=\/wp\/v2\/product"}],"about":[{"href":"https:\/\/www.autonvaraosahaku.fi\/index.php?rest_route=\/wp\/v2\/types\/product"}],"wp:attachment":[{"href":"https:\/\/www.autonvaraosahaku.fi\/index.php?rest_route=%2Fwp%2Fv2%2Fmedia&parent=53483"}],"wp:term":[{"taxonomy":"pwb-brand","embeddable":true,"href":"https:\/\/www.autonvaraosahaku.fi\/index.php?rest_route=%2Fwp%2Fv2%2Fpwb-brand&post=53483"},{"taxonomy":"product_cat","embeddable":true,"href":"https:\/\/www.autonvaraosahaku.fi\/index.php?rest_route=%2Fwp%2Fv2%2Fproduct_cat&post=53483"},{"taxonomy":"product_tag","embeddable":true,"href":"https:\/\/www.autonvaraosahaku.fi\/index.php?rest_route=%2Fwp%2Fv2%2Fproduct_tag&post=53483"}],"curies":[{"name":"wp","href":"https:\/\/api.w.org\/{rel}","templated":true}]}}