{"id":53506,"date":"2021-02-21T17:46:38","date_gmt":"2021-02-21T17:46:38","guid":{"rendered":"https:\/\/www.autonvaraosahaku.fi\/?product=pemco-pm0912-5-muut-luokat"},"modified":"2021-02-21T17:46:39","modified_gmt":"2021-02-21T17:46:39","slug":"pemco-pm0912-5-muut-luokat","status":"publish","type":"product","link":"https:\/\/www.autonvaraosahaku.fi\/?product=pemco-pm0912-5-muut-luokat","title":{"rendered":"PEMCO PM0912-5 Muut luokat"},"content":{"rendered":"<p>Tuotelinja: Antifreeze 912+; Versio: -40; V\u00e4ri: Punainen; L\u00e4mp\u00f6alue alkaen [\u00b0C]: -40; L\u00e4mp\u00f6tila-alue korkeintaan [\u00b0C]: +125; k\u00e4ytt\u00f6valmis: +; Tilavuus (litra): 5; Pakkaustyyppi: Kanisteri; Erittely: SAE J1034, ASTM D3306, ASTM D4656, ASTM D4985, BS 6580: 1992, AFNOR NF R15-601, AS 2108, FFV Heft R443, CUNA NC 956-16, UNE 26361-88, NATO S 759, FORD WSS-M97B44-D, MB 325.3, RENAULT 41-01-001, GM 6277M, MAN 324 SNF, VAG TL 774 D, VAG TL 774 F, MAZDA, VOLVO; J\u00e4\u00e4hdytysneste,Pakkasneste,J\u00e4\u00e4tymissuoja<\/p>\n","protected":false},"excerpt":{"rendered":"<p>PEMCO J\u00e4\u00e4hdytinneste PM0912-5 J\u00e4\u00e4hdytysneste,Pakkasneste<\/p>\n","protected":false},"featured_media":0,"template":"","meta":{"site-sidebar-layout":"default","site-content-layout":"default","ast-global-header-display":"","ast-main-header-display":"","ast-hfb-above-header-display":"","ast-hfb-below-header-display":"","ast-hfb-mobile-header-display":"","site-post-title":"","ast-breadcrumbs-content":"","ast-featured-img":"","footer-sml-layout":"","theme-transparent-header-meta":"","adv-header-id-meta":"","stick-header-meta":"","header-above-stick-meta":"","header-main-stick-meta":"","header-below-stick-meta":""},"pwb-brand":[352],"product_cat":[37],"product_tag":[],"class_list":{"0":"post-53506","1":"product","2":"type-product","3":"status-publish","5":"pwb-brand-pemco","6":"product_cat-muut-luokat","7":"desktop-align-left","8":"tablet-align-left","9":"mobile-align-left","11":"first","12":"instock","13":"product-type-external"},"brands":[{"id":352,"name":"PEMCO","slug":"pemco"}],"_links":{"self":[{"href":"https:\/\/www.autonvaraosahaku.fi\/index.php?rest_route=\/wp\/v2\/product\/53506","targetHints":{"allow":["GET"]}}],"collection":[{"href":"https:\/\/www.autonvaraosahaku.fi\/index.php?rest_route=\/wp\/v2\/product"}],"about":[{"href":"https:\/\/www.autonvaraosahaku.fi\/index.php?rest_route=\/wp\/v2\/types\/product"}],"wp:attachment":[{"href":"https:\/\/www.autonvaraosahaku.fi\/index.php?rest_route=%2Fwp%2Fv2%2Fmedia&parent=53506"}],"wp:term":[{"taxonomy":"pwb-brand","embeddable":true,"href":"https:\/\/www.autonvaraosahaku.fi\/index.php?rest_route=%2Fwp%2Fv2%2Fpwb-brand&post=53506"},{"taxonomy":"product_cat","embeddable":true,"href":"https:\/\/www.autonvaraosahaku.fi\/index.php?rest_route=%2Fwp%2Fv2%2Fproduct_cat&post=53506"},{"taxonomy":"product_tag","embeddable":true,"href":"https:\/\/www.autonvaraosahaku.fi\/index.php?rest_route=%2Fwp%2Fv2%2Fproduct_tag&post=53506"}],"curies":[{"name":"wp","href":"https:\/\/api.w.org\/{rel}","templated":true}]}}