{"id":53534,"date":"2021-02-21T17:46:44","date_gmt":"2021-02-21T17:46:44","guid":{"rendered":"https:\/\/www.autonvaraosahaku.fi\/?product=repsol-rp180n51-moottorioljy"},"modified":"2021-02-21T17:46:47","modified_gmt":"2021-02-21T17:46:47","slug":"repsol-rp180n51-moottorioljy","status":"publish","type":"product","link":"https:\/\/www.autonvaraosahaku.fi\/?product=repsol-rp180n51-moottorioljy","title":{"rendered":"REPSOL RP180N51 Moottori\u00f6ljy"},"content":{"rendered":"<p>\u00d6ljy: Osasynteettinen \u00f6ljy; Viskositeettiluokka SAE: 10W-40; Tilavuus (litra): 1; Pakkaustyyppi: Pullo; Erittely: API SL, JASO MA-2; Tuotelinja: MOTO; Versio: Sport 4T; API-m\u00e4\u00e4rittely: SL<\/p>\n","protected":false},"excerpt":{"rendered":"<p>REPSOL Moottori\u00f6ljy RP180N51<\/p>\n","protected":false},"featured_media":0,"template":"","meta":{"site-sidebar-layout":"default","site-content-layout":"default","ast-global-header-display":"","ast-main-header-display":"","ast-hfb-above-header-display":"","ast-hfb-below-header-display":"","ast-hfb-mobile-header-display":"","site-post-title":"","ast-breadcrumbs-content":"","ast-featured-img":"","footer-sml-layout":"","theme-transparent-header-meta":"","adv-header-id-meta":"","stick-header-meta":"","header-above-stick-meta":"","header-main-stick-meta":"","header-below-stick-meta":""},"pwb-brand":[429],"product_cat":[129],"product_tag":[],"class_list":{"0":"post-53534","1":"product","2":"type-product","3":"status-publish","5":"pwb-brand-repsol","6":"product_cat-moottorioljy","7":"desktop-align-left","8":"tablet-align-left","9":"mobile-align-left","11":"first","12":"instock","13":"product-type-external"},"brands":[{"id":429,"name":"REPSOL","slug":"repsol"}],"_links":{"self":[{"href":"https:\/\/www.autonvaraosahaku.fi\/index.php?rest_route=\/wp\/v2\/product\/53534","targetHints":{"allow":["GET"]}}],"collection":[{"href":"https:\/\/www.autonvaraosahaku.fi\/index.php?rest_route=\/wp\/v2\/product"}],"about":[{"href":"https:\/\/www.autonvaraosahaku.fi\/index.php?rest_route=\/wp\/v2\/types\/product"}],"wp:attachment":[{"href":"https:\/\/www.autonvaraosahaku.fi\/index.php?rest_route=%2Fwp%2Fv2%2Fmedia&parent=53534"}],"wp:term":[{"taxonomy":"pwb-brand","embeddable":true,"href":"https:\/\/www.autonvaraosahaku.fi\/index.php?rest_route=%2Fwp%2Fv2%2Fpwb-brand&post=53534"},{"taxonomy":"product_cat","embeddable":true,"href":"https:\/\/www.autonvaraosahaku.fi\/index.php?rest_route=%2Fwp%2Fv2%2Fproduct_cat&post=53534"},{"taxonomy":"product_tag","embeddable":true,"href":"https:\/\/www.autonvaraosahaku.fi\/index.php?rest_route=%2Fwp%2Fv2%2Fproduct_tag&post=53534"}],"curies":[{"name":"wp","href":"https:\/\/api.w.org\/{rel}","templated":true}]}}