{"id":53536,"date":"2021-02-21T17:46:44","date_gmt":"2021-02-21T17:46:44","guid":{"rendered":"https:\/\/www.autonvaraosahaku.fi\/?product=orlen-qfs413b60-moottorioljy"},"modified":"2021-02-21T17:46:47","modified_gmt":"2021-02-21T17:46:47","slug":"orlen-qfs413b60-moottorioljy","status":"publish","type":"product","link":"https:\/\/www.autonvaraosahaku.fi\/?product=orlen-qfs413b60-moottorioljy","title":{"rendered":"ORLEN QFS413B60 Moottori\u00f6ljy"},"content":{"rendered":"<p>Viskositeettiluokka SAE: 5W-40; Tilavuus (litra): 4; Erittely: API SL, ACEA A3, API CF, ACEA B4, ACEA B3, API SJ; Valmistajan hyv\u00e4ksym\u00e4: MB 229.1; \u00d6ljy: Synteettinen \u00f6ljy; Tuotelinja: PLATINUM CLASSIC; Versio: SYNTHETIC; API-m\u00e4\u00e4rittely: CF, SJ, SL; ACEA-m\u00e4\u00e4rittely: Aktivointi peruutusvaihteella, Aktivointi katkaisijasta; MERCEDES-BENZ: C-CLASS W203,E-CLASS W211,A-CLASS W168,C-CLASS T-Model S203,C-CLASS W202,E-CLASS T-Model S211,190 W201,SLK R170,E-CLASS W210,E-CLASS W212,M-CLASS W164,C-CLASS Coupe CL203,M-CLASS W163,Stufenheck W124,E-CLASS T-Model S212,E-CLASS Kombi S210,CLK C208,SL R129,CLK C209,SL R107,C-CLASS Kombi S202,Stufenheck W123,S-CLASS W220,S-CLASS W126,S-CLASS W221,CLS C219,VANEO 414,SL R230,KOMBI Kombi S124,E-CLASS W124,R-CLASS W251, V251,G-CLASS W463,VITO Bus 638,E-CLASS Coupe C207,CLK Cabriolet A208,COUPE C124,CLK Cabriolet A209,S-CLASS W140,E-CLASS Kombi S124,COUPE C123,SPRINTER 3-t Kasten 903,SPRINTER 2-t Bus 901, 902,V-CLASS 638\/2,E-CLASS Cabriolet A207,GL-CLASS X164,G-CLASS W461,SPRINTER 2-t Kasten 901, 902,SPRINTER 3-t Bus 903,KOMBI Kombi S123,SPRINTER 3-t Pritsche\/Fahrgestell 903,T1 Bus 601,100 Bus 631,S-CLASS Coupe C215,VITO Kasten 638,E-CLASS Cabriolet A124,E-CLASS Coupe C124,T1 Pritsche\/Fahrgestell 602,T1 Kasten 602,100 Kasten 631,SPRINTER 4-t Pritsche\/Fahrge; TOYOTA: YARIS SCP9_, NSP9_, KSP9_, NCP9_, ZSP9_,YARIS SCP1_, NLP1_, NCP1_,AVENSIS Kombi T25,COROLLA Verso ZER_, ZZE12_, R1_,AYGO WNB1_, KGB1_,AURIS NRE15_, ZZE15_, ADE15_, ZRE15_, NDE15_,RAV 4 III ACA3_, ACE_, ALA3_, GSA3_, ZSA3_,RAV 4 II CLA2_, XA2_, ZCA2_, ACA2_,COROLLA ZZE12_, NDE12_, ZDE12_,AVENSIS Station Wagon ZRT27, ADT27,VERSO _AUR2_, _ZGR2_,AVENSIS T25_,YARIS VERSO _NLP2_, _NCP2_,YARIS NHP13_, NSP13_, NCP13_, KSP13_, NLP13_,AURIS NZE18_, ZRE18_,COROLLA Kombi _E12J_, _E12T_,AVENSIS Stufenheck T25,AVENSIS _T22_,COROLLA Liftback _E11_,AURIS TOURING SPORTS ADE18_, ZWE18_, ZRE18_,IQ KPJ1_, NGJ1_, KGJ1_, NUJ1_,COROLLA Compact _E11_,AVENSIS Station Wagon _T22_,COROLLA Verso ZDE12_, CDE12_,CELICA ZZT23_,PRIUS ZVW3_,GT 86 Coupe ZN6_,AVENSIS Stufenheck ZRT27, ADT27,RAV 4 IV ZSA4_, ALA4_,PREVIA MCR3_, ACR3_, CLR3_,LAND CRUISER KDJ12_, GRJ12_,HILUX III Pick-up TGN1_, GGN2_, GGN1_, KUN2_, KUN1_,VERSO S NLP12_, NCP12_, NSP12_,COROLLA Stufenheck _E12J_, _E12T_,AVENSIS Liftback _T22_,AVENS; HYUNDAI: i10 PA,i20 PB, PBT,SANTA F\u00c9 II CM,COUPE GK,SONATA V NF,ix55,GENESIS Coupe,GRANDEUR TG,TUCSON,i20 GB,i20 ACTIVE GB,i20 Coupe; CITRO\u00cbN: JUMPY U6U; NISSAN: MICRA III K12,X-TRAIL T30,NOTE E11,JUKE F15,MICRA IV K13,PIXO UA0; MAZDA: CX-5 KE, GH,MX-5 II NB,3 BL,5 CW,3 BM,3 Stufenheck BL,3 Stufenheck BM,CX-9 TB; KIA: SORENTO I JC,PICANTO BA,SPORTAGE SL,CEE&#8217;D SW ED,CEE&#8217;D Schr\u00e4gheck ED,SPORTAGE JE_, KM_,CARENS II FJ,RIO II JB,CEE&#8217;D JD,CARENS III UN,CARNIVAL \/ GRAND CARNIVAL III VQ,CEE`D Sportswagon JD,PRO CEE&#8217;D ED,SOUL AM,CERATO LD,MAGENTIS MG,PRO CEE\u00b4D JD,CERATO Stufenheck LD,RIO II Stufenheck JB,CERATO II Stufenheck TD; HONDA: CIVIC VII Hatchback EU, EP, EV,CR-V II RD_,ACCORD VII CL,FR-V BE,ACCORD VII Tourer CM,ACCORD VI CG, CK,CIVIC VI Fastback MA, MB,STREAM RN,HR-V GH,CIVIC VII Coupe EM2,ACCORD VI Hatchback CH,CIVIC VII Stufenheck ES,NSX Coupe NA,NSX Cabriolet NA; MITSUBISHI: COLT VI Z3_A, Z2_A,SPACE STAR DG_A,CARISMA DA_,GRANDIS NA_W,COLT V CJ_, CP_,OUTLANDER I CU_W,LANCER Kombi CS_W,LANCER SPORTBACK CX_A,COLT CZC Cabriolet RG,LANCER Stufenheck CY\/Z_A,CARISMA Stufenheck DA_,GALANT VI Station Wagon EA_,GALANT VI EA_,SPACE WAGON N9_W, N8_W,L 200 K7_T, K6_T,PAJERO II V3_W, V2_W, V4_W,LANCER Stufenheck CS_A, CT0,L 300 Bus P0_W, P1_W, P2_W,PAJERO SPORT K90,COLT IV CA_A,ECLIPSE II D3_A,ECLIPSE I D2_A,SPACE RUNNER N6_W,PAJERO I L04_G, L14_G,SPACE RUNNER N1_W, N2_W,L 400 \/ SPACE GEAR Bus PD_W, PC_W, PA_V, PB_V,COLT III C5_A,GALLOPER JK-01,LANCER VI CJ-CP_,3000 GT Z16A,L 300 Pritsche\/Fahrgestell L03_P,L 300 Kasten L03_P,SIGMA F2_A, F1_A,LANCER V Station Wagon CB_W, CD_W,GALANT IV E3_A,LANCER V CB\/D_A,SPACE WAGON N3_W, N4_W,GALANT IV Stufenheck E3_A,LANCER IV C6_A, C7_A,L 300 Kasten P0_W, P1_W,L 300 Bus LO3_P\/G, L0_2P,GALANT V Stufenheck E5_A, E7_A, E8_A,SIGMA Station Wagon F0_W,GALANT V E5_A, E7_A, E8_A,PAJERO II Canvas Top V2_W, V4_W,COLT II C; SUZUKI: SWIFT III MZ, EZ,SWIFT IV FZ, NZ,GRAND VITARA II JT,SX4 EY, GY,GRAND VITARA I FT,WAGON R+ MM,IGNIS FH,SPLASH,IGNIS II,ALTO HA25, HA35,LIANA Schr\u00e4gheck,ALTO HA24,SX4 S-Cross,LIANA ER,WAGON R+ EM,KIZASHI FR,SX4 Stufenheck GY,WAGON R,CARRY Kasten FD,IGNIS MF,SWIFT V AZ<\/p>\n","protected":false},"excerpt":{"rendered":"<p>ORLEN Moottori\u00f6ljy QFS413B60<\/p>\n","protected":false},"featured_media":0,"template":"","meta":{"site-sidebar-layout":"default","site-content-layout":"default","ast-global-header-display":"","ast-main-header-display":"","ast-hfb-above-header-display":"","ast-hfb-below-header-display":"","ast-hfb-mobile-header-display":"","site-post-title":"","ast-breadcrumbs-content":"","ast-featured-img":"","footer-sml-layout":"","theme-transparent-header-meta":"","adv-header-id-meta":"","stick-header-meta":"","header-above-stick-meta":"","header-main-stick-meta":"","header-below-stick-meta":""},"pwb-brand":[405],"product_cat":[129],"product_tag":[],"class_list":{"0":"post-53536","1":"product","2":"type-product","3":"status-publish","5":"pwb-brand-orlen","6":"product_cat-moottorioljy","7":"desktop-align-left","8":"tablet-align-left","9":"mobile-align-left","11":"first","12":"instock","13":"product-type-external"},"brands":[{"id":405,"name":"ORLEN","slug":"orlen"}],"_links":{"self":[{"href":"https:\/\/www.autonvaraosahaku.fi\/index.php?rest_route=\/wp\/v2\/product\/53536","targetHints":{"allow":["GET"]}}],"collection":[{"href":"https:\/\/www.autonvaraosahaku.fi\/index.php?rest_route=\/wp\/v2\/product"}],"about":[{"href":"https:\/\/www.autonvaraosahaku.fi\/index.php?rest_route=\/wp\/v2\/types\/product"}],"wp:attachment":[{"href":"https:\/\/www.autonvaraosahaku.fi\/index.php?rest_route=%2Fwp%2Fv2%2Fmedia&parent=53536"}],"wp:term":[{"taxonomy":"pwb-brand","embeddable":true,"href":"https:\/\/www.autonvaraosahaku.fi\/index.php?rest_route=%2Fwp%2Fv2%2Fpwb-brand&post=53536"},{"taxonomy":"product_cat","embeddable":true,"href":"https:\/\/www.autonvaraosahaku.fi\/index.php?rest_route=%2Fwp%2Fv2%2Fproduct_cat&post=53536"},{"taxonomy":"product_tag","embeddable":true,"href":"https:\/\/www.autonvaraosahaku.fi\/index.php?rest_route=%2Fwp%2Fv2%2Fproduct_tag&post=53536"}],"curies":[{"name":"wp","href":"https:\/\/api.w.org\/{rel}","templated":true}]}}