{"id":53555,"date":"2021-02-21T17:46:49","date_gmt":"2021-02-21T17:46:49","guid":{"rendered":"https:\/\/www.autonvaraosahaku.fi\/?product=era-775023a-polttoainepumppu"},"modified":"2021-02-21T17:46:53","modified_gmt":"2021-02-21T17:46:53","slug":"era-775023a-polttoainepumppu","status":"publish","type":"product","link":"https:\/\/www.autonvaraosahaku.fi\/?product=era-775023a-polttoainepumppu","title":{"rendered":"ERA 775023A Polttoainepumppu"},"content":{"rendered":"<p>Paino [kg]: 0,846; Paine (bar): 1,5; K\u00e4ytt\u00f6: S\u00e4hk\u00f6inen; Liittimi\u00e4: 4; Siirtom\u00e4\u00e4r\u00e4 (l\/h): 80; CITRO\u00cbN: SAXO S0, S1; PEUGEOT: 206 Schr\u00e4gheck 2A\/C,106 II 1; 0000152563, 0000152579, 00001525E1, 152563, 152579, 1525E1, 96260617, 9626061780, 96320628, 9632062880, 96349816, 9634981680, 0000152563, 0000152579, 00001525E1, 152563, 152579, 1525E1, 96260617, 9626061780, 96320628, 9632062880, 96349816, 9634981680; Polttoaineen Sy\u00f6tt\u00f6yksikk\u00f6<\/p>\n","protected":false},"excerpt":{"rendered":"<p>ERA Polttoainepumppu 775023A Polttoaineen Sy\u00f6tt\u00f6yksikk\u00f6 CITRO\u00cbN,PEUGEOT,SAXO S0, S1,206 Schr\u00e4gheck 2A\/C,106 II 1<\/p>\n","protected":false},"featured_media":0,"template":"","meta":{"site-sidebar-layout":"default","site-content-layout":"default","ast-global-header-display":"","ast-main-header-display":"","ast-hfb-above-header-display":"","ast-hfb-below-header-display":"","ast-hfb-mobile-header-display":"","site-post-title":"","ast-breadcrumbs-content":"","ast-featured-img":"","footer-sml-layout":"","theme-transparent-header-meta":"","adv-header-id-meta":"","stick-header-meta":"","header-above-stick-meta":"","header-main-stick-meta":"","header-below-stick-meta":""},"pwb-brand":[64],"product_cat":[73],"product_tag":[],"class_list":{"0":"post-53555","1":"product","2":"type-product","3":"status-publish","5":"pwb-brand-era","6":"product_cat-polttoainepumppu","7":"desktop-align-left","8":"tablet-align-left","9":"mobile-align-left","11":"first","12":"instock","13":"product-type-external"},"brands":[{"id":64,"name":"ERA","slug":"era"}],"_links":{"self":[{"href":"https:\/\/www.autonvaraosahaku.fi\/index.php?rest_route=\/wp\/v2\/product\/53555","targetHints":{"allow":["GET"]}}],"collection":[{"href":"https:\/\/www.autonvaraosahaku.fi\/index.php?rest_route=\/wp\/v2\/product"}],"about":[{"href":"https:\/\/www.autonvaraosahaku.fi\/index.php?rest_route=\/wp\/v2\/types\/product"}],"wp:attachment":[{"href":"https:\/\/www.autonvaraosahaku.fi\/index.php?rest_route=%2Fwp%2Fv2%2Fmedia&parent=53555"}],"wp:term":[{"taxonomy":"pwb-brand","embeddable":true,"href":"https:\/\/www.autonvaraosahaku.fi\/index.php?rest_route=%2Fwp%2Fv2%2Fpwb-brand&post=53555"},{"taxonomy":"product_cat","embeddable":true,"href":"https:\/\/www.autonvaraosahaku.fi\/index.php?rest_route=%2Fwp%2Fv2%2Fproduct_cat&post=53555"},{"taxonomy":"product_tag","embeddable":true,"href":"https:\/\/www.autonvaraosahaku.fi\/index.php?rest_route=%2Fwp%2Fv2%2Fproduct_tag&post=53555"}],"curies":[{"name":"wp","href":"https:\/\/api.w.org\/{rel}","templated":true}]}}