{"id":53558,"date":"2021-02-21T17:46:49","date_gmt":"2021-02-21T17:46:49","guid":{"rendered":"https:\/\/www.autonvaraosahaku.fi\/?product=daco-germany-552518-iskunvaimennin"},"modified":"2021-02-21T17:46:53","modified_gmt":"2021-02-21T17:46:53","slug":"daco-germany-552518-iskunvaimennin","status":"publish","type":"product","link":"https:\/\/www.autonvaraosahaku.fi\/?product=daco-germany-552518-iskunvaimennin","title":{"rendered":"DACO Germany 552518 Iskunvaimennin"},"content":{"rendered":"<p>Asennuspuoli: Taka-akseli; Iskunvaimennin tyyppi: Kaasupaine; Iskunvaimennusj\u00e4rjestelm\u00e4: Kaksiputki; Iskunvaimennin asennustapa: Tappi ylh\u00e4\u00e4ll\u00e4, Silmukka alhaalla; Valmistusvuosi alkaen: 11\/1998; FORD: FIESTA IV JA_, JB_,KA RB_,FIESTA Kasten JV_; MAZDA: 121 III JASM, JBSM; 1075697, 1075701, 1075702, 1084736, 1085442, 1085444, 1085445, 1085447, 1088080, 1088084, 1099928, 1100123, 1100359, 1102965, 1118651, 1118652, 1119596, 1E0028700E, 1E0028700F, 97KB18K076AE, 97KB18K076AG, 97KB18K076AH, 97KB18K076AJ, 97KB18K076CA, 97KB18K076CC, 97KB18K076CD, 97KB18K076CG, 97KX18K076AJ, 97KX18K076CG, 98FB18K076AA, 98FB18K076AB, 98FB18K076AC, 98FX18K076AC, 98KB18K076AA, 98KB18K076BA, 98KX18K076AA, 98KX18K076BA, XS5118A076CB, XS5118A076EB, XS5118K076CB, XS5118K076EB; Iskarit,Iskunvaimennin<\/p>\n","protected":false},"excerpt":{"rendered":"<p>DACO Germany Iskunvaimentimet 552518 Iskarit,Iskunvaimennin FORD,MAZDA,FIESTA IV JA_, JB_,KA RB_,FIESTA Kasten JV_,121 III JASM, JBSM<\/p>\n","protected":false},"featured_media":0,"template":"","meta":{"site-sidebar-layout":"default","site-content-layout":"default","ast-global-header-display":"","ast-main-header-display":"","ast-hfb-above-header-display":"","ast-hfb-below-header-display":"","ast-hfb-mobile-header-display":"","site-post-title":"","ast-breadcrumbs-content":"","ast-featured-img":"","footer-sml-layout":"","theme-transparent-header-meta":"","adv-header-id-meta":"","stick-header-meta":"","header-above-stick-meta":"","header-main-stick-meta":"","header-below-stick-meta":""},"pwb-brand":[349],"product_cat":[80],"product_tag":[],"class_list":{"0":"post-53558","1":"product","2":"type-product","3":"status-publish","5":"pwb-brand-daco-germany","6":"product_cat-iskunvaimennin","7":"desktop-align-left","8":"tablet-align-left","9":"mobile-align-left","11":"first","12":"instock","13":"product-type-external"},"brands":[{"id":349,"name":"DACO Germany","slug":"daco-germany"}],"_links":{"self":[{"href":"https:\/\/www.autonvaraosahaku.fi\/index.php?rest_route=\/wp\/v2\/product\/53558","targetHints":{"allow":["GET"]}}],"collection":[{"href":"https:\/\/www.autonvaraosahaku.fi\/index.php?rest_route=\/wp\/v2\/product"}],"about":[{"href":"https:\/\/www.autonvaraosahaku.fi\/index.php?rest_route=\/wp\/v2\/types\/product"}],"wp:attachment":[{"href":"https:\/\/www.autonvaraosahaku.fi\/index.php?rest_route=%2Fwp%2Fv2%2Fmedia&parent=53558"}],"wp:term":[{"taxonomy":"pwb-brand","embeddable":true,"href":"https:\/\/www.autonvaraosahaku.fi\/index.php?rest_route=%2Fwp%2Fv2%2Fpwb-brand&post=53558"},{"taxonomy":"product_cat","embeddable":true,"href":"https:\/\/www.autonvaraosahaku.fi\/index.php?rest_route=%2Fwp%2Fv2%2Fproduct_cat&post=53558"},{"taxonomy":"product_tag","embeddable":true,"href":"https:\/\/www.autonvaraosahaku.fi\/index.php?rest_route=%2Fwp%2Fv2%2Fproduct_tag&post=53558"}],"curies":[{"name":"wp","href":"https:\/\/api.w.org\/{rel}","templated":true}]}}