{"id":53567,"date":"2021-02-21T17:46:55","date_gmt":"2021-02-21T17:46:55","guid":{"rendered":"https:\/\/www.autonvaraosahaku.fi\/?product=skf-vkjp-3155-vetonivelen-suojakumi"},"modified":"2021-02-21T17:46:57","modified_gmt":"2021-02-21T17:46:57","slug":"skf-vkjp-3155-vetonivelen-suojakumi","status":"publish","type":"product","link":"https:\/\/www.autonvaraosahaku.fi\/?product=skf-vkjp-3155-vetonivelen-suojakumi","title":{"rendered":"SKF VKJP 3155 Vetonivelen suojakumi"},"content":{"rendered":"<p>Korkeus (mm): 122; Materiaali: Thermoplast; Sis\u00e4l\u00e4pimitta 1 [mm]: 28; Sis\u00e4l\u00e4pimitta 2 [mm]: 96; Asennuspuoli: radseitig; VOLVO: XC90 I; MERCEDES-BENZ: M-CLASS W164,R-CLASS W251, V251,GL-CLASS X164; LANCIA: THESIS 841AX; FIAT: SCUDO 270_,SCUDO Kasten 270_,SCUDO Pritsche\/Fahrgestell 270_; CITRO\u00cbN: JUMPY,JUMPY Kasten; PEUGEOT: EXPERT Tepee VF3V_,EXPERT Kasten VF3A_, VF3U_, VF3X_,EXPERT Pritsche\/Fahrgestell; A1643300685, 1603526, 93190862, 30735951, 30759531, 30788265<\/p>\n","protected":false},"excerpt":{"rendered":"<p>SKF Paljekumisarja, Vetoakseli VKJP 3155  VOLVO,MERCEDES-BENZ,LANCIA,XC90 I,M-CLASS W164,R-CLASS W251, V251,GL-CLASS X164,THESIS 841AX,SCUDO 270_<\/p>\n","protected":false},"featured_media":0,"template":"","meta":{"site-sidebar-layout":"default","site-content-layout":"default","ast-global-header-display":"","ast-main-header-display":"","ast-hfb-above-header-display":"","ast-hfb-below-header-display":"","ast-hfb-mobile-header-display":"","site-post-title":"","ast-breadcrumbs-content":"","ast-featured-img":"","footer-sml-layout":"","theme-transparent-header-meta":"","adv-header-id-meta":"","stick-header-meta":"","header-above-stick-meta":"","header-main-stick-meta":"","header-below-stick-meta":""},"pwb-brand":[237],"product_cat":[42],"product_tag":[],"class_list":{"0":"post-53567","1":"product","2":"type-product","3":"status-publish","5":"pwb-brand-skf","6":"product_cat-vetonivelen-suojakumi","7":"desktop-align-left","8":"tablet-align-left","9":"mobile-align-left","11":"first","12":"instock","13":"product-type-external"},"brands":[{"id":237,"name":"SKF","slug":"skf"}],"_links":{"self":[{"href":"https:\/\/www.autonvaraosahaku.fi\/index.php?rest_route=\/wp\/v2\/product\/53567","targetHints":{"allow":["GET"]}}],"collection":[{"href":"https:\/\/www.autonvaraosahaku.fi\/index.php?rest_route=\/wp\/v2\/product"}],"about":[{"href":"https:\/\/www.autonvaraosahaku.fi\/index.php?rest_route=\/wp\/v2\/types\/product"}],"wp:attachment":[{"href":"https:\/\/www.autonvaraosahaku.fi\/index.php?rest_route=%2Fwp%2Fv2%2Fmedia&parent=53567"}],"wp:term":[{"taxonomy":"pwb-brand","embeddable":true,"href":"https:\/\/www.autonvaraosahaku.fi\/index.php?rest_route=%2Fwp%2Fv2%2Fpwb-brand&post=53567"},{"taxonomy":"product_cat","embeddable":true,"href":"https:\/\/www.autonvaraosahaku.fi\/index.php?rest_route=%2Fwp%2Fv2%2Fproduct_cat&post=53567"},{"taxonomy":"product_tag","embeddable":true,"href":"https:\/\/www.autonvaraosahaku.fi\/index.php?rest_route=%2Fwp%2Fv2%2Fproduct_tag&post=53567"}],"curies":[{"name":"wp","href":"https:\/\/api.w.org\/{rel}","templated":true}]}}