{"id":53573,"date":"2021-02-21T17:46:55","date_gmt":"2021-02-21T17:46:55","guid":{"rendered":"https:\/\/www.autonvaraosahaku.fi\/?product=quick-brake-9826k-muut-luokat"},"modified":"2021-02-21T17:46:58","modified_gmt":"2021-02-21T17:46:58","slug":"quick-brake-9826k-muut-luokat","status":"publish","type":"product","link":"https:\/\/www.autonvaraosahaku.fi\/?product=quick-brake-9826k-muut-luokat","title":{"rendered":"QUICK BRAKE 9826K Muut luokat"},"content":{"rendered":"<p>L\u00e4pimitta [mm]: 64; M\u00e4\u00e4r\u00e4yksikk\u00f6: Sarja; M\u00e4\u00e4r\u00e4: 2; Asennuspuoli: Hinterachse; CITRO\u00cbN: BERLINGO MF,XSARA PICASSO N68,C2 JM_,C3 I FC_,C5 III Break TD_,SAXO S0, S1,BERLINGO Kasten M_,C5 II Break RE_,C5 I DC_,C5 I Break DE_,C5 III RD_,C3 II,XSARA N1,C5 II RC_,XSARA Break N2,BERLINGO Kasten B9,C6 TD_,XANTIA X2,DS4,XSARA Coupe N0,XANTIA X1,XANTIA Break X2,DS3 Cabriolet,XANTIA Break X1,C2 ENTERPRISE,XSARA Kasten,SAXO Hatchback van S3_,XSARA Kasten\/Schr\u00e4gheck; PEUGEOT: 206 Schr\u00e4gheck 2A\/C,206 CC 2D,407 SW 6E_,206 SW 2E\/K,106 II 1,308 4A_, 4C_,508 SW,306 Schr\u00e4gheck 7A, 7C, N3, N5,607 9D, 9U,306 Cabriolet 7D, N3, N5,407 6D_,406 Break 8E\/F,RCZ,1007 KM_,PARTNER Combispace 5F,PARTNER Kasten 5,406 Coupe 8C,306 Break 7E, N3, N5,406 8B,508,407 Coupe 6C_,306 7B, N3, N5,206 Stufenheck,106 Van 1_,306 Van N_, 7_,PARTNER Pritsche\/Fahrgestell,306 Kasten\/Schr\u00e4gheck; 374045, 374045<\/p>\n","protected":false},"excerpt":{"rendered":"<p>QUICK BRAKE Kupu, Py\u00f6r\u00e4nlaakeri 9826K  CITRO\u00cbN,PEUGEOT,BERLINGO MF,XSARA PICASSO N68,C2 JM_,C3 I FC_,C5 III Break TD_,SAXO S0, S1,BERLINGO Kasten M_<\/p>\n","protected":false},"featured_media":0,"template":"","meta":{"site-sidebar-layout":"default","site-content-layout":"default","ast-global-header-display":"","ast-main-header-display":"","ast-hfb-above-header-display":"","ast-hfb-below-header-display":"","ast-hfb-mobile-header-display":"","site-post-title":"","ast-breadcrumbs-content":"","ast-featured-img":"","footer-sml-layout":"","theme-transparent-header-meta":"","adv-header-id-meta":"","stick-header-meta":"","header-above-stick-meta":"","header-main-stick-meta":"","header-below-stick-meta":""},"pwb-brand":[376],"product_cat":[37],"product_tag":[],"class_list":{"0":"post-53573","1":"product","2":"type-product","3":"status-publish","5":"pwb-brand-quick-brake","6":"product_cat-muut-luokat","7":"desktop-align-left","8":"tablet-align-left","9":"mobile-align-left","11":"first","12":"instock","13":"product-type-external"},"brands":[{"id":376,"name":"QUICK BRAKE","slug":"quick-brake"}],"_links":{"self":[{"href":"https:\/\/www.autonvaraosahaku.fi\/index.php?rest_route=\/wp\/v2\/product\/53573","targetHints":{"allow":["GET"]}}],"collection":[{"href":"https:\/\/www.autonvaraosahaku.fi\/index.php?rest_route=\/wp\/v2\/product"}],"about":[{"href":"https:\/\/www.autonvaraosahaku.fi\/index.php?rest_route=\/wp\/v2\/types\/product"}],"wp:attachment":[{"href":"https:\/\/www.autonvaraosahaku.fi\/index.php?rest_route=%2Fwp%2Fv2%2Fmedia&parent=53573"}],"wp:term":[{"taxonomy":"pwb-brand","embeddable":true,"href":"https:\/\/www.autonvaraosahaku.fi\/index.php?rest_route=%2Fwp%2Fv2%2Fpwb-brand&post=53573"},{"taxonomy":"product_cat","embeddable":true,"href":"https:\/\/www.autonvaraosahaku.fi\/index.php?rest_route=%2Fwp%2Fv2%2Fproduct_cat&post=53573"},{"taxonomy":"product_tag","embeddable":true,"href":"https:\/\/www.autonvaraosahaku.fi\/index.php?rest_route=%2Fwp%2Fv2%2Fproduct_tag&post=53573"}],"curies":[{"name":"wp","href":"https:\/\/api.w.org\/{rel}","templated":true}]}}