{"id":53609,"date":"2021-02-21T17:47:07","date_gmt":"2021-02-21T17:47:07","guid":{"rendered":"https:\/\/www.autonvaraosahaku.fi\/?product=mannol-mn7707-10-moottorioljy"},"modified":"2021-02-21T17:47:09","modified_gmt":"2021-02-21T17:47:09","slug":"mannol-mn7707-10-moottorioljy","status":"publish","type":"product","link":"https:\/\/www.autonvaraosahaku.fi\/?product=mannol-mn7707-10-moottorioljy","title":{"rendered":"MANNOL MN7707-10 Moottori\u00f6ljy"},"content":{"rendered":"<p>Viskositeettiluokka SAE: 5W-30; Erittely: API SN, ACEA A5, ACEA B5, ILSAC GF-4; Valmistajan hyv\u00e4ksym\u00e4: Ford WSS-M2C913-C, GM LL-A-025, GM LL-B-025; Tilavuus (litra): 10; \u00d6ljy: Synteettinen \u00f6ljy; API-m\u00e4\u00e4rittely: ilman sis\u00e4\u00e4nrakennettua \u00f6ljyl\u00e4mp\u00f6tilan sensoria; ACEA-m\u00e4\u00e4rittely: A5\/B5; MAZDA: CX-5 KE, GH,3 BM,3 Stufenheck BM; CHEVROLET: AVEO Schr\u00e4gheck T300,AVEO Stufenheck T300; IVECO: DAILY IV Kasten\/Kombi,DAILY IV Pritsche\/Fahrgestell,MASSIF Station Wagon,DAILY IV Bus,DAILY IV Kipper,MASSIF Single Cab,MASSIF Pick-up,DAILY VI Kasten\/Kombi,DAILY VI Pritsche\/Fahrgestell,DAILY VI Bus,DAILY CITYS; NISSAN: JUKE F15,MICRA IV K13,NV200 EVALIA,NOTE E12,NV200 Kasten,370 Z Z34,CUBE Z12,PULSAR Schr\u00e4gheck C13; KIA: SPORTAGE SL,CEE&#8217;D SW ED,CEE&#8217;D Schr\u00e4gheck ED,SORENTO II XM,RIO III UB,CEE&#8217;D JD,CEE`D Sportswagon JD,PRO CEE&#8217;D ED,CARENS IV,SOUL AM,PRO CEE\u00b4D JD,RIO III Stufenheck UB,SPORTAGE QL,SORENTO III,SOUL II PS,NIRO,OPTIMA Sportswagon,RIO IV YB,OPTIMA,PICANTO JA,STONIC YB; LEXUS: IS II GSE2_, ALE2_, USE2_,RX GYL1_, GGL15, AGL10,CT ZWA1_,IS III GSE3_, AVE3_,LS UVF4_, USF4_,GS GRL1_, GWL1_,IS C GSE2_,NX ZGZ1_, AGZ1_, AYZ1_,RC GSC1_, USC1_; HONDA: CIVIC VIII Hatchback FN, FK,JAZZ II GD,JAZZ III GE,CR-V II RD_,ACCORD VIII CU,ACCORD VIII Kombi,INSIGHT ZE_,CR-Z ZF1,LEGEND IV KB_,JAZZ IV GK; LAND ROVER: FREELANDER 2 FA_,DEFENDER Station Wagon LD,RANGE ROVER EVOQUE LV,DISCOVERY IV LA,DEFENDER Pick-up LD_,DEFENDER Cabrio LD,RANGE ROVER SPORT LW,RANGE ROVER IV LG,DEFENDER Pritsche\/Fahrgestell LD,DISCOVERY SPORT LC,RANGE ROVER EVOQUE Cabriolet LV_; HYUNDAI: i40 CW VF,i30 GD,i30 CW GD,SANTA F\u00c9 III DM,i30 Coupe,GENESIS Coupe,VELOSTER FS,i40 VF,GRAND SANTA F\u00c9,TUCSON,i10 IA,i20 GB,IONIQ AE,i20 ACTIVE GB,i20 Coupe,i10 Stufenheck,GENESIS DH; VOLVO: V70 II SW,V50 MW,XC60,XC90 I,S60 I,V70 III BW,C30,S80 I TS, XY,V60,S40 II MS,XC70 CROSS COUNTRY,C70 II Cabriolet,V40 Schr\u00e4gheck,XC70 II,S80 II AS,S60 II<\/p>\n","protected":false},"excerpt":{"rendered":"<p>MANNOL Moottori\u00f6ljy MN7707-10<\/p>\n","protected":false},"featured_media":0,"template":"","meta":{"site-sidebar-layout":"default","site-content-layout":"default","ast-global-header-display":"","ast-main-header-display":"","ast-hfb-above-header-display":"","ast-hfb-below-header-display":"","ast-hfb-mobile-header-display":"","site-post-title":"","ast-breadcrumbs-content":"","ast-featured-img":"","footer-sml-layout":"","theme-transparent-header-meta":"","adv-header-id-meta":"","stick-header-meta":"","header-above-stick-meta":"","header-main-stick-meta":"","header-below-stick-meta":""},"pwb-brand":[167],"product_cat":[129],"product_tag":[],"class_list":{"0":"post-53609","1":"product","2":"type-product","3":"status-publish","5":"pwb-brand-mannol","6":"product_cat-moottorioljy","7":"desktop-align-left","8":"tablet-align-left","9":"mobile-align-left","11":"first","12":"instock","13":"product-type-external"},"brands":[{"id":167,"name":"MANNOL","slug":"mannol"}],"_links":{"self":[{"href":"https:\/\/www.autonvaraosahaku.fi\/index.php?rest_route=\/wp\/v2\/product\/53609","targetHints":{"allow":["GET"]}}],"collection":[{"href":"https:\/\/www.autonvaraosahaku.fi\/index.php?rest_route=\/wp\/v2\/product"}],"about":[{"href":"https:\/\/www.autonvaraosahaku.fi\/index.php?rest_route=\/wp\/v2\/types\/product"}],"wp:attachment":[{"href":"https:\/\/www.autonvaraosahaku.fi\/index.php?rest_route=%2Fwp%2Fv2%2Fmedia&parent=53609"}],"wp:term":[{"taxonomy":"pwb-brand","embeddable":true,"href":"https:\/\/www.autonvaraosahaku.fi\/index.php?rest_route=%2Fwp%2Fv2%2Fpwb-brand&post=53609"},{"taxonomy":"product_cat","embeddable":true,"href":"https:\/\/www.autonvaraosahaku.fi\/index.php?rest_route=%2Fwp%2Fv2%2Fproduct_cat&post=53609"},{"taxonomy":"product_tag","embeddable":true,"href":"https:\/\/www.autonvaraosahaku.fi\/index.php?rest_route=%2Fwp%2Fv2%2Fproduct_tag&post=53609"}],"curies":[{"name":"wp","href":"https:\/\/api.w.org\/{rel}","templated":true}]}}