{"id":53652,"date":"2021-02-21T17:47:19","date_gmt":"2021-02-21T17:47:19","guid":{"rendered":"https:\/\/www.autonvaraosahaku.fi\/?product=mannol-mn7701-20-moottorioljy"},"modified":"2021-02-21T17:47:21","modified_gmt":"2021-02-21T17:47:21","slug":"mannol-mn7701-20-moottorioljy","status":"publish","type":"product","link":"https:\/\/www.autonvaraosahaku.fi\/?product=mannol-mn7701-20-moottorioljy","title":{"rendered":"MANNOL MN7701-20 Moottori\u00f6ljy"},"content":{"rendered":"<p>Viskositeettiluokka SAE: 5W-30; Tilavuus (litra): 20; \u00d6ljy: Synteettinen \u00f6ljy; Erittely: ACEA C2, API SN, ACEA C3, API SM, API CF; Valmistajan hyv\u00e4ksym\u00e4: dexos2; API-m\u00e4\u00e4rittely: CF, SM, ilman sis\u00e4\u00e4nrakennettua \u00f6ljyl\u00e4mp\u00f6tilan sensoria; ACEA-m\u00e4\u00e4rittely: C2, C3; MAZDA: CX-5 KE, GH,3 BL,5 CW,3 BM,6 Kombi GJ, GH,6 Stufenheck GJ, GH,3 Stufenheck BL,3 Stufenheck BM,CX-9 TB,2 DL, DJ,CX-3 DK; CHEVROLET: CAPTIVA C100, C140,MATIZ M200, M250,ORLANDO J309,SPARK M300,NUBIRA Kombi,CRUZE J300,CRUZE Station Wagon J308,AVEO Schr\u00e4gheck T300,EPICA KL1_,CRUZE Schr\u00e4gheck J305,LACETTI J200,TRAX,AVEO Stufenheck T300,MALIBU V300,NUBIRA Stufenheck,VOLT; JEEP: GRAND CHEROKEE III WH, WK,COMPASS MK49,GRAND CHEROKEE IV WK, WK2,COMMANDER XK,PATRIOT MK74,CHEROKEE KK; LADA: NIVA 2121; IVECO: DAILY IV Kasten\/Kombi,DAILY IV Pritsche\/Fahrgestell,DAILY V Kasten\/Kombi,DAILY V Pritsche\/Fahrgestell,DAILY IV Bus,DAILY IV Kipper,DAILY V Kipper,DAILY VI Kasten\/Kombi,DAILY VI Pritsche\/Fahrgestell,DAILY VI Bus,DAILY TOURYS Bus,DAILY CITYS; NISSAN: X-TRAIL T30,NOTE E11,NAVARA D40,JUKE F15,PATHFINDER R51,X-TRAIL T31,MICRA IV K13,PIXO UA0,NAVARA Pritsche\/Fahrgestell D40,TIIDA Schr\u00e4gheck,PRIMASTAR Bus X83,PRIMASTAR Kasten X83,INTERSTAR Kasten X70,TIIDA Stufenheck SC11X,KUBISTAR X76,KUBISTAR Kasten X80,INTERSTAR Bus X70,INTERSTAR Pritsche\/Fahrgestell; KIA: PICANTO BA,SPORTAGE SL,CEE&#8217;D SW ED,CEE&#8217;D Schr\u00e4gheck ED,SPORTAGE JE_, KM_,VENGA YN,SORENTO II XM,RIO III UB,RIO II JB,CEE&#8217;D JD,CARENS III UN,CARNIVAL \/ GRAND CARNIVAL III VQ,PICANTO TA,CEE`D Sportswagon JD,PRO CEE&#8217;D ED,CARENS IV,SOUL AM,MAGENTIS MG,PRO CEE\u00b4D JD,RIO II Stufenheck JB,OPTIMA,SPORTAGE QL,CERATO II Stufenheck TD,SORENTO III,SOUL II PS,OPTIMA Sportswagon,STINGER CK,RIO IV YB,PICANTO JA,STONIC YB; LEXUS: IS II GSE2_, ALE2_, USE2_,RX MHU3_, GSU3_, MCU3_,GS GRS19_, UZS19_, GWS19_,RX GYL1_, GGL15, AGL10,CT ZWA1_,IS III GSE3_, AVE3_,LS UVF4_, USF4_,GS GRL1_, GWL1_,IS C GSE2_,NX ZGZ1_, AGZ1_, AYZ1_,RC GSC1_, USC1_; HONDA: CIVIC VIII Hatchback FN, FK,CR-V III RE,CR-V II RD_,CR-V IV RE,ACCORD VIII CU,CIVIC IX FK,ACCORD VIII Kombi,CIVIC IX Tourer FK,HR-V RU; LAND ROVER: RANGE ROVER SPORT LW<\/p>\n","protected":false},"excerpt":{"rendered":"<p>MANNOL Moottori\u00f6ljy MN7701-20<\/p>\n","protected":false},"featured_media":0,"template":"","meta":{"site-sidebar-layout":"default","site-content-layout":"default","ast-global-header-display":"","ast-main-header-display":"","ast-hfb-above-header-display":"","ast-hfb-below-header-display":"","ast-hfb-mobile-header-display":"","site-post-title":"","ast-breadcrumbs-content":"","ast-featured-img":"","footer-sml-layout":"","theme-transparent-header-meta":"","adv-header-id-meta":"","stick-header-meta":"","header-above-stick-meta":"","header-main-stick-meta":"","header-below-stick-meta":""},"pwb-brand":[167],"product_cat":[129],"product_tag":[],"class_list":{"0":"post-53652","1":"product","2":"type-product","3":"status-publish","5":"pwb-brand-mannol","6":"product_cat-moottorioljy","7":"desktop-align-left","8":"tablet-align-left","9":"mobile-align-left","11":"first","12":"instock","13":"product-type-external"},"brands":[{"id":167,"name":"MANNOL","slug":"mannol"}],"_links":{"self":[{"href":"https:\/\/www.autonvaraosahaku.fi\/index.php?rest_route=\/wp\/v2\/product\/53652","targetHints":{"allow":["GET"]}}],"collection":[{"href":"https:\/\/www.autonvaraosahaku.fi\/index.php?rest_route=\/wp\/v2\/product"}],"about":[{"href":"https:\/\/www.autonvaraosahaku.fi\/index.php?rest_route=\/wp\/v2\/types\/product"}],"wp:attachment":[{"href":"https:\/\/www.autonvaraosahaku.fi\/index.php?rest_route=%2Fwp%2Fv2%2Fmedia&parent=53652"}],"wp:term":[{"taxonomy":"pwb-brand","embeddable":true,"href":"https:\/\/www.autonvaraosahaku.fi\/index.php?rest_route=%2Fwp%2Fv2%2Fpwb-brand&post=53652"},{"taxonomy":"product_cat","embeddable":true,"href":"https:\/\/www.autonvaraosahaku.fi\/index.php?rest_route=%2Fwp%2Fv2%2Fproduct_cat&post=53652"},{"taxonomy":"product_tag","embeddable":true,"href":"https:\/\/www.autonvaraosahaku.fi\/index.php?rest_route=%2Fwp%2Fv2%2Fproduct_tag&post=53652"}],"curies":[{"name":"wp","href":"https:\/\/api.w.org\/{rel}","templated":true}]}}