{"id":53659,"date":"2021-02-21T17:47:19","date_gmt":"2021-02-21T17:47:19","guid":{"rendered":"https:\/\/www.autonvaraosahaku.fi\/?product=metzger-0905474-lampotila-anturi"},"modified":"2021-02-21T17:47:23","modified_gmt":"2021-02-21T17:47:23","slug":"metzger-0905474-lampotila-anturi","status":"publish","type":"product","link":"https:\/\/www.autonvaraosahaku.fi\/?product=metzger-0905474-lampotila-anturi","title":{"rendered":"METZGER 0905474 L\u00e4mp\u00f6tila-anturi"},"content":{"rendered":"<p>Asennuspuoli: Ulompi; Korvaava tuote\/korvaava tiedote 2: Kaapelilla; Napojen m\u00e4\u00e4r\u00e4: 2; Varusteet: f\u00fcr Fahrzeuge mit Klimaautomatik; VW: PASSAT Variant 3B5,PASSAT 3B2; AUDI: A4 8D2, B5,A4 Avant 8D5, B5,80 89, 89Q, 8A, B3,CABRIOLET 8G7, B4,100 4A, C4,A8 4D2, 4D8,80 Avant 8C, B4,100 44, 44Q, C3,A6 Avant 4A, C4,A6 4A, C4,COUPE 89, 8B,100 Avant 4A, C4,100 Avant 44, 44Q, C3,200 44, 44Q,200 Avant 44, 44Q<\/p>\n","protected":false},"excerpt":{"rendered":"<p>METZGER Tunnistin Ulkoilmal\u00e4mp\u00f6tila 0905474  VW,AUDI,PASSAT Variant 3B5,PASSAT 3B2,A4 8D2, B5,A4 Avant 8D5, B5,80 89, 89Q, 8A, B3,CABRIOLET 8G7, B4<\/p>\n","protected":false},"featured_media":0,"template":"","meta":{"site-sidebar-layout":"default","site-content-layout":"default","ast-global-header-display":"","ast-main-header-display":"","ast-hfb-above-header-display":"","ast-hfb-below-header-display":"","ast-hfb-mobile-header-display":"","site-post-title":"","ast-breadcrumbs-content":"","ast-featured-img":"","footer-sml-layout":"","theme-transparent-header-meta":"","adv-header-id-meta":"","stick-header-meta":"","header-above-stick-meta":"","header-main-stick-meta":"","header-below-stick-meta":""},"pwb-brand":[69],"product_cat":[47],"product_tag":[],"class_list":{"0":"post-53659","1":"product","2":"type-product","3":"status-publish","5":"pwb-brand-metzger","6":"product_cat-lampotila-anturi","7":"desktop-align-left","8":"tablet-align-left","9":"mobile-align-left","11":"first","12":"instock","13":"product-type-external"},"brands":[{"id":69,"name":"METZGER","slug":"metzger"}],"_links":{"self":[{"href":"https:\/\/www.autonvaraosahaku.fi\/index.php?rest_route=\/wp\/v2\/product\/53659","targetHints":{"allow":["GET"]}}],"collection":[{"href":"https:\/\/www.autonvaraosahaku.fi\/index.php?rest_route=\/wp\/v2\/product"}],"about":[{"href":"https:\/\/www.autonvaraosahaku.fi\/index.php?rest_route=\/wp\/v2\/types\/product"}],"wp:attachment":[{"href":"https:\/\/www.autonvaraosahaku.fi\/index.php?rest_route=%2Fwp%2Fv2%2Fmedia&parent=53659"}],"wp:term":[{"taxonomy":"pwb-brand","embeddable":true,"href":"https:\/\/www.autonvaraosahaku.fi\/index.php?rest_route=%2Fwp%2Fv2%2Fpwb-brand&post=53659"},{"taxonomy":"product_cat","embeddable":true,"href":"https:\/\/www.autonvaraosahaku.fi\/index.php?rest_route=%2Fwp%2Fv2%2Fproduct_cat&post=53659"},{"taxonomy":"product_tag","embeddable":true,"href":"https:\/\/www.autonvaraosahaku.fi\/index.php?rest_route=%2Fwp%2Fv2%2Fproduct_tag&post=53659"}],"curies":[{"name":"wp","href":"https:\/\/api.w.org\/{rel}","templated":true}]}}