{"id":53674,"date":"2021-02-21T17:47:25","date_gmt":"2021-02-21T17:47:25","guid":{"rendered":"https:\/\/www.autonvaraosahaku.fi\/?product=mannol-mn7506-20-moottorioljy"},"modified":"2021-02-21T17:47:28","modified_gmt":"2021-02-21T17:47:28","slug":"mannol-mn7506-20-moottorioljy","status":"publish","type":"product","link":"https:\/\/www.autonvaraosahaku.fi\/?product=mannol-mn7506-20-moottorioljy","title":{"rendered":"MANNOL MN7506-20 Moottori\u00f6ljy"},"content":{"rendered":"<p>Viskositeettiluokka SAE: 10W-40; Erittely: API SL, ACEA A2, API CG-4, ACEA B3, ACEA E2; Tilavuus (litra): 20; Tuotelinja: MOLIBDEN DIESEL; \u00d6ljy: Osasynteettinen \u00f6ljy; API-m\u00e4\u00e4rittely: CG-4, SL; ACEA-m\u00e4\u00e4rittely: A2, B3, E2; VW: GOLF I Cabriolet 155; MAZDA: 3 BK,CX-5 KE, GH,MX-5 II NB,6 Kombi GH,2 DE,323 F VI BJ,6 Hatchback GG,6 GG,5 CW,3 BM,MX-5 III NC,6 Schr\u00e4gheck GH,626 V Hatchback GF,3 Stufenheck BK,6 GH,MPV II LW,626 V GF,626 V Station Wagon GW,3 Stufenheck BM,B-SERIE UN,CX-9 TB; SKODA: FELICIA I 6U1,FELICIA II 6U1,FELICIA I Kombi 6U5,FELICIA II Kombi 6U5; CHEVROLET: MATIZ M200, M250,NUBIRA Kombi,KALOS,AVEO Schr\u00e4gheck T250, T255,EPICA KL1_,LACETTI J200,AVEO Stufenheck T250, T255,REZZO,KALOS Stufenheck,EVANDA,NUBIRA Stufenheck,SPARK M200 M250; JEEP: GRAND CHEROKEE II WJ, WG,WRANGLER III JK,CHEROKEE KJ,CHEROKEE XJ,COMMANDER XK,WRANGLER II TJ; DAEWOO: KALOS KLAS,MATIZ KLYA,REZZO KLAU,LANOS KLAT,EVANDA KLAL,NUBIRA Stufenheck KLAN,LANOS Stufenheck KLAT,NEXIA KLETN,NEXIA Stufenheck KLETN; IVECO: DAILY II Pritsche\/Fahrgestell,DAILY II Kasten\/Kombi,DAILY II Kipper; NISSAN: X-TRAIL T30,MICRA II K11,NOTE E11,ALMERA TINO V10,ALMERA II Hatchback N16,JUKE F15,PRIMERA P11,MICRA IV K13,PIXO UA0,TERRANO II R20,PRIMERA Traveller WP11,PRIMERA Hatchback P11,PATROL GR II Wagon Y61,ALMERA I Hatchback N15,PICK UP D22,PATHFINDER R50,ALMERA Mk II N16,ALMERA I N15,100 NX B13,PRIMERA P10,MAXIMA QX A33,GT-R R35,KUBISTAR X76,SUNNY III N14,PRIMERA Hatchback P10,PRIMERA Traveller W10,KUBISTAR Kasten X80,SUNNY III Traveller Y10; KIA: SORENTO I JC,PICANTO BA,SPORTAGE SL,CEE&#8217;D SW ED,CEE&#8217;D Schr\u00e4gheck ED,SPORTAGE JE_, KM_,CARENS II FJ,RIO II JB,CEE&#8217;D JD,CARENS III UN,CARNIVAL II GQ,CARNIVAL \/ GRAND CARNIVAL III VQ,CEE`D Sportswagon JD,PRO CEE&#8217;D ED,SOUL AM,CERATO LD,MAGENTIS MG,PRO CEE\u00b4D JD,OPIRUS GH,SPORTAGE K00,CERATO Stufenheck LD,RIO II Stufenheck JB,RIO Stufenheck DC_,K2700 SD,CERATO II Stufenheck TD; LEXUS: IS II GSE2_, ALE2_, USE2_,RX MHU3_, GSU3_, MCU3_,IS I JCE1_, GXE1_,GS GRS19_, UZS19_, GWS19_,RX GYL1_, GGL15, AGL10,CT ZWA1_,IS SportCross,IS III GSE3_, AVE3_,LS UVF4_, USF4_,GS GRL1_, GWL1_,SC UZZ40_,IS C GSE2_,NX ZGZ1_, AGZ1_, AYZ1_,RX _L2_,RC GSC1_, USC1_<\/p>\n","protected":false},"excerpt":{"rendered":"<p>MANNOL Moottori\u00f6ljy MN7506-20<\/p>\n","protected":false},"featured_media":0,"template":"","meta":{"site-sidebar-layout":"default","site-content-layout":"default","ast-global-header-display":"","ast-main-header-display":"","ast-hfb-above-header-display":"","ast-hfb-below-header-display":"","ast-hfb-mobile-header-display":"","site-post-title":"","ast-breadcrumbs-content":"","ast-featured-img":"","footer-sml-layout":"","theme-transparent-header-meta":"","adv-header-id-meta":"","stick-header-meta":"","header-above-stick-meta":"","header-main-stick-meta":"","header-below-stick-meta":""},"pwb-brand":[167],"product_cat":[129],"product_tag":[],"class_list":{"0":"post-53674","1":"product","2":"type-product","3":"status-publish","5":"pwb-brand-mannol","6":"product_cat-moottorioljy","7":"desktop-align-left","8":"tablet-align-left","9":"mobile-align-left","11":"first","12":"instock","13":"product-type-external"},"brands":[{"id":167,"name":"MANNOL","slug":"mannol"}],"_links":{"self":[{"href":"https:\/\/www.autonvaraosahaku.fi\/index.php?rest_route=\/wp\/v2\/product\/53674","targetHints":{"allow":["GET"]}}],"collection":[{"href":"https:\/\/www.autonvaraosahaku.fi\/index.php?rest_route=\/wp\/v2\/product"}],"about":[{"href":"https:\/\/www.autonvaraosahaku.fi\/index.php?rest_route=\/wp\/v2\/types\/product"}],"wp:attachment":[{"href":"https:\/\/www.autonvaraosahaku.fi\/index.php?rest_route=%2Fwp%2Fv2%2Fmedia&parent=53674"}],"wp:term":[{"taxonomy":"pwb-brand","embeddable":true,"href":"https:\/\/www.autonvaraosahaku.fi\/index.php?rest_route=%2Fwp%2Fv2%2Fpwb-brand&post=53674"},{"taxonomy":"product_cat","embeddable":true,"href":"https:\/\/www.autonvaraosahaku.fi\/index.php?rest_route=%2Fwp%2Fv2%2Fproduct_cat&post=53674"},{"taxonomy":"product_tag","embeddable":true,"href":"https:\/\/www.autonvaraosahaku.fi\/index.php?rest_route=%2Fwp%2Fv2%2Fproduct_tag&post=53674"}],"curies":[{"name":"wp","href":"https:\/\/api.w.org\/{rel}","templated":true}]}}