{"id":53675,"date":"2021-02-21T17:47:25","date_gmt":"2021-02-21T17:47:25","guid":{"rendered":"https:\/\/www.autonvaraosahaku.fi\/?product=mannol-mn7902-20-moottorioljy"},"modified":"2021-02-21T17:47:28","modified_gmt":"2021-02-21T17:47:28","slug":"mannol-mn7902-20-moottorioljy","status":"publish","type":"product","link":"https:\/\/www.autonvaraosahaku.fi\/?product=mannol-mn7902-20-moottorioljy","title":{"rendered":"MANNOL MN7902-20 Moottori\u00f6ljy"},"content":{"rendered":"<p>Viskositeettiluokka SAE: 10W-60; Erittely: API SM, ACEA B3, API CF, ACEA B4, API SN, ACEA A3; Tilavuus (litra): 20; \u00d6ljy: Synteettinen \u00f6ljy; Tuotelinja: RACING+ESTER; API-m\u00e4\u00e4rittely: CF, SM, ilman sis\u00e4\u00e4nrakennettua \u00f6ljyl\u00e4mp\u00f6tilan sensoria; ACEA-m\u00e4\u00e4rittely: Aktivointi peruutusvaihteella, Aktivointi katkaisijasta; MAZDA: CX-5 KE, GH,3 BL,5 CW,3 BM,3 Stufenheck BL,3 Stufenheck BM,CX-9 TB; CHEVROLET: MATIZ M200, M250; LADA: NIVA 2121; NISSAN: JUKE F15,MICRA IV K13,PIXO UA0; KIA: PICANTO BA,SPORTAGE SL,CEE&#8217;D SW ED,CEE&#8217;D Schr\u00e4gheck ED,SORENTO II XM,RIO III UB,CEE&#8217;D JD,CARENS III UN,PICANTO TA,CEE`D Sportswagon JD,PRO CEE&#8217;D ED,SOUL AM,PRO CEE\u00b4D JD,OPTIMA,CERATO II Stufenheck TD,OPTIMA Sportswagon; LEXUS: IS II GSE2_, ALE2_, USE2_,RX MHU3_, GSU3_, MCU3_,GS GRS19_, UZS19_, GWS19_,RX GYL1_, GGL15, AGL10,CT ZWA1_,IS III GSE3_, AVE3_,LS UVF4_, USF4_,GS GRL1_, GWL1_,IS C GSE2_,NX ZGZ1_, AGZ1_, AYZ1_,RC GSC1_, USC1_; LAND ROVER: RANGE ROVER SPORT LW; HYUNDAI: ix35 LM, EL, ELH,i30 FD,i10 PA,i20 PB, PBT,TUCSON JM,i30 CW FD,i40 CW VF,SANTA F\u00c9 II CM,ix20 JC,COUPE GK,TRAJET FO,ix55,SONATA IV EF,GENESIS Coupe,COUPE RD,i40 VF,ELANTRA XD,ELANTRA Stufenheck XD,LANTRA II Wagon J-2,LANTRA II J-2,SONATA III Y-3,i10 IA,SONATA II Y-2,i10 Stufenheck; DAIHATSU: CHARADE; SUZUKI: SWIFT III MZ, EZ,SWIFT IV FZ, NZ,GRAND VITARA II JT,SX4 EY, GY,SPLASH,ALTO HA25, HA35,LIANA Schr\u00e4gheck,SX4 S-Cross,LIANA ER,KIZASHI FR,SX4 Stufenheck GY,VITARA LY,CELERIO,IGNIS MF,SWIFT V AZ,BALENO FW, EW<\/p>\n","protected":false},"excerpt":{"rendered":"<p>MANNOL Moottori\u00f6ljy MN7902-20<\/p>\n","protected":false},"featured_media":0,"template":"","meta":{"site-sidebar-layout":"default","site-content-layout":"default","ast-global-header-display":"","ast-main-header-display":"","ast-hfb-above-header-display":"","ast-hfb-below-header-display":"","ast-hfb-mobile-header-display":"","site-post-title":"","ast-breadcrumbs-content":"","ast-featured-img":"","footer-sml-layout":"","theme-transparent-header-meta":"","adv-header-id-meta":"","stick-header-meta":"","header-above-stick-meta":"","header-main-stick-meta":"","header-below-stick-meta":""},"pwb-brand":[167],"product_cat":[129],"product_tag":[],"class_list":{"0":"post-53675","1":"product","2":"type-product","3":"status-publish","5":"pwb-brand-mannol","6":"product_cat-moottorioljy","7":"desktop-align-left","8":"tablet-align-left","9":"mobile-align-left","11":"first","12":"instock","13":"product-type-external"},"brands":[{"id":167,"name":"MANNOL","slug":"mannol"}],"_links":{"self":[{"href":"https:\/\/www.autonvaraosahaku.fi\/index.php?rest_route=\/wp\/v2\/product\/53675","targetHints":{"allow":["GET"]}}],"collection":[{"href":"https:\/\/www.autonvaraosahaku.fi\/index.php?rest_route=\/wp\/v2\/product"}],"about":[{"href":"https:\/\/www.autonvaraosahaku.fi\/index.php?rest_route=\/wp\/v2\/types\/product"}],"wp:attachment":[{"href":"https:\/\/www.autonvaraosahaku.fi\/index.php?rest_route=%2Fwp%2Fv2%2Fmedia&parent=53675"}],"wp:term":[{"taxonomy":"pwb-brand","embeddable":true,"href":"https:\/\/www.autonvaraosahaku.fi\/index.php?rest_route=%2Fwp%2Fv2%2Fpwb-brand&post=53675"},{"taxonomy":"product_cat","embeddable":true,"href":"https:\/\/www.autonvaraosahaku.fi\/index.php?rest_route=%2Fwp%2Fv2%2Fproduct_cat&post=53675"},{"taxonomy":"product_tag","embeddable":true,"href":"https:\/\/www.autonvaraosahaku.fi\/index.php?rest_route=%2Fwp%2Fv2%2Fproduct_tag&post=53675"}],"curies":[{"name":"wp","href":"https:\/\/api.w.org\/{rel}","templated":true}]}}