{"id":53691,"date":"2021-02-21T17:47:30","date_gmt":"2021-02-21T17:47:30","guid":{"rendered":"https:\/\/www.autonvaraosahaku.fi\/?product=skf-vkjp-8096-vetonivelen-suojakumi"},"modified":"2021-02-21T17:47:33","modified_gmt":"2021-02-21T17:47:33","slug":"skf-vkjp-8096-vetonivelen-suojakumi","status":"publish","type":"product","link":"https:\/\/www.autonvaraosahaku.fi\/?product=skf-vkjp-8096-vetonivelen-suojakumi","title":{"rendered":"SKF VKJP 8096 Vetonivelen suojakumi"},"content":{"rendered":"<p>Paksuus [mm]: 14; Korkeus (mm): 88; Nivelmalli: Tripodi-nivel; Sis\u00e4l\u00e4pimitta 1 [mm]: 21; Sis\u00e4l\u00e4pimitta 2 [mm]: 70; Valmistusvuosi alkaen: 01\/1999; ABARTH: 500 \/ 595 312_; VOLVO: V70 II SW,V70 I LV,S60 I,S80 I TS, XY; FIAT: GRANDE PUNTO 199,STILO 192,DOBLO Cargo 223,DOBLO 119,IDEA,QUBO 225; 46307675, 46307675, 46307675, 31256223<\/p>\n","protected":false},"excerpt":{"rendered":"<p>SKF Paljekumisarja, Vetoakseli VKJP 8096  ABARTH,VOLVO,FIAT,500 \/ 595 312_,V70 II SW,V70 I LV,S60 I,S80 I TS, XY,GRANDE PUNTO 199,STILO 192<\/p>\n","protected":false},"featured_media":0,"template":"","meta":{"site-sidebar-layout":"default","site-content-layout":"default","ast-global-header-display":"","ast-main-header-display":"","ast-hfb-above-header-display":"","ast-hfb-below-header-display":"","ast-hfb-mobile-header-display":"","site-post-title":"","ast-breadcrumbs-content":"","ast-featured-img":"","footer-sml-layout":"","theme-transparent-header-meta":"","adv-header-id-meta":"","stick-header-meta":"","header-above-stick-meta":"","header-main-stick-meta":"","header-below-stick-meta":""},"pwb-brand":[237],"product_cat":[42],"product_tag":[],"class_list":{"0":"post-53691","1":"product","2":"type-product","3":"status-publish","5":"pwb-brand-skf","6":"product_cat-vetonivelen-suojakumi","7":"desktop-align-left","8":"tablet-align-left","9":"mobile-align-left","11":"first","12":"instock","13":"product-type-external"},"brands":[{"id":237,"name":"SKF","slug":"skf"}],"_links":{"self":[{"href":"https:\/\/www.autonvaraosahaku.fi\/index.php?rest_route=\/wp\/v2\/product\/53691","targetHints":{"allow":["GET"]}}],"collection":[{"href":"https:\/\/www.autonvaraosahaku.fi\/index.php?rest_route=\/wp\/v2\/product"}],"about":[{"href":"https:\/\/www.autonvaraosahaku.fi\/index.php?rest_route=\/wp\/v2\/types\/product"}],"wp:attachment":[{"href":"https:\/\/www.autonvaraosahaku.fi\/index.php?rest_route=%2Fwp%2Fv2%2Fmedia&parent=53691"}],"wp:term":[{"taxonomy":"pwb-brand","embeddable":true,"href":"https:\/\/www.autonvaraosahaku.fi\/index.php?rest_route=%2Fwp%2Fv2%2Fpwb-brand&post=53691"},{"taxonomy":"product_cat","embeddable":true,"href":"https:\/\/www.autonvaraosahaku.fi\/index.php?rest_route=%2Fwp%2Fv2%2Fproduct_cat&post=53691"},{"taxonomy":"product_tag","embeddable":true,"href":"https:\/\/www.autonvaraosahaku.fi\/index.php?rest_route=%2Fwp%2Fv2%2Fproduct_tag&post=53691"}],"curies":[{"name":"wp","href":"https:\/\/api.w.org\/{rel}","templated":true}]}}