{"id":53697,"date":"2021-02-21T17:47:30","date_gmt":"2021-02-21T17:47:30","guid":{"rendered":"https:\/\/www.autonvaraosahaku.fi\/?product=mannol-mn7107-10-moottorioljy"},"modified":"2021-02-21T17:47:34","modified_gmt":"2021-02-21T17:47:34","slug":"mannol-mn7107-10-moottorioljy","status":"publish","type":"product","link":"https:\/\/www.autonvaraosahaku.fi\/?product=mannol-mn7107-10-moottorioljy","title":{"rendered":"MANNOL MN7107-10 Moottori\u00f6ljy"},"content":{"rendered":"<p>Tilavuus (litra): 10; Viskositeettiluokka SAE: 10W-40; Erittely: API CJ-4, ACEA E6, ACEA E7, ACEA E9, JASO DH-2, API CK-4; Valmistajan hyv\u00e4ksym\u00e4: CATERPILLAR ECF-3, CUMMINS CES 20081, DQC IV-10 LA, Mack EO-O, MAN M 3477, MAN M 3271-1, MB 228.51, MTU-3.1, Renault RLD-3, Volvo VDS-4; Tuotelinja: TS-7; Versio: UHPD Blue; API-m\u00e4\u00e4rittely: CJ-4, CK-4; ACEA-m\u00e4\u00e4rittely: E6, E7, E9; IVECO: STRALIS,TRAKKER; VOLVO: F7,FE,FH,FH II,FH16,FH16 II,FL,FL II,FL III,FL6,FM,FM12,FM9,FMX,FMX II,N10,N7; MERCEDES-BENZ: C-CLASS W203,E-CLASS W211,C-CLASS W204,A-CLASS W169,B-CLASS W245,C-CLASS T-Model S204,C-CLASS T-Model S203,E-CLASS T-Model S211,E-CLASS W212,VIANO W639,B-CLASS W246, W242,M-CLASS W164,C-CLASS Coupe CL203,E-CLASS T-Model S212,GLK-CLASS X204,VITO Bus W639,A-CLASS W176,CLK C209,S-CLASS W220,VITO \/ MIXTO Kasten W639,SPRINTER 3,5-t Kasten 906,S-CLASS W221,CLS C219,R-CLASS W251, V251,M-CLASS W166,E-CLASS Coupe C207,CLK Cabriolet A209,CLA Coupe C117,C-CLASS Coupe C204,SPRINTER 3,5-t Bus 906,SPRINTER 3-t Kasten 906,SLK R172,E-CLASS Cabriolet A207,CLC-CLASS CL203,GL-CLASS X164,CLS C218,SPRINTER 3,5-t Pritsche\/Fahrgestell 906,SPRINTER 3-t Bus 906,CLS Shooting Brake X218,VARIO Kasten\/Kombi,SPRINTER 5-t Kasten 906,SPRINTER 5-t Pritsche\/Fahrgestell 906,VARIO Pritsche\/Fahrgestell,GL-CLASS X166,SPRINTER 3-t Pritsche\/Fahrgestell 906,VARIO Kipper,SPRINTER 4,6-t Pritsche\/Fahrgestell 906,C-CLASS T-Model S205,SPRINTER 4,6-t Kasten 906,VARIO Bus,C-CLASS W205,V-CLASS W447,GLA-CLA,ACTROS,ACTROS MP2 \/ MP3,ACTROS MP4 \/ MP5,ANTOS,AROCS,ATEGO 2,ATEGO 3,AXOR,AXOR 2,ECONIC,ECONIC 2,MK,UNIMOG,ZETROS; SCANIA: 4 &#8211; series,L,P,G,R,S &#8211; series,P,G,R,T &#8211; series; MAN: L2000,TGA,TGL,TGM,TGS,TGX; DAF: 95 XF,CF,CF 65,CF 75,LF 45,LF 55,XF,XF 105<\/p>\n","protected":false},"excerpt":{"rendered":"<p>MANNOL Moottori\u00f6ljy MN7107-10<\/p>\n","protected":false},"featured_media":0,"template":"","meta":{"site-sidebar-layout":"default","site-content-layout":"default","ast-global-header-display":"","ast-main-header-display":"","ast-hfb-above-header-display":"","ast-hfb-below-header-display":"","ast-hfb-mobile-header-display":"","site-post-title":"","ast-breadcrumbs-content":"","ast-featured-img":"","footer-sml-layout":"","theme-transparent-header-meta":"","adv-header-id-meta":"","stick-header-meta":"","header-above-stick-meta":"","header-main-stick-meta":"","header-below-stick-meta":""},"pwb-brand":[167],"product_cat":[129],"product_tag":[],"class_list":{"0":"post-53697","1":"product","2":"type-product","3":"status-publish","5":"pwb-brand-mannol","6":"product_cat-moottorioljy","7":"desktop-align-left","8":"tablet-align-left","9":"mobile-align-left","11":"first","12":"instock","13":"product-type-external"},"brands":[{"id":167,"name":"MANNOL","slug":"mannol"}],"_links":{"self":[{"href":"https:\/\/www.autonvaraosahaku.fi\/index.php?rest_route=\/wp\/v2\/product\/53697","targetHints":{"allow":["GET"]}}],"collection":[{"href":"https:\/\/www.autonvaraosahaku.fi\/index.php?rest_route=\/wp\/v2\/product"}],"about":[{"href":"https:\/\/www.autonvaraosahaku.fi\/index.php?rest_route=\/wp\/v2\/types\/product"}],"wp:attachment":[{"href":"https:\/\/www.autonvaraosahaku.fi\/index.php?rest_route=%2Fwp%2Fv2%2Fmedia&parent=53697"}],"wp:term":[{"taxonomy":"pwb-brand","embeddable":true,"href":"https:\/\/www.autonvaraosahaku.fi\/index.php?rest_route=%2Fwp%2Fv2%2Fpwb-brand&post=53697"},{"taxonomy":"product_cat","embeddable":true,"href":"https:\/\/www.autonvaraosahaku.fi\/index.php?rest_route=%2Fwp%2Fv2%2Fproduct_cat&post=53697"},{"taxonomy":"product_tag","embeddable":true,"href":"https:\/\/www.autonvaraosahaku.fi\/index.php?rest_route=%2Fwp%2Fv2%2Fproduct_tag&post=53697"}],"curies":[{"name":"wp","href":"https:\/\/api.w.org\/{rel}","templated":true}]}}