{"id":53732,"date":"2021-02-21T17:47:42","date_gmt":"2021-02-21T17:47:42","guid":{"rendered":"https:\/\/www.autonvaraosahaku.fi\/?product=as-pl-a5065-laturi"},"modified":"2021-02-21T17:47:44","modified_gmt":"2021-02-21T17:47:44","slug":"as-pl-a5065-laturi","status":"publish","type":"product","link":"https:\/\/www.autonvaraosahaku.fi\/?product=as-pl-a5065-laturi","title":{"rendered":"AS-PL A5065 Laturi"},"content":{"rendered":"<p>Pituus 1 (mm): 33,00; Pituus 2 (mm): 13,00; Pituus 3 [mm]: 54,00; J\u00e4nnite (V): 12; Laturi varausvirta (A): 115; Hihnapy\u00f6r\u00e4t: V\u00e4lihihnapy\u00f6r\u00e4ll\u00e4; Moottorinumero: EDZ; JEEP: COMPASS MK49,PATRIOT MK74; CHRYSLER: SEBRING JR,SEBRING JS,SEBRING Cabriolet JS; DODGE: CALIBER,AVENGER; 04801323AB, 04801323AC, 04801323AD, 4801323AB, 4801323AC, 4801323AD, A002TJ0481ZC, A2TJ0481, A2TJ0481ZC, A2TJ0481ZD; Generaattori<\/p>\n","protected":false},"excerpt":{"rendered":"<p>AS-PL Laturi Brand new AS-PL Starter motor 0001231016 A5065 Generaattori JEEP,CHRYSLER,DODGE,COMPASS MK49,PATRIOT MK74,SEBRING JR,SEBRING JS<\/p>\n","protected":false},"featured_media":0,"template":"","meta":{"site-sidebar-layout":"default","site-content-layout":"default","ast-global-header-display":"","ast-main-header-display":"","ast-hfb-above-header-display":"","ast-hfb-below-header-display":"","ast-hfb-mobile-header-display":"","site-post-title":"","ast-breadcrumbs-content":"","ast-featured-img":"","footer-sml-layout":"","theme-transparent-header-meta":"","adv-header-id-meta":"","stick-header-meta":"","header-above-stick-meta":"","header-main-stick-meta":"","header-below-stick-meta":""},"pwb-brand":[347],"product_cat":[357],"product_tag":[],"class_list":{"0":"post-53732","1":"product","2":"type-product","3":"status-publish","5":"pwb-brand-as-pl","6":"product_cat-laturi","7":"desktop-align-left","8":"tablet-align-left","9":"mobile-align-left","11":"first","12":"instock","13":"product-type-external"},"brands":[{"id":347,"name":"AS-PL","slug":"as-pl"}],"_links":{"self":[{"href":"https:\/\/www.autonvaraosahaku.fi\/index.php?rest_route=\/wp\/v2\/product\/53732","targetHints":{"allow":["GET"]}}],"collection":[{"href":"https:\/\/www.autonvaraosahaku.fi\/index.php?rest_route=\/wp\/v2\/product"}],"about":[{"href":"https:\/\/www.autonvaraosahaku.fi\/index.php?rest_route=\/wp\/v2\/types\/product"}],"wp:attachment":[{"href":"https:\/\/www.autonvaraosahaku.fi\/index.php?rest_route=%2Fwp%2Fv2%2Fmedia&parent=53732"}],"wp:term":[{"taxonomy":"pwb-brand","embeddable":true,"href":"https:\/\/www.autonvaraosahaku.fi\/index.php?rest_route=%2Fwp%2Fv2%2Fpwb-brand&post=53732"},{"taxonomy":"product_cat","embeddable":true,"href":"https:\/\/www.autonvaraosahaku.fi\/index.php?rest_route=%2Fwp%2Fv2%2Fproduct_cat&post=53732"},{"taxonomy":"product_tag","embeddable":true,"href":"https:\/\/www.autonvaraosahaku.fi\/index.php?rest_route=%2Fwp%2Fv2%2Fproduct_tag&post=53732"}],"curies":[{"name":"wp","href":"https:\/\/api.w.org\/{rel}","templated":true}]}}