{"id":53741,"date":"2021-02-21T17:47:42","date_gmt":"2021-02-21T17:47:42","guid":{"rendered":"https:\/\/www.autonvaraosahaku.fi\/?product=skf-vkja-5443-vetonivel"},"modified":"2021-02-21T17:47:46","modified_gmt":"2021-02-21T17:47:46","slug":"skf-vkja-5443-vetonivel","status":"publish","type":"product","link":"https:\/\/www.autonvaraosahaku.fi\/?product=skf-vkja-5443-vetonivel","title":{"rendered":"SKF VKJA 5443 Vetonivel"},"content":{"rendered":"<p>Kierremitta: M16x1,5; Ulkohammastus, py\u00f6r\u00e4npuoli: 30; Sis\u00e4hammastus, py\u00f6r\u00e4npuoli: 27; Tiivisteen l\u00e4pimitta [mm]: 65; Ulkol\u00e4pimitta [mm]: 97,9; Nivelmalli: Vakionopeusnivel; Mekaanisesti ty\u00f6stetty: Sokkauralla sis\u00e4osassa (keskiosa); Asennuspuoli: radseitig; MERCEDES-BENZ: B-CLASS W246, W242,A-CLASS W176,CLA Coupe C117,GLA-CLASS X156,CLA Shooting Brake X117; A2463600075; Nivelsarja, Vetoakseli<\/p>\n","protected":false},"excerpt":{"rendered":"<p>SKF Vetonivel VKJA 5443 Nivelsarja, Vetoakseli MERCEDES-BENZ,B-CLASS W246, W242,A-CLASS W176,CLA Coupe C117,GLA-CLASS X156,CLA Shooting Brake X117<\/p>\n","protected":false},"featured_media":0,"template":"","meta":{"site-sidebar-layout":"default","site-content-layout":"default","ast-global-header-display":"","ast-main-header-display":"","ast-hfb-above-header-display":"","ast-hfb-below-header-display":"","ast-hfb-mobile-header-display":"","site-post-title":"","ast-breadcrumbs-content":"","ast-featured-img":"","footer-sml-layout":"","theme-transparent-header-meta":"","adv-header-id-meta":"","stick-header-meta":"","header-above-stick-meta":"","header-main-stick-meta":"","header-below-stick-meta":""},"pwb-brand":[237],"product_cat":[175],"product_tag":[],"class_list":{"0":"post-53741","1":"product","2":"type-product","3":"status-publish","5":"pwb-brand-skf","6":"product_cat-vetonivel","7":"desktop-align-left","8":"tablet-align-left","9":"mobile-align-left","11":"first","12":"instock","13":"product-type-external"},"brands":[{"id":237,"name":"SKF","slug":"skf"}],"_links":{"self":[{"href":"https:\/\/www.autonvaraosahaku.fi\/index.php?rest_route=\/wp\/v2\/product\/53741","targetHints":{"allow":["GET"]}}],"collection":[{"href":"https:\/\/www.autonvaraosahaku.fi\/index.php?rest_route=\/wp\/v2\/product"}],"about":[{"href":"https:\/\/www.autonvaraosahaku.fi\/index.php?rest_route=\/wp\/v2\/types\/product"}],"wp:attachment":[{"href":"https:\/\/www.autonvaraosahaku.fi\/index.php?rest_route=%2Fwp%2Fv2%2Fmedia&parent=53741"}],"wp:term":[{"taxonomy":"pwb-brand","embeddable":true,"href":"https:\/\/www.autonvaraosahaku.fi\/index.php?rest_route=%2Fwp%2Fv2%2Fpwb-brand&post=53741"},{"taxonomy":"product_cat","embeddable":true,"href":"https:\/\/www.autonvaraosahaku.fi\/index.php?rest_route=%2Fwp%2Fv2%2Fproduct_cat&post=53741"},{"taxonomy":"product_tag","embeddable":true,"href":"https:\/\/www.autonvaraosahaku.fi\/index.php?rest_route=%2Fwp%2Fv2%2Fproduct_tag&post=53741"}],"curies":[{"name":"wp","href":"https:\/\/api.w.org\/{rel}","templated":true}]}}