{"id":53769,"date":"2021-02-21T17:47:53","date_gmt":"2021-02-21T17:47:53","guid":{"rendered":"https:\/\/www.autonvaraosahaku.fi\/?product=esen-skv-94skv070-lammityslaitteen-puhaltimen-vastus"},"modified":"2021-02-21T17:47:55","modified_gmt":"2021-02-21T17:47:55","slug":"esen-skv-94skv070-lammityslaitteen-puhaltimen-vastus","status":"publish","type":"product","link":"https:\/\/www.autonvaraosahaku.fi\/?product=esen-skv-94skv070-lammityslaitteen-puhaltimen-vastus","title":{"rendered":"ESEN SKV 94SKV070 L\u00e4mmityslaitteen puhaltimen vastus"},"content":{"rendered":"<p>Paino [kg]: 0,22; Napojen m\u00e4\u00e4r\u00e4: 3; BMW: 3 E46,5 E39,3 Touring E46,X3 E83,5 Touring E39,3 Compact E46,3 Coupe E46,X5 E53,3 Cabriolet E46; 64116920365, 64116923204, 64116929486, 64118364173, 64118377579, 64118383835, 64118385549, 6920365, 6923204, 6929486, 8364173, 8377579, 8383835, 8385549, JGO000021; Vastus, Sis\u00e4ilmantuuletin<\/p>\n","protected":false},"excerpt":{"rendered":"<p>ESEN SKV L\u00e4mmityslaitteen Puhaltimen Vastus 94SKV070 Vastus, Sis\u00e4ilmantuuletin BMW,3 E46,5 E39,3 Touring E46,X3 E83,5 Touring E39,3 Compact E46<\/p>\n","protected":false},"featured_media":0,"template":"","meta":{"site-sidebar-layout":"default","site-content-layout":"default","ast-global-header-display":"","ast-main-header-display":"","ast-hfb-above-header-display":"","ast-hfb-below-header-display":"","ast-hfb-mobile-header-display":"","site-post-title":"","ast-breadcrumbs-content":"","ast-featured-img":"","footer-sml-layout":"","theme-transparent-header-meta":"","adv-header-id-meta":"","stick-header-meta":"","header-above-stick-meta":"","header-main-stick-meta":"","header-below-stick-meta":""},"pwb-brand":[384],"product_cat":[134],"product_tag":[],"class_list":{"0":"post-53769","1":"product","2":"type-product","3":"status-publish","5":"pwb-brand-esen-skv","6":"product_cat-lammityslaitteen-puhaltimen-vastus","7":"desktop-align-left","8":"tablet-align-left","9":"mobile-align-left","11":"first","12":"instock","13":"product-type-external"},"brands":[{"id":384,"name":"ESEN SKV","slug":"esen-skv"}],"_links":{"self":[{"href":"https:\/\/www.autonvaraosahaku.fi\/index.php?rest_route=\/wp\/v2\/product\/53769","targetHints":{"allow":["GET"]}}],"collection":[{"href":"https:\/\/www.autonvaraosahaku.fi\/index.php?rest_route=\/wp\/v2\/product"}],"about":[{"href":"https:\/\/www.autonvaraosahaku.fi\/index.php?rest_route=\/wp\/v2\/types\/product"}],"wp:attachment":[{"href":"https:\/\/www.autonvaraosahaku.fi\/index.php?rest_route=%2Fwp%2Fv2%2Fmedia&parent=53769"}],"wp:term":[{"taxonomy":"pwb-brand","embeddable":true,"href":"https:\/\/www.autonvaraosahaku.fi\/index.php?rest_route=%2Fwp%2Fv2%2Fpwb-brand&post=53769"},{"taxonomy":"product_cat","embeddable":true,"href":"https:\/\/www.autonvaraosahaku.fi\/index.php?rest_route=%2Fwp%2Fv2%2Fproduct_cat&post=53769"},{"taxonomy":"product_tag","embeddable":true,"href":"https:\/\/www.autonvaraosahaku.fi\/index.php?rest_route=%2Fwp%2Fv2%2Fproduct_tag&post=53769"}],"curies":[{"name":"wp","href":"https:\/\/api.w.org\/{rel}","templated":true}]}}