{"id":53827,"date":"2021-02-21T17:48:12","date_gmt":"2021-02-21T17:48:12","guid":{"rendered":"https:\/\/www.autonvaraosahaku.fi\/?product=mobil-154485-moottorioljy"},"modified":"2021-02-21T17:48:13","modified_gmt":"2021-02-21T17:48:13","slug":"mobil-154485-moottorioljy","status":"publish","type":"product","link":"https:\/\/www.autonvaraosahaku.fi\/?product=mobil-154485-moottorioljy","title":{"rendered":"MOBIL 154485 Moottori\u00f6ljy"},"content":{"rendered":"<p>Tilavuus (litra): 1; Pakkaustyyppi: Pullo; Viskositeettiluokka SAE: 0W-30; Erittely: ACEA A1, ACEA B1, ACEA C2, ACEA A5, ACEA B5; Valmistajan hyv\u00e4ksym\u00e4: Ford WSS-M2C950-A; Tuotelinja: Super; Versio: 3000 F; API-m\u00e4\u00e4rittely: SA, SD, SF; FORD USA: EDGE; FORD: FIESTA VI,FOCUS III Turnier,FOCUS III,C-MAX II,KUGA II DM2,GRAND C-MAX,B-MAX JK,ECOSPORT,FOCUS III Stufenheck,TRANSIT CUSTOM Kasten,TOURNEO CUSTOM Bus,TRANSIT CUSTOM Bus,TOURNEO CONNECT \/ GRAND TOURNEO CONNECT Kombi,FIESTA VI Van,TRANSIT CONNECT Kasten,MONDEO V Turnier,S-MAX,MONDEO V Stufenheck,TRANSIT Custom  Bus,FIESTA VII,GALAXY,TRANSIT Custom Pritsche\/Fahrgestell,MONDEO V Schr\u00e4gheck,TRANSIT CONNECT Kombi,KA<\/p>\n","protected":false},"excerpt":{"rendered":"<p>MOBIL Moottori\u00f6ljy Mobil Super 3000 Formula F 0W-30 154485<\/p>\n","protected":false},"featured_media":0,"template":"","meta":{"site-sidebar-layout":"default","site-content-layout":"default","ast-global-header-display":"","ast-main-header-display":"","ast-hfb-above-header-display":"","ast-hfb-below-header-display":"","ast-hfb-mobile-header-display":"","site-post-title":"","ast-breadcrumbs-content":"","ast-featured-img":"","footer-sml-layout":"","theme-transparent-header-meta":"","adv-header-id-meta":"","stick-header-meta":"","header-above-stick-meta":"","header-main-stick-meta":"","header-below-stick-meta":""},"pwb-brand":[128],"product_cat":[129],"product_tag":[],"class_list":{"0":"post-53827","1":"product","2":"type-product","3":"status-publish","5":"pwb-brand-mobil","6":"product_cat-moottorioljy","7":"desktop-align-left","8":"tablet-align-left","9":"mobile-align-left","11":"first","12":"instock","13":"product-type-external"},"brands":[{"id":128,"name":"MOBIL","slug":"mobil"}],"_links":{"self":[{"href":"https:\/\/www.autonvaraosahaku.fi\/index.php?rest_route=\/wp\/v2\/product\/53827","targetHints":{"allow":["GET"]}}],"collection":[{"href":"https:\/\/www.autonvaraosahaku.fi\/index.php?rest_route=\/wp\/v2\/product"}],"about":[{"href":"https:\/\/www.autonvaraosahaku.fi\/index.php?rest_route=\/wp\/v2\/types\/product"}],"wp:attachment":[{"href":"https:\/\/www.autonvaraosahaku.fi\/index.php?rest_route=%2Fwp%2Fv2%2Fmedia&parent=53827"}],"wp:term":[{"taxonomy":"pwb-brand","embeddable":true,"href":"https:\/\/www.autonvaraosahaku.fi\/index.php?rest_route=%2Fwp%2Fv2%2Fpwb-brand&post=53827"},{"taxonomy":"product_cat","embeddable":true,"href":"https:\/\/www.autonvaraosahaku.fi\/index.php?rest_route=%2Fwp%2Fv2%2Fproduct_cat&post=53827"},{"taxonomy":"product_tag","embeddable":true,"href":"https:\/\/www.autonvaraosahaku.fi\/index.php?rest_route=%2Fwp%2Fv2%2Fproduct_tag&post=53827"}],"curies":[{"name":"wp","href":"https:\/\/api.w.org\/{rel}","templated":true}]}}