{"id":53840,"date":"2021-02-21T17:48:12","date_gmt":"2021-02-21T17:48:12","guid":{"rendered":"https:\/\/www.autonvaraosahaku.fi\/?product=hella-4rd-933-332-641-muut-luokat"},"modified":"2021-02-21T17:48:16","modified_gmt":"2021-02-21T17:48:16","slug":"hella-4rd-933-332-641-muut-luokat","status":"publish","type":"product","link":"https:\/\/www.autonvaraosahaku.fi\/?product=hella-4rd-933-332-641-muut-luokat","title":{"rendered":"HELLA 4RD 933 332-641 Muut luokat"},"content":{"rendered":"<p>Nimellisj\u00e4nnite (V): 12; Kuormitusraja 12V: 30A\/40A; Yhdistelm\u00e4kytkintoiminto: Vaihtaja; Napojen m\u00e4\u00e4r\u00e4: 5; V\u00e4ri vastaa alkuper\u00e4isosaa: Ruskea, Keltainen, Vihre\u00e4; V\u00e4ri: Musta; Tarkasta OE-numero: ; Korvaava tuote\/korvaava tiedote 2: Vastuksella; Lis\u00e4tarvike\/lis\u00e4tieto: Ilman pidikett\u00e4; Suojausmalli (IP-koodi): 54; Induktiivinen kuorma [A]: 5; Kapasitiivinen kuorma: 20, 30; Ohmikuorma [A]: 20, 30; Reletoiminto: Vilkku, Generaattori, Polttoainepumppu, Lasinpyyhkij\u00e4, K\u00e4ynnistin, L\u00e4hivalo, Tuulilasi l\u00e4mmitetty, Takaikkuna l\u00e4mmitetty, ESP, Ikkunamekanismi, \u00c4\u00e4nitorvi, Ilmastointilaite, Mukavuusvarusteet, Valokatkaisija, Puhallin, l\u00e4mmitys-\/ilmastointilaite, Lasinpyyhkij\u00e4 taso 1, Lasinpyyhkij\u00e4 taso 2, P\u00e4iv\u00e4ajovalo, Kattohydrauliikka, Keskuslukitus; Kytkent\u00e4kaavio: W2; VW: TRANSPORTER IV Bus 70XB, 70XC, 7DB, 7DW,TRANSPORTER V Bus 7HB, 7HJ, 7EB, 7EJ, 7EF,TRANSPORTER IV Kasten 70XA,TRANSPORTER V Kasten 7HA, 7HH, 7EA, 7EH,NEW BEETLE 9C1, 1C1,TRANSPORTER III Bus,NEW BEETLE Cabriolet 1Y7,TRANSPORTER IV Pritsche\/Fahrgestell 70XD,TRANSPORTER V Pritsche\/Fahrgestell 7JD, 7JE, 7JL, 7JY, 7JZ,,TRANSPORTER III Kasten,TRANSPORTER II Bus,TRANSPORTER III Pritsche\/Fahrgestell,TRANSPORTER I Bus 22, 24, 25, 28,TRANSPORTER II Kasten,TRANSPORTER I Pritsche\/Fahrgestell 26,TRANSPORTER I Kasten 21, 23,TRANSPORTER Standard Passenger Van; CHEVROLET: CRUZE J300; MERCEDES-BENZ: C-CLASS W203,E-CLASS W211,A-CLASS W169,B-CLASS W245,C-CLASS T-Model S203,C-CLASS W202,E-CLASS T-Model S211,SLK R170,E-CLASS W210,E-CLASS W212,B-CLASS W246, W242,M-CLASS W164,C-CLASS Coupe CL203,M-CLASS W163,E-CLASS T-Model S212,E-CLASS Kombi S210,SLK R171,CLK C208,A-CLASS W176,SL R129,CLK C209,C-CLASS Kombi S202,S-CLASS W220,VITO \/ MIXTO Kasten W639,SL R230,R-CLASS W251, V251,M-CLASS W166,G-CLASS W463,VITO Bus 638,CLK Cabriolet A208,CLK Cabriolet A209,CLC-CLASS CL203,GL-CLASS X164,S-CLASS Coupe C215,VITO Kasten 638,GL-CLASS X166,SL R231,SLS AMG C197,SLS AMG Cabriolet A197,GLE Coupe C292; OPEL: ZAFIRA A F75_,ASTRA G CC F48_, F08_,ASTRA G Caravan F35_,CORSA B 73_, 78_, 79_,INSIGNIA Caravan,VECTRA B 36_,ASTRA F CC 53_, 54_, 58_, 59_,OMEGA B Caravan 21_, 22_, 23_,OMEGA B 25_, 26_, 27_,VECTRA B Caravan 31_,INSIGNIA,ASTRA G Cabriolet F67,ASTRA F Caravan 51_, 52_,INSIGNIA Stufenheck,ASTRA G Coupe F07_,ASTRA G Stufenheck F69_,CALIBRA A 85_,VECTRA B CC 38_,VECTRA A 86_, 87_,ASTRA F Cabriolet 53_B,ASTRA F 56_, 57_,TIGRA 95_,VECTRA A CC 88_, 89_,ASTRA F CLASSIC CC,ASTRA F CLASSIC Stufenheck,ASTRA F CLASSIC Caravan,CORSA B Kombi F35,INSIGNIA A Country Tourer G09,ASTRA G CLASSIC Stufenheck T98; SMART: FORTWO Coupe 451,FORTWO Cabrio 451; PEUGEOT: 206 Schr\u00e4gheck 2A\/C,206 CC 2D,207 WA_, WC_,307 SW 3H,307 CC 3B,407 SW 6E_,307 3A\/C,207 SW WK_,308 SW,206 SW 2E\/K,208,807 E,106 II 1,206+ T3E,308 4A_, 4C_,5008,307 Break 3E,508 SW,306 Schr\u00e4gheck 7A, 7C, N3, N5,607 9D, 9U,306 Cabriolet 7D, N3, N5,407 6D_,3008,406 Break 8E\/F,PARTNER Tepee,RCZ,308 CC,PARTNER Combispace 5F,106 I 1A, 1C,2008,PARTNER Kasten 5,406 Coupe 8C,306 Break 7E, N3, N5,406 8B,806 221,508,407 Coupe 6C_,EXPERT Tepee VF3V_,EXPERT Kasten VF3A_, VF3U_, VF3X_,306 7B, N3, N5,307 Stufenheck,PARTNER Kasten,207 Stufenheck,EXPERT Kasten 222,206 Stufenheck,308 II,206 Van,605 6B,EXPERT 224,106 Van 1_,306 Van N_, 7_,301,EXPERT Pritsche\/Fahrgestell 223,308 SW II,207 Van,EXPERT Pritsche\/Fahrgestell,PARTNER Pritsche\/Fahrgestell,3008 SUV,EXPERT Kasten,5008 II,TRAVELLER,306 Kasten\/Schr\u00e4gheck; VAUXHALL: VECTRA B CC,VECTRA B Estate,VECTRA B; 803951253A, 94461511900, 655568, 655588, A2108240018, 157992, 81259020088, 0025421419, 0025427419, 2108240018, A0025421419, A0025427419, A2108240018, 13500119, 90491314, 90543014, 6547TX, 655568, 94461511900, 8533176, 191927841, 2E0937099, 431951253D, 803951253A<\/p>\n","protected":false},"excerpt":{"rendered":"<p>HELLA Rele, Ty\u00f6virta 4RD 933 332-641  VW,CHEVROLET,MERCEDES-BENZ,TRANSPORTER IV Bus 70XB, 70XC, 7DB, 7DW,TRANSPORTER V Bus 7HB, 7HJ, 7EB, 7EJ, 7EF<\/p>\n","protected":false},"featured_media":0,"template":"","meta":{"site-sidebar-layout":"default","site-content-layout":"default","ast-global-header-display":"","ast-main-header-display":"","ast-hfb-above-header-display":"","ast-hfb-below-header-display":"","ast-hfb-mobile-header-display":"","site-post-title":"","ast-breadcrumbs-content":"","ast-featured-img":"","footer-sml-layout":"","theme-transparent-header-meta":"","adv-header-id-meta":"","stick-header-meta":"","header-above-stick-meta":"","header-main-stick-meta":"","header-below-stick-meta":""},"pwb-brand":[24],"product_cat":[37],"product_tag":[],"class_list":{"0":"post-53840","1":"product","2":"type-product","3":"status-publish","5":"pwb-brand-hella","6":"product_cat-muut-luokat","7":"desktop-align-left","8":"tablet-align-left","9":"mobile-align-left","11":"first","12":"instock","13":"product-type-external"},"brands":[{"id":24,"name":"HELLA","slug":"hella"}],"_links":{"self":[{"href":"https:\/\/www.autonvaraosahaku.fi\/index.php?rest_route=\/wp\/v2\/product\/53840","targetHints":{"allow":["GET"]}}],"collection":[{"href":"https:\/\/www.autonvaraosahaku.fi\/index.php?rest_route=\/wp\/v2\/product"}],"about":[{"href":"https:\/\/www.autonvaraosahaku.fi\/index.php?rest_route=\/wp\/v2\/types\/product"}],"wp:attachment":[{"href":"https:\/\/www.autonvaraosahaku.fi\/index.php?rest_route=%2Fwp%2Fv2%2Fmedia&parent=53840"}],"wp:term":[{"taxonomy":"pwb-brand","embeddable":true,"href":"https:\/\/www.autonvaraosahaku.fi\/index.php?rest_route=%2Fwp%2Fv2%2Fpwb-brand&post=53840"},{"taxonomy":"product_cat","embeddable":true,"href":"https:\/\/www.autonvaraosahaku.fi\/index.php?rest_route=%2Fwp%2Fv2%2Fproduct_cat&post=53840"},{"taxonomy":"product_tag","embeddable":true,"href":"https:\/\/www.autonvaraosahaku.fi\/index.php?rest_route=%2Fwp%2Fv2%2Fproduct_tag&post=53840"}],"curies":[{"name":"wp","href":"https:\/\/api.w.org\/{rel}","templated":true}]}}