{"id":53853,"date":"2021-02-21T17:48:18","date_gmt":"2021-02-21T17:48:18","guid":{"rendered":"https:\/\/www.autonvaraosahaku.fi\/?product=vaico-v25-80031-jarrulevyt"},"modified":"2021-02-21T17:48:21","modified_gmt":"2021-02-21T17:48:21","slug":"vaico-v25-80031-jarrulevyt","status":"publish","type":"product","link":"https:\/\/www.autonvaraosahaku.fi\/?product=vaico-v25-80031-jarrulevyt","title":{"rendered":"VAICO V25-80031 Jarrulevyt"},"content":{"rendered":"<p>Asennuspuoli: Etuakseli; Vanne, aukkoja: 5; Korkeus (mm): 52; Jarrulevytyyppi: Tuuletettu; Jarrulevyn paksuus (mm): 28; V\u00e4himm\u00e4ispaksuus (mm): 26; Ulkol\u00e4pimitta [mm]: 316; keskitt\u00e4misl\u00e4pimitta [mm]: 63,6; Reik\u00e4ympyr\u00e4-\u00d8 [mm]: 108; Jarrulevyn navan korkeus [mm]: 24; Pakkausleveys [cm]: 31,2, 31,2; Pakkauskorkeus [mm]: 5,5, 5,5; Pakkaussyvyys [cm]: 31,6; lis\u00e4tieto: CST99; Valmistusvuoteen: 05\/2011; LAND ROVER: FREELANDER 2 FA_; VOLVO: V70 III BW,V60,XC70 II,S80 II AS,S60 II; FORD: S-MAX WA6,GALAXY WA6; 1380046, 1404955, 1405509, 1434812, 1434815, 1864276, 6G9N2C375AC, 6G9N2C375DA, 6G9N2C375DB, 6G9N2C375DC, LR000470, LR027107, 30769061, 31400764; Jarrulevy<\/p>\n","protected":false},"excerpt":{"rendered":"<p>VAICO Jarrulevyt V25-80031 Jarrulevy LAND ROVER,VOLVO,FORD,FREELANDER 2 FA_,V70 III BW,V60,XC70 II,S80 II AS,S60 II,S-MAX WA6,GALAXY WA6<\/p>\n","protected":false},"featured_media":0,"template":"","meta":{"site-sidebar-layout":"default","site-content-layout":"default","ast-global-header-display":"","ast-main-header-display":"","ast-hfb-above-header-display":"","ast-hfb-below-header-display":"","ast-hfb-mobile-header-display":"","site-post-title":"","ast-breadcrumbs-content":"","ast-featured-img":"","footer-sml-layout":"","theme-transparent-header-meta":"","adv-header-id-meta":"","stick-header-meta":"","header-above-stick-meta":"","header-main-stick-meta":"","header-below-stick-meta":""},"pwb-brand":[330],"product_cat":[66],"product_tag":[],"class_list":{"0":"post-53853","1":"product","2":"type-product","3":"status-publish","5":"pwb-brand-vaico","6":"product_cat-jarrulevyt","7":"desktop-align-left","8":"tablet-align-left","9":"mobile-align-left","11":"first","12":"instock","13":"product-type-external"},"brands":[{"id":330,"name":"VAICO","slug":"vaico"}],"_links":{"self":[{"href":"https:\/\/www.autonvaraosahaku.fi\/index.php?rest_route=\/wp\/v2\/product\/53853","targetHints":{"allow":["GET"]}}],"collection":[{"href":"https:\/\/www.autonvaraosahaku.fi\/index.php?rest_route=\/wp\/v2\/product"}],"about":[{"href":"https:\/\/www.autonvaraosahaku.fi\/index.php?rest_route=\/wp\/v2\/types\/product"}],"wp:attachment":[{"href":"https:\/\/www.autonvaraosahaku.fi\/index.php?rest_route=%2Fwp%2Fv2%2Fmedia&parent=53853"}],"wp:term":[{"taxonomy":"pwb-brand","embeddable":true,"href":"https:\/\/www.autonvaraosahaku.fi\/index.php?rest_route=%2Fwp%2Fv2%2Fpwb-brand&post=53853"},{"taxonomy":"product_cat","embeddable":true,"href":"https:\/\/www.autonvaraosahaku.fi\/index.php?rest_route=%2Fwp%2Fv2%2Fproduct_cat&post=53853"},{"taxonomy":"product_tag","embeddable":true,"href":"https:\/\/www.autonvaraosahaku.fi\/index.php?rest_route=%2Fwp%2Fv2%2Fproduct_tag&post=53853"}],"curies":[{"name":"wp","href":"https:\/\/api.w.org\/{rel}","templated":true}]}}