{"id":53870,"date":"2021-02-21T17:48:24","date_gmt":"2021-02-21T17:48:24","guid":{"rendered":"https:\/\/www.autonvaraosahaku.fi\/?product=magneti-marelli-352317101000-termostaatti"},"modified":"2021-02-21T17:48:26","modified_gmt":"2021-02-21T17:48:26","slug":"magneti-marelli-352317101000-termostaatti","status":"publish","type":"product","link":"https:\/\/www.autonvaraosahaku.fi\/?product=magneti-marelli-352317101000-termostaatti","title":{"rendered":"MAGNETI MARELLI 352317101000 Termostaatti"},"content":{"rendered":"<p>Korkeus (mm): 26; L\u00e4pimitta 1 [mm]: 55; Erittely: Single Thermostat; L\u00e4pimitta 2 [mm]: 29; Lis\u00e4tarvike\/lis\u00e4tieto: Tiivisteill\u00e4; Avausl\u00e4mp\u00f6tila [\u00b0C]: 83; TECDOC-moottorinumero: 602; VW: CADDY III Kombi 2KB, 2KJ, 2CB, 2CJ; AUDI: A4 Avant 8E5, B6,A6 Avant 4B5, C5,A4 8K2, B8,A6 4B2, C5; MERCEDES-BENZ: C-CLASS Coupe CL203,M-CLASS W163; BMW: 7 E65, E66, E67; OPEL: VECTRA B 36_,VECTRA B CC 38_; FORD: FIESTA V JH_, JD_,TRANSIT Kasten FA_ _,TRANSIT Bus FD_ _, FB_ _, FS_ _, FZ_ _, FC_ _,TRANSIT Pritsche\/Fahrgestell FM_ _, FN_ _,MONDEO I Kombi BNP,MONDEO I GBP,ESCORT VII Cabriolet ALL,ESCORT I AFH, ATH,GRANADA GU,ESCORT IV Kombi AWF, AVF,ESCORT II Kombi,GRANADA Kombi GGNL; RENAULT: MEGANE III Grandtour KZ0\/1,ESPACE III JE0_,LAGUNA I B56_, 556_,LAGUNA I Grandtour K56_,SAFRANE II B54_; FIAT: DUCATO Pritsche\/Fahrgestell 230,DUCATO Bus 230,DUCATO Kasten 244,DUCATO Pritsche\/Fahrgestell 244,DUCATO Kasten 230L,ULYSSE 179AX,DUCATO Bus 244, Z_,ULYSSE 220,SCUDO Kasten 220L,UNO 146A\/E,SCUDO Combinato 220P,TALENTO Pritsche\/Fahrgestell 290,TALENTO Bus 290,TALENTO Kasten 290,SCUDO Pritsche\/Fahrgestell 220_; SKODA: CITIGO,FABIA Stufenheck 6Y3; PEUGEOT: 206 Schr\u00e4gheck 2A\/C,307 SW 3H,307 3A\/C,206 SW 2E\/K,807 E,307 Break 3E,306 Schr\u00e4gheck 7A, 7C, N3, N5,607 9D, 9U,406 Break 8E\/F,PARTNER Combispace 5F,205 II 20A\/C,PARTNER Kasten 5,406 Coupe 8C,306 Break 7E, N3, N5,406 8B,806 221,BOXER Kasten 230L,BOXER Kasten 244,306 7B, N3, N5,PARTNER Kasten,EXPERT Kasten 222,309 II 3C, 3A,405 I 15B,BOXER Bus 230P,BOXER Bus 244, Z_,EXPERT 224,405 II 4B,BOXER Pritsche\/Fahrgestell 244,405 II Break 4E,405 I Break 15E,EXPERT Pritsche\/Fahrgestell 223,205 Kasten,PARTNER Pritsche\/Fahrgestell,306 Kasten\/Schr\u00e4gheck; Termostaatti, J\u00e4\u00e4hdytysneste<\/p>\n","protected":false},"excerpt":{"rendered":"<p>MAGNETI MARELLI Termostaatti 352317101000 Termostaatti, J\u00e4\u00e4hdytysneste VW,AUDI,MERCEDES-BENZ,CADDY III Kombi 2KB, 2KJ, 2CB, 2CJ,A4 Avant 8E5, B6<\/p>\n","protected":false},"featured_media":0,"template":"","meta":{"site-sidebar-layout":"default","site-content-layout":"default","ast-global-header-display":"","ast-main-header-display":"","ast-hfb-above-header-display":"","ast-hfb-below-header-display":"","ast-hfb-mobile-header-display":"","site-post-title":"","ast-breadcrumbs-content":"","ast-featured-img":"","footer-sml-layout":"","theme-transparent-header-meta":"","adv-header-id-meta":"","stick-header-meta":"","header-above-stick-meta":"","header-main-stick-meta":"","header-below-stick-meta":""},"pwb-brand":[34],"product_cat":[174],"product_tag":[],"class_list":{"0":"post-53870","1":"product","2":"type-product","3":"status-publish","5":"pwb-brand-magneti-marelli","6":"product_cat-termostaatti","7":"desktop-align-left","8":"tablet-align-left","9":"mobile-align-left","11":"first","12":"instock","13":"product-type-external"},"brands":[{"id":34,"name":"MAGNETI MARELLI","slug":"magneti-marelli"}],"_links":{"self":[{"href":"https:\/\/www.autonvaraosahaku.fi\/index.php?rest_route=\/wp\/v2\/product\/53870","targetHints":{"allow":["GET"]}}],"collection":[{"href":"https:\/\/www.autonvaraosahaku.fi\/index.php?rest_route=\/wp\/v2\/product"}],"about":[{"href":"https:\/\/www.autonvaraosahaku.fi\/index.php?rest_route=\/wp\/v2\/types\/product"}],"wp:attachment":[{"href":"https:\/\/www.autonvaraosahaku.fi\/index.php?rest_route=%2Fwp%2Fv2%2Fmedia&parent=53870"}],"wp:term":[{"taxonomy":"pwb-brand","embeddable":true,"href":"https:\/\/www.autonvaraosahaku.fi\/index.php?rest_route=%2Fwp%2Fv2%2Fpwb-brand&post=53870"},{"taxonomy":"product_cat","embeddable":true,"href":"https:\/\/www.autonvaraosahaku.fi\/index.php?rest_route=%2Fwp%2Fv2%2Fproduct_cat&post=53870"},{"taxonomy":"product_tag","embeddable":true,"href":"https:\/\/www.autonvaraosahaku.fi\/index.php?rest_route=%2Fwp%2Fv2%2Fproduct_tag&post=53870"}],"curies":[{"name":"wp","href":"https:\/\/api.w.org\/{rel}","templated":true}]}}