{"id":53881,"date":"2021-02-21T17:48:24","date_gmt":"2021-02-21T17:48:24","guid":{"rendered":"https:\/\/www.autonvaraosahaku.fi\/?product=ridex-9f0155-polttoainesuodatin"},"modified":"2021-02-21T17:48:28","modified_gmt":"2021-02-21T17:48:28","slug":"ridex-9f0155-polttoainesuodatin","status":"publish","type":"product","link":"https:\/\/www.autonvaraosahaku.fi\/?product=ridex-9f0155-polttoainesuodatin","title":{"rendered":"RIDEX 9F0155 Polttoainesuodatin"},"content":{"rendered":"<p>Ulkol\u00e4pimitta [mm]: 55; Paluuputken liittimen l\u00e4pimitta [mm]: 8; Sis\u00e4\u00e4ntulol\u00e4pimitta [mm]: 9,5; Ulostulon l\u00e4pimitta [mm]: 8; Korkeus (mm): 250; Varustelumahdollisuudet: China; BMW: 3 Touring E91,3 E90,1 E87,5 Touring F11,5 F10, F18,X1 E84,1 E81,1 F20,X3 F25,3 Coupe E92,3 Cabriolet E93,1 F21,1 Cabriolet E88,7 F01, F02, F03, F04,1 Coupe E82,5 Gran Turismo F07,4 Coupe F32, F82,6 Gran Coupe F06,6 Coupe F13,4 Cabriolet F33, F83,6 Cabriolet F12,4 Gran Coupe F36; MINI: MINI F56,MINI F55,MINI CLUBMAN F54,MINI Cabriolet F57; ROLLS-ROYCE: WRAITH RR5; 161272218469, 16127233840<\/p>\n","protected":false},"excerpt":{"rendered":"<p>RIDEX Polttoainesuodatin 9F0155  BMW,MINI,ROLLS-ROYCE,3 Touring E91,3 E90,1 E87,5 Touring F11,5 F10, F18,X1 E84,1 E81,1 F20,X3 F25,3 Coupe E92<\/p>\n","protected":false},"featured_media":0,"template":"","meta":{"site-sidebar-layout":"default","site-content-layout":"default","ast-global-header-display":"","ast-main-header-display":"","ast-hfb-above-header-display":"","ast-hfb-below-header-display":"","ast-hfb-mobile-header-display":"","site-post-title":"","ast-breadcrumbs-content":"","ast-featured-img":"","footer-sml-layout":"","theme-transparent-header-meta":"","adv-header-id-meta":"","stick-header-meta":"","header-above-stick-meta":"","header-main-stick-meta":"","header-below-stick-meta":""},"pwb-brand":[157],"product_cat":[29],"product_tag":[],"class_list":{"0":"post-53881","1":"product","2":"type-product","3":"status-publish","5":"pwb-brand-ridex","6":"product_cat-polttoainesuodatin","7":"desktop-align-left","8":"tablet-align-left","9":"mobile-align-left","11":"first","12":"instock","13":"product-type-external"},"brands":[{"id":157,"name":"RIDEX","slug":"ridex"}],"_links":{"self":[{"href":"https:\/\/www.autonvaraosahaku.fi\/index.php?rest_route=\/wp\/v2\/product\/53881","targetHints":{"allow":["GET"]}}],"collection":[{"href":"https:\/\/www.autonvaraosahaku.fi\/index.php?rest_route=\/wp\/v2\/product"}],"about":[{"href":"https:\/\/www.autonvaraosahaku.fi\/index.php?rest_route=\/wp\/v2\/types\/product"}],"wp:attachment":[{"href":"https:\/\/www.autonvaraosahaku.fi\/index.php?rest_route=%2Fwp%2Fv2%2Fmedia&parent=53881"}],"wp:term":[{"taxonomy":"pwb-brand","embeddable":true,"href":"https:\/\/www.autonvaraosahaku.fi\/index.php?rest_route=%2Fwp%2Fv2%2Fpwb-brand&post=53881"},{"taxonomy":"product_cat","embeddable":true,"href":"https:\/\/www.autonvaraosahaku.fi\/index.php?rest_route=%2Fwp%2Fv2%2Fproduct_cat&post=53881"},{"taxonomy":"product_tag","embeddable":true,"href":"https:\/\/www.autonvaraosahaku.fi\/index.php?rest_route=%2Fwp%2Fv2%2Fproduct_tag&post=53881"}],"curies":[{"name":"wp","href":"https:\/\/api.w.org\/{rel}","templated":true}]}}