{"id":53898,"date":"2021-02-21T17:48:29","date_gmt":"2021-02-21T17:48:29","guid":{"rendered":"https:\/\/www.autonvaraosahaku.fi\/?product=daco-germany-454790-iskunvaimennin"},"modified":"2021-02-21T17:48:33","modified_gmt":"2021-02-21T17:48:33","slug":"daco-germany-454790-iskunvaimennin","status":"publish","type":"product","link":"https:\/\/www.autonvaraosahaku.fi\/?product=daco-germany-454790-iskunvaimennin","title":{"rendered":"DACO Germany 454790 Iskunvaimennin"},"content":{"rendered":"<p>Iskunvaimennin tyyppi: Kaasupaine; Iskunvaimennin malli: Joustintuki; Iskunvaimennusj\u00e4rjestelm\u00e4: Kaksiputki; Paino [kg]: 6,000; Reik\u00e4-\u00d8 [mm]: 35; suurin pituus [mm]: 642; v\u00e4h. pituus [mm]: 462; Rakennemalli: Caravelle; VW: TRANSPORTER V Bus 7HB, 7HJ, 7EB, 7EJ, 7EF,MULTIVAN V 7HM, 7HN, 7HF, 7EF, 7EM, 7EN,TRANSPORTER V Kasten 7HA, 7HH, 7EA, 7EH,TRANSPORTER V Pritsche\/Fahrgestell 7JD, 7JE, 7JL, 7JY, 7JZ,,TRANSPORTER VI Bus SGB, SGG, SGJ,TRANSPORTER VI Kasten SGA, SGH,TRANSPORTER VI Pritsche\/Fahrgestell SFD, SFE, SFL, SFZ; 7E0413031C, 7E5413031A, 7E5413031C, 7H0413031D, 7H0413031G, 7H0413031H, 7H0413031K, 7H0413031L, 7H0413031M, 7H0413031N, 7H5413031D, 7H5413031G; Iskarit,Iskunvaimennin<\/p>\n","protected":false},"excerpt":{"rendered":"<p>DACO Germany Iskunvaimentimet 454790 Iskarit,Iskunvaimennin VW,TRANSPORTER V Bus 7HB, 7HJ, 7EB, 7EJ, 7EF,MULTIVAN V 7HM, 7HN, 7HF, 7EF, 7EM, 7EN<\/p>\n","protected":false},"featured_media":0,"template":"","meta":{"site-sidebar-layout":"default","site-content-layout":"default","ast-global-header-display":"","ast-main-header-display":"","ast-hfb-above-header-display":"","ast-hfb-below-header-display":"","ast-hfb-mobile-header-display":"","site-post-title":"","ast-breadcrumbs-content":"","ast-featured-img":"","footer-sml-layout":"","theme-transparent-header-meta":"","adv-header-id-meta":"","stick-header-meta":"","header-above-stick-meta":"","header-main-stick-meta":"","header-below-stick-meta":""},"pwb-brand":[349],"product_cat":[80],"product_tag":[],"class_list":{"0":"post-53898","1":"product","2":"type-product","3":"status-publish","5":"pwb-brand-daco-germany","6":"product_cat-iskunvaimennin","7":"desktop-align-left","8":"tablet-align-left","9":"mobile-align-left","11":"first","12":"instock","13":"product-type-external"},"brands":[{"id":349,"name":"DACO Germany","slug":"daco-germany"}],"_links":{"self":[{"href":"https:\/\/www.autonvaraosahaku.fi\/index.php?rest_route=\/wp\/v2\/product\/53898","targetHints":{"allow":["GET"]}}],"collection":[{"href":"https:\/\/www.autonvaraosahaku.fi\/index.php?rest_route=\/wp\/v2\/product"}],"about":[{"href":"https:\/\/www.autonvaraosahaku.fi\/index.php?rest_route=\/wp\/v2\/types\/product"}],"wp:attachment":[{"href":"https:\/\/www.autonvaraosahaku.fi\/index.php?rest_route=%2Fwp%2Fv2%2Fmedia&parent=53898"}],"wp:term":[{"taxonomy":"pwb-brand","embeddable":true,"href":"https:\/\/www.autonvaraosahaku.fi\/index.php?rest_route=%2Fwp%2Fv2%2Fpwb-brand&post=53898"},{"taxonomy":"product_cat","embeddable":true,"href":"https:\/\/www.autonvaraosahaku.fi\/index.php?rest_route=%2Fwp%2Fv2%2Fproduct_cat&post=53898"},{"taxonomy":"product_tag","embeddable":true,"href":"https:\/\/www.autonvaraosahaku.fi\/index.php?rest_route=%2Fwp%2Fv2%2Fproduct_tag&post=53898"}],"curies":[{"name":"wp","href":"https:\/\/api.w.org\/{rel}","templated":true}]}}