{"id":53943,"date":"2021-02-21T17:48:47","date_gmt":"2021-02-21T17:48:47","guid":{"rendered":"https:\/\/www.autonvaraosahaku.fi\/?product=valeo-043238-ajovaloumpio"},"modified":"2021-02-21T17:48:48","modified_gmt":"2021-02-21T17:48:48","slug":"valeo-043238-ajovaloumpio","status":"publish","type":"product","link":"https:\/\/www.autonvaraosahaku.fi\/?product=valeo-043238-ajovaloumpio","title":{"rendered":"VALEO 043238 Ajovaloumpio"},"content":{"rendered":"<p>Vasen \/ oikea liikenne: Oikeanpuoleiselle liikenteelle; Asennuspuoli: Vasen; Varusteet: Valonsuuntaimella varustetuile (s\u00e4hk\u00f6); Korvaava tuote\/korvaava tiedote 2: Valokorkeuss\u00e4\u00e4timen moottorilla; Valotoiminto: puolivalolla, p\u00e4\u00e4valonheittimell\u00e4; Lyhdyn muoto: Halogeeni; Lamppumalli: H7, H1, W5W, PY21W; Lis\u00e4tarvike\/lis\u00e4tieto: Polttimolla; Vilkun v\u00e4ri: L\u00e4pin\u00e4kyv\u00e4; Vaikutelma: Valkoinen, Valkoinen; Paino [kg]: 4,23, 4,23; Tuotelinja: ORIGINAL PART; Oviluku: 3\/5; PEUGEOT: 207 WA_, WC_,207 CC WD_,207 SW WK_,207 Van; 620895; Ajovalot,Etuvalot,Ajovalo<\/p>\n","protected":false},"excerpt":{"rendered":"<p>VALEO Ajovaloumpio 043238 Ajovalot,Etuvalot PEUGEOT,207 WA_, WC_,207 CC WD_,207 SW WK_,207 Van<\/p>\n","protected":false},"featured_media":0,"template":"","meta":{"site-sidebar-layout":"default","site-content-layout":"default","ast-global-header-display":"","ast-main-header-display":"","ast-hfb-above-header-display":"","ast-hfb-below-header-display":"","ast-hfb-mobile-header-display":"","site-post-title":"","ast-breadcrumbs-content":"","ast-featured-img":"","footer-sml-layout":"","theme-transparent-header-meta":"","adv-header-id-meta":"","stick-header-meta":"","header-above-stick-meta":"","header-main-stick-meta":"","header-below-stick-meta":""},"pwb-brand":[28],"product_cat":[185],"product_tag":[],"class_list":{"0":"post-53943","1":"product","2":"type-product","3":"status-publish","5":"pwb-brand-valeo","6":"product_cat-ajovaloumpio","7":"desktop-align-left","8":"tablet-align-left","9":"mobile-align-left","11":"first","12":"instock","13":"product-type-external"},"brands":[{"id":28,"name":"VALEO","slug":"valeo"}],"_links":{"self":[{"href":"https:\/\/www.autonvaraosahaku.fi\/index.php?rest_route=\/wp\/v2\/product\/53943","targetHints":{"allow":["GET"]}}],"collection":[{"href":"https:\/\/www.autonvaraosahaku.fi\/index.php?rest_route=\/wp\/v2\/product"}],"about":[{"href":"https:\/\/www.autonvaraosahaku.fi\/index.php?rest_route=\/wp\/v2\/types\/product"}],"wp:attachment":[{"href":"https:\/\/www.autonvaraosahaku.fi\/index.php?rest_route=%2Fwp%2Fv2%2Fmedia&parent=53943"}],"wp:term":[{"taxonomy":"pwb-brand","embeddable":true,"href":"https:\/\/www.autonvaraosahaku.fi\/index.php?rest_route=%2Fwp%2Fv2%2Fpwb-brand&post=53943"},{"taxonomy":"product_cat","embeddable":true,"href":"https:\/\/www.autonvaraosahaku.fi\/index.php?rest_route=%2Fwp%2Fv2%2Fproduct_cat&post=53943"},{"taxonomy":"product_tag","embeddable":true,"href":"https:\/\/www.autonvaraosahaku.fi\/index.php?rest_route=%2Fwp%2Fv2%2Fproduct_tag&post=53943"}],"curies":[{"name":"wp","href":"https:\/\/api.w.org\/{rel}","templated":true}]}}