{"id":54003,"date":"2021-02-21T17:49:04","date_gmt":"2021-02-21T17:49:04","guid":{"rendered":"https:\/\/www.autonvaraosahaku.fi\/?product=goetze-engine-08-425600-00-mannanrenkaat"},"modified":"2021-02-21T17:49:05","modified_gmt":"2021-02-21T17:49:05","slug":"goetze-engine-08-425600-00-mannanrenkaat","status":"publish","type":"product","link":"https:\/\/www.autonvaraosahaku.fi\/?product=goetze-engine-08-425600-00-mannanrenkaat","title":{"rendered":"GOETZE ENGINE 08-425600-00 M\u00e4nn\u00e4nrenkaat"},"content":{"rendered":"<p>Sylinterin halkaisija [mm]: 69,60; Komponenttinumero: 1.5mm 005 NT F14, 2.0mm 001 CK P KV4, 2.0mm 231 CR P GOE13; Vakiomitta (STD): ; TECDOC-moottorinumero: 20243; SUZUKI: SWIFT III MZ, EZ,SPLASH; LANCIA: YPSILON 843,MUSA 350; OPEL: CORSA D,ASTRA H Caravan L35,MERIVA,ASTRA H L48,ASTRA H GTC L08,COMBO Kasten\/Kombi,COMBO Tour,AGILA B H08,CORSA D Van,ASTRA H Stufenheck L69,ASTRA H Kasten L70,ASTRA CLASSIC L48; ALFA ROMEO: MITO 955; FIAT: GRANDE PUNTO 199,PUNTO EVO 199,DOBLO Cargo 223,DOBLO 119,DOBLO Kasten\/Kombi 263,IDEA,STRADA Pick-up 178E,DOBLO Gro\u00dfraumlimousine 152, 263,LINEA 323,PUNTO Van 199,DOBLO Pritsche\/Fahrgestell 263,GRANDE PUNTO Van 199_; VAUXHALL: CORSA Mk III D L_8,ASTRA Mk V H CC,ASTRA Mk V H Estate,AGILA Mk II B,MERIVA Mk I A,CORSAVAN Mk III D,ASTRAVAN Mk V H,COMBO TOUR Mk II C F25,COMBO Mk II C Kasten\/Kombi F25; 71752645, 71752645, 630365, 93196901, 630365, 93196901; M\u00e4nn\u00e4nrengassarja<\/p>\n","protected":false},"excerpt":{"rendered":"<p>GOETZE ENGINE M\u00e4nn\u00e4nrenkaat 08-425600-00 M\u00e4nn\u00e4nrengassarja SUZUKI,LANCIA,OPEL,SWIFT III MZ, EZ,SPLASH,YPSILON 843,MUSA 350,CORSA D,ASTRA H Caravan L35<\/p>\n","protected":false},"featured_media":0,"template":"","meta":{"site-sidebar-layout":"default","site-content-layout":"default","ast-global-header-display":"","ast-main-header-display":"","ast-hfb-above-header-display":"","ast-hfb-below-header-display":"","ast-hfb-mobile-header-display":"","site-post-title":"","ast-breadcrumbs-content":"","ast-featured-img":"","footer-sml-layout":"","theme-transparent-header-meta":"","adv-header-id-meta":"","stick-header-meta":"","header-above-stick-meta":"","header-main-stick-meta":"","header-below-stick-meta":""},"pwb-brand":[224],"product_cat":[154],"product_tag":[],"class_list":{"0":"post-54003","1":"product","2":"type-product","3":"status-publish","5":"pwb-brand-goetze-engine","6":"product_cat-mannanrenkaat","7":"desktop-align-left","8":"tablet-align-left","9":"mobile-align-left","11":"first","12":"instock","13":"product-type-external"},"brands":[{"id":224,"name":"GOETZE ENGINE","slug":"goetze-engine"}],"_links":{"self":[{"href":"https:\/\/www.autonvaraosahaku.fi\/index.php?rest_route=\/wp\/v2\/product\/54003","targetHints":{"allow":["GET"]}}],"collection":[{"href":"https:\/\/www.autonvaraosahaku.fi\/index.php?rest_route=\/wp\/v2\/product"}],"about":[{"href":"https:\/\/www.autonvaraosahaku.fi\/index.php?rest_route=\/wp\/v2\/types\/product"}],"wp:attachment":[{"href":"https:\/\/www.autonvaraosahaku.fi\/index.php?rest_route=%2Fwp%2Fv2%2Fmedia&parent=54003"}],"wp:term":[{"taxonomy":"pwb-brand","embeddable":true,"href":"https:\/\/www.autonvaraosahaku.fi\/index.php?rest_route=%2Fwp%2Fv2%2Fpwb-brand&post=54003"},{"taxonomy":"product_cat","embeddable":true,"href":"https:\/\/www.autonvaraosahaku.fi\/index.php?rest_route=%2Fwp%2Fv2%2Fproduct_cat&post=54003"},{"taxonomy":"product_tag","embeddable":true,"href":"https:\/\/www.autonvaraosahaku.fi\/index.php?rest_route=%2Fwp%2Fv2%2Fproduct_tag&post=54003"}],"curies":[{"name":"wp","href":"https:\/\/api.w.org\/{rel}","templated":true}]}}