{"id":54012,"date":"2021-02-21T17:49:04","date_gmt":"2021-02-21T17:49:04","guid":{"rendered":"https:\/\/www.autonvaraosahaku.fi\/?product=ridex-2523r0003-muut-luokat"},"modified":"2021-02-21T17:49:07","modified_gmt":"2021-02-21T17:49:07","slug":"ridex-2523r0003-muut-luokat","status":"publish","type":"product","link":"https:\/\/www.autonvaraosahaku.fi\/?product=ridex-2523r0003-muut-luokat","title":{"rendered":"RIDEX 2523R0003 Muut luokat"},"content":{"rendered":"<p>M\u00e4\u00e4r\u00e4yksikk\u00f6: Sarja; Asennuspuoli: Etuakseli, yl\u00e4, Etuakseli, ala; Kartiomitta (mm): 18; Tarvittava kappalem\u00e4\u00e4r\u00e4: 2,0; Akselimalli: VH10; CITRO\u00cbN: C5 III Break TD_,C5 III RD_,C6 TD_; PEUGEOT: 407 SW 6E_,508 SW,407 6D_,508,407 Coupe 6C_; 364057, 364058, 364069, 364072, 364057, 364058, 364069, 364072<\/p>\n","protected":false},"excerpt":{"rendered":"<p>RIDEX Korjaussarja, Alapallo- \/ Pallonivel 2523R0003  CITRO\u00cbN,PEUGEOT,C5 III Break TD_,C5 III RD_,C6 TD_,407 SW 6E_,508 SW,407 6D_,508,407 Coupe 6C_<\/p>\n","protected":false},"featured_media":0,"template":"","meta":{"site-sidebar-layout":"default","site-content-layout":"default","ast-global-header-display":"","ast-main-header-display":"","ast-hfb-above-header-display":"","ast-hfb-below-header-display":"","ast-hfb-mobile-header-display":"","site-post-title":"","ast-breadcrumbs-content":"","ast-featured-img":"","footer-sml-layout":"","theme-transparent-header-meta":"","adv-header-id-meta":"","stick-header-meta":"","header-above-stick-meta":"","header-main-stick-meta":"","header-below-stick-meta":""},"pwb-brand":[157],"product_cat":[37],"product_tag":[],"class_list":{"0":"post-54012","1":"product","2":"type-product","3":"status-publish","5":"pwb-brand-ridex","6":"product_cat-muut-luokat","7":"desktop-align-left","8":"tablet-align-left","9":"mobile-align-left","11":"first","12":"instock","13":"product-type-external"},"brands":[{"id":157,"name":"RIDEX","slug":"ridex"}],"_links":{"self":[{"href":"https:\/\/www.autonvaraosahaku.fi\/index.php?rest_route=\/wp\/v2\/product\/54012","targetHints":{"allow":["GET"]}}],"collection":[{"href":"https:\/\/www.autonvaraosahaku.fi\/index.php?rest_route=\/wp\/v2\/product"}],"about":[{"href":"https:\/\/www.autonvaraosahaku.fi\/index.php?rest_route=\/wp\/v2\/types\/product"}],"wp:attachment":[{"href":"https:\/\/www.autonvaraosahaku.fi\/index.php?rest_route=%2Fwp%2Fv2%2Fmedia&parent=54012"}],"wp:term":[{"taxonomy":"pwb-brand","embeddable":true,"href":"https:\/\/www.autonvaraosahaku.fi\/index.php?rest_route=%2Fwp%2Fv2%2Fpwb-brand&post=54012"},{"taxonomy":"product_cat","embeddable":true,"href":"https:\/\/www.autonvaraosahaku.fi\/index.php?rest_route=%2Fwp%2Fv2%2Fproduct_cat&post=54012"},{"taxonomy":"product_tag","embeddable":true,"href":"https:\/\/www.autonvaraosahaku.fi\/index.php?rest_route=%2Fwp%2Fv2%2Fproduct_tag&post=54012"}],"curies":[{"name":"wp","href":"https:\/\/api.w.org\/{rel}","templated":true}]}}