{"id":54052,"date":"2021-02-21T17:49:16","date_gmt":"2021-02-21T17:49:16","guid":{"rendered":"https:\/\/www.autonvaraosahaku.fi\/?product=tedgum-ted89195-tukivarren-hela"},"modified":"2021-02-21T17:49:19","modified_gmt":"2021-02-21T17:49:19","slug":"tedgum-ted89195-tukivarren-hela","status":"publish","type":"product","link":"https:\/\/www.autonvaraosahaku.fi\/?product=tedgum-ted89195-tukivarren-hela","title":{"rendered":"TEDGUM TED89195 Tukivarren hela"},"content":{"rendered":"<p>Lukum\u00e4\u00e4r\u00e4 akselille: 2; Materiaali: PU (polyuretaani); Asennuspuoli: Sisempi, Ulompi, etuakseli molemminpuoleinen; Sis\u00e4l\u00e4pimitta [mm]: 12; Tanko \/ tuki: Panhardtangolle; Korvaava tuote\/korvaava tiedote 2: rasvakupilla, asennusohjeella; JEEP: GRAND CHEROKEE II WJ, WG; 52088305AB<\/p>\n","protected":false},"excerpt":{"rendered":"<p>TEDGUM Kiinnitys, Panhard-Tanko TED89195  JEEP,GRAND CHEROKEE II WJ, WG<\/p>\n","protected":false},"featured_media":0,"template":"","meta":{"site-sidebar-layout":"default","site-content-layout":"default","ast-global-header-display":"","ast-main-header-display":"","ast-hfb-above-header-display":"","ast-hfb-below-header-display":"","ast-hfb-mobile-header-display":"","site-post-title":"","ast-breadcrumbs-content":"","ast-featured-img":"","footer-sml-layout":"","theme-transparent-header-meta":"","adv-header-id-meta":"","stick-header-meta":"","header-above-stick-meta":"","header-main-stick-meta":"","header-below-stick-meta":""},"pwb-brand":[155],"product_cat":[115],"product_tag":[],"class_list":{"0":"post-54052","1":"product","2":"type-product","3":"status-publish","5":"pwb-brand-tedgum","6":"product_cat-tukivarren-hela","7":"desktop-align-left","8":"tablet-align-left","9":"mobile-align-left","11":"first","12":"instock","13":"product-type-external"},"brands":[{"id":155,"name":"TEDGUM","slug":"tedgum"}],"_links":{"self":[{"href":"https:\/\/www.autonvaraosahaku.fi\/index.php?rest_route=\/wp\/v2\/product\/54052","targetHints":{"allow":["GET"]}}],"collection":[{"href":"https:\/\/www.autonvaraosahaku.fi\/index.php?rest_route=\/wp\/v2\/product"}],"about":[{"href":"https:\/\/www.autonvaraosahaku.fi\/index.php?rest_route=\/wp\/v2\/types\/product"}],"wp:attachment":[{"href":"https:\/\/www.autonvaraosahaku.fi\/index.php?rest_route=%2Fwp%2Fv2%2Fmedia&parent=54052"}],"wp:term":[{"taxonomy":"pwb-brand","embeddable":true,"href":"https:\/\/www.autonvaraosahaku.fi\/index.php?rest_route=%2Fwp%2Fv2%2Fpwb-brand&post=54052"},{"taxonomy":"product_cat","embeddable":true,"href":"https:\/\/www.autonvaraosahaku.fi\/index.php?rest_route=%2Fwp%2Fv2%2Fproduct_cat&post=54052"},{"taxonomy":"product_tag","embeddable":true,"href":"https:\/\/www.autonvaraosahaku.fi\/index.php?rest_route=%2Fwp%2Fv2%2Fproduct_tag&post=54052"}],"curies":[{"name":"wp","href":"https:\/\/api.w.org\/{rel}","templated":true}]}}