{"id":54054,"date":"2021-02-21T17:49:16","date_gmt":"2021-02-21T17:49:16","guid":{"rendered":"https:\/\/www.autonvaraosahaku.fi\/?product=ridex-3405b0231-jarrulevyt"},"modified":"2021-02-21T17:49:19","modified_gmt":"2021-02-21T17:49:19","slug":"ridex-3405b0231-jarrulevyt","status":"publish","type":"product","link":"https:\/\/www.autonvaraosahaku.fi\/?product=ridex-3405b0231-jarrulevyt","title":{"rendered":"RIDEX 3405B0231 Jarrulevyt"},"content":{"rendered":"<p>Asennuspuoli: Etuakseli; Korvaava tuote\/korvaava tiedote 2: Jarrupaloilla; Jarrulevytyyppi: Tuuletettu, sis\u00e4; L\u00e4pimitta [mm]: 296; Jarrulevyn paksuus (mm): 30; Vanne, aukkoja: 5; Reik\u00e4ympyr\u00e4-\u00d8 [mm]: 120; V\u00e4himm\u00e4ispaksuus (mm): 27; Paino [kg]: 20,00; Vannekoko (tuumaa): 16; CHEVROLET: MALIBU V300; SAAB: 9-5 YS3G; OPEL: INSIGNIA Caravan,INSIGNIA,INSIGNIA Stufenheck,INSIGNIA A Country Tourer G09; VAUXHALL: INSIGNIA Mk I A,INSIGNIA Mk I A Estate,INSIGNIA Mk I A Sedan,INSIGNIA Mk I A Country Tourer G09; 1515037<\/p>\n","protected":false},"excerpt":{"rendered":"<p>RIDEX Jarrupalasarja Levyjarru 3405B0231  CHEVROLET,SAAB,OPEL,MALIBU V300,9-5 YS3G,INSIGNIA Caravan,INSIGNIA,INSIGNIA Stufenheck<\/p>\n","protected":false},"featured_media":0,"template":"","meta":{"site-sidebar-layout":"default","site-content-layout":"default","ast-global-header-display":"","ast-main-header-display":"","ast-hfb-above-header-display":"","ast-hfb-below-header-display":"","ast-hfb-mobile-header-display":"","site-post-title":"","ast-breadcrumbs-content":"","ast-featured-img":"","footer-sml-layout":"","theme-transparent-header-meta":"","adv-header-id-meta":"","stick-header-meta":"","header-above-stick-meta":"","header-main-stick-meta":"","header-below-stick-meta":""},"pwb-brand":[157],"product_cat":[66],"product_tag":[],"class_list":{"0":"post-54054","1":"product","2":"type-product","3":"status-publish","5":"pwb-brand-ridex","6":"product_cat-jarrulevyt","7":"desktop-align-left","8":"tablet-align-left","9":"mobile-align-left","11":"first","12":"instock","13":"product-type-external"},"brands":[{"id":157,"name":"RIDEX","slug":"ridex"}],"_links":{"self":[{"href":"https:\/\/www.autonvaraosahaku.fi\/index.php?rest_route=\/wp\/v2\/product\/54054","targetHints":{"allow":["GET"]}}],"collection":[{"href":"https:\/\/www.autonvaraosahaku.fi\/index.php?rest_route=\/wp\/v2\/product"}],"about":[{"href":"https:\/\/www.autonvaraosahaku.fi\/index.php?rest_route=\/wp\/v2\/types\/product"}],"wp:attachment":[{"href":"https:\/\/www.autonvaraosahaku.fi\/index.php?rest_route=%2Fwp%2Fv2%2Fmedia&parent=54054"}],"wp:term":[{"taxonomy":"pwb-brand","embeddable":true,"href":"https:\/\/www.autonvaraosahaku.fi\/index.php?rest_route=%2Fwp%2Fv2%2Fpwb-brand&post=54054"},{"taxonomy":"product_cat","embeddable":true,"href":"https:\/\/www.autonvaraosahaku.fi\/index.php?rest_route=%2Fwp%2Fv2%2Fproduct_cat&post=54054"},{"taxonomy":"product_tag","embeddable":true,"href":"https:\/\/www.autonvaraosahaku.fi\/index.php?rest_route=%2Fwp%2Fv2%2Fproduct_tag&post=54054"}],"curies":[{"name":"wp","href":"https:\/\/api.w.org\/{rel}","templated":true}]}}