{"id":54058,"date":"2021-02-21T17:49:16","date_gmt":"2021-02-21T17:49:16","guid":{"rendered":"https:\/\/www.autonvaraosahaku.fi\/?product=metzger-0901218-anturit-sensorit"},"modified":"2021-02-21T17:49:20","modified_gmt":"2021-02-21T17:49:20","slug":"metzger-0901218-anturit-sensorit","status":"publish","type":"product","link":"https:\/\/www.autonvaraosahaku.fi\/?product=metzger-0901218-anturit-sensorit","title":{"rendered":"METZGER 0901218 Anturit (sensorit)"},"content":{"rendered":"<p>Napojen m\u00e4\u00e4r\u00e4: 6; Varusteet: ajoneuvoille ajovalons\u00e4\u00e4d\u00f6ll\u00e4 (automaattisella); Korvaava tuote\/korvaava tiedote 2: Ilman kiinnitysmateriaalia, ilman kiinnityskiristint\u00e4; Asennuspuoli: Vorderachse; VOLVO: V70 II SW,XC90 I,S60 I,S80 I TS, XY; FORD: MONDEO IV Turnier BA7,S-MAX WA6,GALAXY WA6,MONDEO IV BA7,MONDEO IV Stufenheck BA7; 1377856, 1377865, 1380837, 1380838, 1474305, 1474312, 1524075, 1536801, 1679311, 1682745, 6G9N3C492AA, 7G9N3C097AA, 7G9N3C438AA, 8G9N3C492AA, 30645605, 30782822, 31300198, 8622446<\/p>\n","protected":false},"excerpt":{"rendered":"<p>METZGER Sensori, Xenonvalo (Ajovalokorkeuden S\u00e4\u00e4t\u00f6) 0901218  VOLVO,FORD,V70 II SW,XC90 I,S60 I,S80 I TS, XY,MONDEO IV Turnier BA7,S-MAX WA6,GALAXY WA6<\/p>\n","protected":false},"featured_media":0,"template":"","meta":{"site-sidebar-layout":"default","site-content-layout":"default","ast-global-header-display":"","ast-main-header-display":"","ast-hfb-above-header-display":"","ast-hfb-below-header-display":"","ast-hfb-mobile-header-display":"","site-post-title":"","ast-breadcrumbs-content":"","ast-featured-img":"","footer-sml-layout":"","theme-transparent-header-meta":"","adv-header-id-meta":"","stick-header-meta":"","header-above-stick-meta":"","header-main-stick-meta":"","header-below-stick-meta":""},"pwb-brand":[69],"product_cat":[98],"product_tag":[],"class_list":{"0":"post-54058","1":"product","2":"type-product","3":"status-publish","5":"pwb-brand-metzger","6":"product_cat-anturit-sensorit","7":"desktop-align-left","8":"tablet-align-left","9":"mobile-align-left","11":"first","12":"instock","13":"product-type-external"},"brands":[{"id":69,"name":"METZGER","slug":"metzger"}],"_links":{"self":[{"href":"https:\/\/www.autonvaraosahaku.fi\/index.php?rest_route=\/wp\/v2\/product\/54058","targetHints":{"allow":["GET"]}}],"collection":[{"href":"https:\/\/www.autonvaraosahaku.fi\/index.php?rest_route=\/wp\/v2\/product"}],"about":[{"href":"https:\/\/www.autonvaraosahaku.fi\/index.php?rest_route=\/wp\/v2\/types\/product"}],"wp:attachment":[{"href":"https:\/\/www.autonvaraosahaku.fi\/index.php?rest_route=%2Fwp%2Fv2%2Fmedia&parent=54058"}],"wp:term":[{"taxonomy":"pwb-brand","embeddable":true,"href":"https:\/\/www.autonvaraosahaku.fi\/index.php?rest_route=%2Fwp%2Fv2%2Fpwb-brand&post=54058"},{"taxonomy":"product_cat","embeddable":true,"href":"https:\/\/www.autonvaraosahaku.fi\/index.php?rest_route=%2Fwp%2Fv2%2Fproduct_cat&post=54058"},{"taxonomy":"product_tag","embeddable":true,"href":"https:\/\/www.autonvaraosahaku.fi\/index.php?rest_route=%2Fwp%2Fv2%2Fproduct_tag&post=54058"}],"curies":[{"name":"wp","href":"https:\/\/api.w.org\/{rel}","templated":true}]}}