{"id":54069,"date":"2021-02-21T17:49:23","date_gmt":"2021-02-21T17:49:23","guid":{"rendered":"https:\/\/www.autonvaraosahaku.fi\/?product=ridex-316t0214-termostaatti"},"modified":"2021-02-21T17:49:24","modified_gmt":"2021-02-21T17:49:24","slug":"ridex-316t0214-termostaatti","status":"publish","type":"product","link":"https:\/\/www.autonvaraosahaku.fi\/?product=ridex-316t0214-termostaatti","title":{"rendered":"RIDEX 316T0214 Termostaatti"},"content":{"rendered":"<p>Avausl\u00e4mp\u00f6tila [\u00b0C]: 85; Lis\u00e4tarvike\/lis\u00e4tieto: Tiivisteill\u00e4; L\u00e4pimitta 1 [mm]: 53,5; L\u00e4pimitta 2 [mm]: 29; Korkeus 1 (mm): 33; Valmistusvuosi alkaen: 02\/2004; KIA: PICANTO BA,SPORTAGE SL,CEE&#8217;D SW ED,CEE&#8217;D Schr\u00e4gheck ED,SPORTAGE JE_, KM_,SORENTO II XM,CARENS II FJ,RIO II JB,CARENS III UN,CARNIVAL II GQ,PRO CEE&#8217;D ED,CERATO LD,MAGENTIS MG,CERATO Stufenheck LD,RIO II Stufenheck JB,OPTIMA,CERATO II Stufenheck TD,CERATO YD Stufenheck,CERATO KOUP TD; HYUNDAI: ix35 LM, EL, ELH,i30 FD,GETZ TB,TUCSON JM,i30 CW FD,SANTA F\u00c9 I SM,SANTA F\u00c9 II CM,MATRIX FC,COUPE GK,TRAJET FO,SONATA V NF,SANTA F\u00c9 III DM,ACCENT II LC,COUPE RD,ACCENT III MC,ELANTRA XD,ACCENT III Stufenheck MC,ELANTRA Stufenheck XD,ACCENT I X-3,ACCENT II Stufenheck LC,GRANDEUR TG,LANTRA II Wagon J-2,LANTRA II J-2,ACCENT Stufenheck X-3,HIGHWAY VAN,TIBURON Coupe,ELANTRA Stufenheck HD,SONATA VI YF,GRANDEUR HG; 2550027000, 2550027000AT, 2550027000, 2550027000AT; Termostaatti, J\u00e4\u00e4hdytysneste<\/p>\n","protected":false},"excerpt":{"rendered":"<p>RIDEX Termostaatti 316T0214 Termostaatti, J\u00e4\u00e4hdytysneste KIA,HYUNDAI,PICANTO BA,SPORTAGE SL,CEE&#8217;D SW ED,CEE&#8217;D Schr\u00e4gheck ED,SPORTAGE JE_, KM_<\/p>\n","protected":false},"featured_media":0,"template":"","meta":{"site-sidebar-layout":"default","site-content-layout":"default","ast-global-header-display":"","ast-main-header-display":"","ast-hfb-above-header-display":"","ast-hfb-below-header-display":"","ast-hfb-mobile-header-display":"","site-post-title":"","ast-breadcrumbs-content":"","ast-featured-img":"","footer-sml-layout":"","theme-transparent-header-meta":"","adv-header-id-meta":"","stick-header-meta":"","header-above-stick-meta":"","header-main-stick-meta":"","header-below-stick-meta":""},"pwb-brand":[157],"product_cat":[174],"product_tag":[],"class_list":{"0":"post-54069","1":"product","2":"type-product","3":"status-publish","5":"pwb-brand-ridex","6":"product_cat-termostaatti","7":"desktop-align-left","8":"tablet-align-left","9":"mobile-align-left","11":"first","12":"instock","13":"product-type-external"},"brands":[{"id":157,"name":"RIDEX","slug":"ridex"}],"_links":{"self":[{"href":"https:\/\/www.autonvaraosahaku.fi\/index.php?rest_route=\/wp\/v2\/product\/54069","targetHints":{"allow":["GET"]}}],"collection":[{"href":"https:\/\/www.autonvaraosahaku.fi\/index.php?rest_route=\/wp\/v2\/product"}],"about":[{"href":"https:\/\/www.autonvaraosahaku.fi\/index.php?rest_route=\/wp\/v2\/types\/product"}],"wp:attachment":[{"href":"https:\/\/www.autonvaraosahaku.fi\/index.php?rest_route=%2Fwp%2Fv2%2Fmedia&parent=54069"}],"wp:term":[{"taxonomy":"pwb-brand","embeddable":true,"href":"https:\/\/www.autonvaraosahaku.fi\/index.php?rest_route=%2Fwp%2Fv2%2Fpwb-brand&post=54069"},{"taxonomy":"product_cat","embeddable":true,"href":"https:\/\/www.autonvaraosahaku.fi\/index.php?rest_route=%2Fwp%2Fv2%2Fproduct_cat&post=54069"},{"taxonomy":"product_tag","embeddable":true,"href":"https:\/\/www.autonvaraosahaku.fi\/index.php?rest_route=%2Fwp%2Fv2%2Fproduct_tag&post=54069"}],"curies":[{"name":"wp","href":"https:\/\/api.w.org\/{rel}","templated":true}]}}