{"id":54107,"date":"2021-02-21T17:49:34","date_gmt":"2021-02-21T17:49:34","guid":{"rendered":"https:\/\/www.autonvaraosahaku.fi\/?product=van-wezel-0904436-sisalokasuoja"},"modified":"2021-02-21T17:49:36","modified_gmt":"2021-02-21T17:49:36","slug":"van-wezel-0904436-sisalokasuoja","status":"publish","type":"product","link":"https:\/\/www.autonvaraosahaku.fi\/?product=van-wezel-0904436-sisalokasuoja","title":{"rendered":"VAN WEZEL 0904436 Sis\u00e4lokasuoja"},"content":{"rendered":"<p>Asennuspuoli: Eteen, oikea; Osa: Sis\u00e4 osa; Kiinniketyyppi polkupy\u00f6r\u00e4: pystysuoraan asennukseen; parilliset tuotenumerot: 0904435; Valmistusvuosi alkaen: 11\/2002; CITRO\u00cbN: BERLINGO MF,BERLINGO Kasten M_,BERLINGO Kasten B9; PEUGEOT: PARTNER Combispace 5F,PARTNER Kasten 5; 7136K6; Verhous, Sis\u00e4lokasuoja<\/p>\n","protected":false},"excerpt":{"rendered":"<p>VAN WEZEL Sis\u00e4lokasuoja 0904436 Verhous, Sis\u00e4lokasuoja CITRO\u00cbN,PEUGEOT,BERLINGO MF,BERLINGO Kasten M_,BERLINGO Kasten B9,PARTNER Combispace 5F<\/p>\n","protected":false},"featured_media":0,"template":"","meta":{"site-sidebar-layout":"default","site-content-layout":"default","ast-global-header-display":"","ast-main-header-display":"","ast-hfb-above-header-display":"","ast-hfb-below-header-display":"","ast-hfb-mobile-header-display":"","site-post-title":"","ast-breadcrumbs-content":"","ast-featured-img":"","footer-sml-layout":"","theme-transparent-header-meta":"","adv-header-id-meta":"","stick-header-meta":"","header-above-stick-meta":"","header-main-stick-meta":"","header-below-stick-meta":""},"pwb-brand":[54],"product_cat":[179],"product_tag":[],"class_list":{"0":"post-54107","1":"product","2":"type-product","3":"status-publish","5":"pwb-brand-van-wezel","6":"product_cat-sisalokasuoja","7":"desktop-align-left","8":"tablet-align-left","9":"mobile-align-left","11":"first","12":"instock","13":"product-type-external"},"brands":[{"id":54,"name":"VAN WEZEL","slug":"van-wezel"}],"_links":{"self":[{"href":"https:\/\/www.autonvaraosahaku.fi\/index.php?rest_route=\/wp\/v2\/product\/54107","targetHints":{"allow":["GET"]}}],"collection":[{"href":"https:\/\/www.autonvaraosahaku.fi\/index.php?rest_route=\/wp\/v2\/product"}],"about":[{"href":"https:\/\/www.autonvaraosahaku.fi\/index.php?rest_route=\/wp\/v2\/types\/product"}],"wp:attachment":[{"href":"https:\/\/www.autonvaraosahaku.fi\/index.php?rest_route=%2Fwp%2Fv2%2Fmedia&parent=54107"}],"wp:term":[{"taxonomy":"pwb-brand","embeddable":true,"href":"https:\/\/www.autonvaraosahaku.fi\/index.php?rest_route=%2Fwp%2Fv2%2Fpwb-brand&post=54107"},{"taxonomy":"product_cat","embeddable":true,"href":"https:\/\/www.autonvaraosahaku.fi\/index.php?rest_route=%2Fwp%2Fv2%2Fproduct_cat&post=54107"},{"taxonomy":"product_tag","embeddable":true,"href":"https:\/\/www.autonvaraosahaku.fi\/index.php?rest_route=%2Fwp%2Fv2%2Fproduct_tag&post=54107"}],"curies":[{"name":"wp","href":"https:\/\/api.w.org\/{rel}","templated":true}]}}