{"id":54112,"date":"2021-02-21T17:49:34","date_gmt":"2021-02-21T17:49:34","guid":{"rendered":"https:\/\/www.autonvaraosahaku.fi\/?product=bremi-7028-virranjakajan-pyorija"},"modified":"2021-02-21T17:49:37","modified_gmt":"2021-02-21T17:49:37","slug":"bremi-7028-virranjakajan-pyorija","status":"publish","type":"product","link":"https:\/\/www.autonvaraosahaku.fi\/?product=bremi-7028-virranjakajan-pyorija","title":{"rendered":"BREMI 7028 Virranjakajan py\u00f6rij\u00e4"},"content":{"rendered":"<p>Valmistaja rajaus: System BOSCH; Materiaali: Polyesteri; H\u00e4iri\u00f6npoistolla: ; Vastus [Ohm]: 1000; Valmistusvuosi alkaen: 08\/1995; VOLVO: V70 I LV,850 Kombi LW,C70 I Cabriolet,C70 I Coupe,850 LS,S70 LS; 1367783, 13677836<\/p>\n","protected":false},"excerpt":{"rendered":"<p>BREMI Virranjakajan Py\u00f6rij\u00e4 7028  VOLVO,V70 I LV,850 Kombi LW,C70 I Cabriolet,C70 I Coupe,850 LS,S70 LS<\/p>\n","protected":false},"featured_media":0,"template":"","meta":{"site-sidebar-layout":"default","site-content-layout":"default","ast-global-header-display":"","ast-main-header-display":"","ast-hfb-above-header-display":"","ast-hfb-below-header-display":"","ast-hfb-mobile-header-display":"","site-post-title":"","ast-breadcrumbs-content":"","ast-featured-img":"","footer-sml-layout":"","theme-transparent-header-meta":"","adv-header-id-meta":"","stick-header-meta":"","header-above-stick-meta":"","header-main-stick-meta":"","header-below-stick-meta":""},"pwb-brand":[480],"product_cat":[94],"product_tag":[],"class_list":{"0":"post-54112","1":"product","2":"type-product","3":"status-publish","5":"pwb-brand-bremi","6":"product_cat-virranjakajan-pyorija","7":"desktop-align-left","8":"tablet-align-left","9":"mobile-align-left","11":"first","12":"instock","13":"product-type-external"},"brands":[{"id":480,"name":"BREMI","slug":"bremi"}],"_links":{"self":[{"href":"https:\/\/www.autonvaraosahaku.fi\/index.php?rest_route=\/wp\/v2\/product\/54112","targetHints":{"allow":["GET"]}}],"collection":[{"href":"https:\/\/www.autonvaraosahaku.fi\/index.php?rest_route=\/wp\/v2\/product"}],"about":[{"href":"https:\/\/www.autonvaraosahaku.fi\/index.php?rest_route=\/wp\/v2\/types\/product"}],"wp:attachment":[{"href":"https:\/\/www.autonvaraosahaku.fi\/index.php?rest_route=%2Fwp%2Fv2%2Fmedia&parent=54112"}],"wp:term":[{"taxonomy":"pwb-brand","embeddable":true,"href":"https:\/\/www.autonvaraosahaku.fi\/index.php?rest_route=%2Fwp%2Fv2%2Fpwb-brand&post=54112"},{"taxonomy":"product_cat","embeddable":true,"href":"https:\/\/www.autonvaraosahaku.fi\/index.php?rest_route=%2Fwp%2Fv2%2Fproduct_cat&post=54112"},{"taxonomy":"product_tag","embeddable":true,"href":"https:\/\/www.autonvaraosahaku.fi\/index.php?rest_route=%2Fwp%2Fv2%2Fproduct_tag&post=54112"}],"curies":[{"name":"wp","href":"https:\/\/api.w.org\/{rel}","templated":true}]}}