{"id":54139,"date":"2021-02-21T17:49:40","date_gmt":"2021-02-21T17:49:40","guid":{"rendered":"https:\/\/www.autonvaraosahaku.fi\/?product=ridex-685i0010-sytytysjohto"},"modified":"2021-02-21T17:49:44","modified_gmt":"2021-02-21T17:49:44","slug":"ridex-685i0010-sytytysjohto","status":"publish","type":"product","link":"https:\/\/www.autonvaraosahaku.fi\/?product=ridex-685i0010-sytytysjohto","title":{"rendered":"RIDEX 685I0010 Sytytysjohto"},"content":{"rendered":"<p>Sytytystulppa: Liit\u00e4nt\u00e4 SAE; Sytytyspuola: Liit\u00e4nt\u00e4 sahahammas; Pituus 1 (mm): 310; Pituus 2 (mm): 440; johtojen lukum\u00e4\u00e4r\u00e4: 4; Pituus 3 [mm]: 480; Pituus 4 [mm]: 530; Valmistusvuosi alkaen: 10\/2002; FORD: KA RB_,KA Van RB; 1319060, 1319061, 1319062, 1319063, XS6F12283B4D, XS6F12284B4D, XS6F12286B4D, XS6F12287B4D; Sytytysjohtosarja,Sytytyskaapeli<\/p>\n","protected":false},"excerpt":{"rendered":"<p>RIDEX Sytytysjohto 685I0010 Sytytysjohtosarja,Sytytyskaapeli FORD,KA RB_,KA Van RB<\/p>\n","protected":false},"featured_media":0,"template":"","meta":{"site-sidebar-layout":"default","site-content-layout":"default","ast-global-header-display":"","ast-main-header-display":"","ast-hfb-above-header-display":"","ast-hfb-below-header-display":"","ast-hfb-mobile-header-display":"","site-post-title":"","ast-breadcrumbs-content":"","ast-featured-img":"","footer-sml-layout":"","theme-transparent-header-meta":"","adv-header-id-meta":"","stick-header-meta":"","header-above-stick-meta":"","header-main-stick-meta":"","header-below-stick-meta":""},"pwb-brand":[157],"product_cat":[198],"product_tag":[],"class_list":{"0":"post-54139","1":"product","2":"type-product","3":"status-publish","5":"pwb-brand-ridex","6":"product_cat-sytytysjohto","7":"desktop-align-left","8":"tablet-align-left","9":"mobile-align-left","11":"first","12":"instock","13":"product-type-external"},"brands":[{"id":157,"name":"RIDEX","slug":"ridex"}],"_links":{"self":[{"href":"https:\/\/www.autonvaraosahaku.fi\/index.php?rest_route=\/wp\/v2\/product\/54139","targetHints":{"allow":["GET"]}}],"collection":[{"href":"https:\/\/www.autonvaraosahaku.fi\/index.php?rest_route=\/wp\/v2\/product"}],"about":[{"href":"https:\/\/www.autonvaraosahaku.fi\/index.php?rest_route=\/wp\/v2\/types\/product"}],"wp:attachment":[{"href":"https:\/\/www.autonvaraosahaku.fi\/index.php?rest_route=%2Fwp%2Fv2%2Fmedia&parent=54139"}],"wp:term":[{"taxonomy":"pwb-brand","embeddable":true,"href":"https:\/\/www.autonvaraosahaku.fi\/index.php?rest_route=%2Fwp%2Fv2%2Fpwb-brand&post=54139"},{"taxonomy":"product_cat","embeddable":true,"href":"https:\/\/www.autonvaraosahaku.fi\/index.php?rest_route=%2Fwp%2Fv2%2Fproduct_cat&post=54139"},{"taxonomy":"product_tag","embeddable":true,"href":"https:\/\/www.autonvaraosahaku.fi\/index.php?rest_route=%2Fwp%2Fv2%2Fproduct_tag&post=54139"}],"curies":[{"name":"wp","href":"https:\/\/api.w.org\/{rel}","templated":true}]}}