{"id":54167,"date":"2021-02-21T17:49:52","date_gmt":"2021-02-21T17:49:52","guid":{"rendered":"https:\/\/www.autonvaraosahaku.fi\/?product=vegaz-szm-105-pakoputken-asennussarja"},"modified":"2021-02-21T17:49:54","modified_gmt":"2021-02-21T17:49:54","slug":"vegaz-szm-105-pakoputken-asennussarja","status":"publish","type":"product","link":"https:\/\/www.autonvaraosahaku.fi\/?product=vegaz-szm-105-pakoputken-asennussarja","title":{"rendered":"VEGAZ SZM-105 Pakoputken asennussarja"},"content":{"rendered":"<p>Pituus (mm): 43, 43; L\u00e4pimitta 2 [mm]: 17,8; L\u00e4pimitta 3 [mm]: 22; L\u00e4pimitta 4 [mm]: 24,8; Materiaali: Metalli; BMW: 1 E87; NISSAN: MICRA III K12,MICRA II K11,NOTE E11,ALMERA TINO V10,ALMERA II Hatchback N16,PRIMERA Kombi WP12,PRIMERA P12,MICRA C+C K12,PRIMERA Hatchback P12,ALMERA Mk II N16; VOLVO: 440 K 445; DAIHATSU: CUORE VI L7_,SIRION M1,YRV M2,CUORE IV L501,MOVE L6, L9,MOVE L6_,CUORE III L201; SUZUKI: SWIFT III MZ, EZ,JIMNY FJ,SWIFT IV FZ, NZ,SX4 EY, GY,SAMURAI SJ,GRAND VITARA I FT,WAGON R+ MM,IGNIS FH,SPLASH,IGNIS II,SWIFT II Schr\u00e4gheck EA, MA,VITARA ET, TA,VITARA Cabrio ET, TA,ALTO HA24,BALENO Kombi EG,BALENO EG,SX4 Stufenheck GY,BALENO Schr\u00e4gheck EG,ALTO HA12, HA23,ALTO HA11,X-90 EL,SWIFT Cabriolet SF413,SWIFT II Stufenheck AH, AJ; MERCEDES-BENZ: A-CLASS W168; OPEL: AGILA B H08; LANCIA: Y10 156; TOYOTA: YARIS SCP9_, NSP9_, KSP9_, NCP9_, ZSP9_,YARIS SCP1_, NLP1_, NCP1_,COROLLA Verso ZER_, ZZE12_, R1_,AYGO WNB1_, KGB1_,RAV 4 II CLA2_, XA2_, ZCA2_, ACA2_,COROLLA ZZE12_, NDE12_, ZDE12_,COROLLA Kombi _E12J_, _E12T_,AVENSIS _T22_,COROLLA Liftback _E11_,COROLLA Compact _E11_,AVENSIS Station Wagon _T22_,COROLLA Verso ZDE12_, CDE12_,COROLLA Stufenheck _E12J_, _E12T_,AVENSIS Liftback _T22_,COROLLA Compact _E10_,COROLLA _E11_,COROLLA Wagon __E11_,COROLLA _E10_; FIAT: PANDA 141A_,SEDICI,UNO 146A\/E,PANDA Van 141_; 270249208701, 270249208701, 270249208701, 2007441B10, 200744M400, 200744M410, 8200235963, 270249208701, 1449267D00, 1449267D00000, 1449272F00, 1449282001, 1449282001000, 1449282600, 1449282600000, 1449282610, 1449282610000, 1449285C00, 1449285C00000, 14492M72F00, 14492M82600, 1715287201, 9050135033, 9050135036, 270249208701, 3446572, 3452563, 7727595<\/p>\n","protected":false},"excerpt":{"rendered":"<p>VEGAZ Jousi, Pakoputki SZM-105  BMW,NISSAN,VOLVO,1 E87,MICRA III K12,MICRA II K11,NOTE E11,ALMERA TINO V10,ALMERA II Hatchback N16,PRIMERA Kombi WP12<\/p>\n","protected":false},"featured_media":0,"template":"","meta":{"site-sidebar-layout":"default","site-content-layout":"default","ast-global-header-display":"","ast-main-header-display":"","ast-hfb-above-header-display":"","ast-hfb-below-header-display":"","ast-hfb-mobile-header-display":"","site-post-title":"","ast-breadcrumbs-content":"","ast-featured-img":"","footer-sml-layout":"","theme-transparent-header-meta":"","adv-header-id-meta":"","stick-header-meta":"","header-above-stick-meta":"","header-main-stick-meta":"","header-below-stick-meta":""},"pwb-brand":[306],"product_cat":[101],"product_tag":[],"class_list":{"0":"post-54167","1":"product","2":"type-product","3":"status-publish","5":"pwb-brand-vegaz","6":"product_cat-pakoputken-asennussarja","7":"desktop-align-left","8":"tablet-align-left","9":"mobile-align-left","11":"first","12":"instock","13":"product-type-external"},"brands":[{"id":306,"name":"VEGAZ","slug":"vegaz"}],"_links":{"self":[{"href":"https:\/\/www.autonvaraosahaku.fi\/index.php?rest_route=\/wp\/v2\/product\/54167","targetHints":{"allow":["GET"]}}],"collection":[{"href":"https:\/\/www.autonvaraosahaku.fi\/index.php?rest_route=\/wp\/v2\/product"}],"about":[{"href":"https:\/\/www.autonvaraosahaku.fi\/index.php?rest_route=\/wp\/v2\/types\/product"}],"wp:attachment":[{"href":"https:\/\/www.autonvaraosahaku.fi\/index.php?rest_route=%2Fwp%2Fv2%2Fmedia&parent=54167"}],"wp:term":[{"taxonomy":"pwb-brand","embeddable":true,"href":"https:\/\/www.autonvaraosahaku.fi\/index.php?rest_route=%2Fwp%2Fv2%2Fpwb-brand&post=54167"},{"taxonomy":"product_cat","embeddable":true,"href":"https:\/\/www.autonvaraosahaku.fi\/index.php?rest_route=%2Fwp%2Fv2%2Fproduct_cat&post=54167"},{"taxonomy":"product_tag","embeddable":true,"href":"https:\/\/www.autonvaraosahaku.fi\/index.php?rest_route=%2Fwp%2Fv2%2Fproduct_tag&post=54167"}],"curies":[{"name":"wp","href":"https:\/\/api.w.org\/{rel}","templated":true}]}}