{"id":54212,"date":"2021-02-21T17:50:04","date_gmt":"2021-02-21T17:50:04","guid":{"rendered":"https:\/\/www.autonvaraosahaku.fi\/?product=lemforder-25855-02-alatukivarsi"},"modified":"2021-02-21T17:50:06","modified_gmt":"2021-02-21T17:50:06","slug":"lemforder-25855-02-alatukivarsi","status":"publish","type":"product","link":"https:\/\/www.autonvaraosahaku.fi\/?product=lemforder-25855-02-alatukivarsi","title":{"rendered":"LEMF\u00d6RDER 25855 02 Alatukivarsi"},"content":{"rendered":"<p>Asennuspuoli: Taka-akseli, Yl\u00e4puolella, Molemminpuolin, Edess\u00e4; Ohjausmalli: Poikittaistukivarsi; Korvaava tuote\/korvaava tiedote 2: Kumilaakerilla; Suositellun tarvikkeen tuotenumero: 38817 01; Valmistusvuosi alkaen: 12\/2001; BMW: 5 E39,5 E60,5 Touring E61,5 Touring E39,7 E65, E66, E67,6 E63,6 Cabriolet E64; ALPINA: B7 E65; ROLLS-ROYCE: PHANTOM VII RR1; 2348886, 33322348886, 33326777424, 6777424, 0300946, 0398361, 0403294, 0414345, 0421750, 1096797, 2282065, 2348886, 33320300946, 33320398361, 33320403294, 33320414345, 33320421750, 33321096797, 33322282065, 33322348886, 33326763324, 33326768268, 33326770753, 33326774795, 33326777424, 6763324, 6768268, 6770753, 6774795, 6777424, 2348886, 33322348886, 33326777424, 6777424; Tukivarsi,Tukivarsi, Py\u00f6r\u00e4ntuenta<\/p>\n","protected":false},"excerpt":{"rendered":"<p>LEMF\u00d6RDER Alatukivarsi 25855 02 Tukivarsi,Tukivarsi, Py\u00f6r\u00e4ntuenta BMW,ALPINA,ROLLS-ROYCE,5 E39,5 E60,5 Touring E61,5 Touring E39,7 E65, E66, E67,6 E63<\/p>\n","protected":false},"featured_media":0,"template":"","meta":{"site-sidebar-layout":"default","site-content-layout":"default","ast-global-header-display":"","ast-main-header-display":"","ast-hfb-above-header-display":"","ast-hfb-below-header-display":"","ast-hfb-mobile-header-display":"","site-post-title":"","ast-breadcrumbs-content":"","ast-featured-img":"","footer-sml-layout":"","theme-transparent-header-meta":"","adv-header-id-meta":"","stick-header-meta":"","header-above-stick-meta":"","header-main-stick-meta":"","header-below-stick-meta":""},"pwb-brand":[77],"product_cat":[62],"product_tag":[],"class_list":{"0":"post-54212","1":"product","2":"type-product","3":"status-publish","5":"pwb-brand-lemforder","6":"product_cat-alatukivarsi","7":"desktop-align-left","8":"tablet-align-left","9":"mobile-align-left","11":"first","12":"instock","13":"product-type-external"},"brands":[{"id":77,"name":"LEMF\u00d6RDER","slug":"lemforder"}],"_links":{"self":[{"href":"https:\/\/www.autonvaraosahaku.fi\/index.php?rest_route=\/wp\/v2\/product\/54212","targetHints":{"allow":["GET"]}}],"collection":[{"href":"https:\/\/www.autonvaraosahaku.fi\/index.php?rest_route=\/wp\/v2\/product"}],"about":[{"href":"https:\/\/www.autonvaraosahaku.fi\/index.php?rest_route=\/wp\/v2\/types\/product"}],"wp:attachment":[{"href":"https:\/\/www.autonvaraosahaku.fi\/index.php?rest_route=%2Fwp%2Fv2%2Fmedia&parent=54212"}],"wp:term":[{"taxonomy":"pwb-brand","embeddable":true,"href":"https:\/\/www.autonvaraosahaku.fi\/index.php?rest_route=%2Fwp%2Fv2%2Fpwb-brand&post=54212"},{"taxonomy":"product_cat","embeddable":true,"href":"https:\/\/www.autonvaraosahaku.fi\/index.php?rest_route=%2Fwp%2Fv2%2Fproduct_cat&post=54212"},{"taxonomy":"product_tag","embeddable":true,"href":"https:\/\/www.autonvaraosahaku.fi\/index.php?rest_route=%2Fwp%2Fv2%2Fproduct_tag&post=54212"}],"curies":[{"name":"wp","href":"https:\/\/api.w.org\/{rel}","templated":true}]}}