{"id":54239,"date":"2021-02-21T17:50:09","date_gmt":"2021-02-21T17:50:09","guid":{"rendered":"https:\/\/www.autonvaraosahaku.fi\/?product=sachs-314-044-iskunvaimennin"},"modified":"2021-02-21T17:50:14","modified_gmt":"2021-02-21T17:50:14","slug":"sachs-314-044-iskunvaimennin","status":"publish","type":"product","link":"https:\/\/www.autonvaraosahaku.fi\/?product=sachs-314-044-iskunvaimennin","title":{"rendered":"SACHS 314 044 Iskunvaimennin"},"content":{"rendered":"<p>Iskunvaimennusj\u00e4rjestelm\u00e4: Kaksiputki; Iskunvaimennin tyyppi: Kaasupaine; Tunnusluku: SE30X177A; Iskunvaimennin asennustapa: Silmukka ylh\u00e4\u00e4ll\u00e4, Silmukka alhaalla; Asennuspuoli: Hinterachse; RENAULT: KOLEOS HY_,KADJAR; NISSAN: X-TRAIL T31,QASHQAI J11, J11_,X-TRAIL T32; 562103UB0A, 562103UB1A, 56210JG000, 56210JG01A, 56210JG02A, 56210JM000, 56210JM00A, 56210JM01A, 56210JY00A, 56210JY01A, 56210JY01B, E62101DA1B, E62104BD0A, E62104CB0D, E62104CB0E, E62104CL0B, E62104EA3B, E62104MS0A, E6210JG01A, E6B10JG01A, 562104837R, 562104EA3B, 56210JG00, 56210JG01, 56210JG02, 56210JM00, 56210JM000, 56210JM00A, 56210JM01, 56210JY00, 56210JY01A, 56210JY01B; Iskarit,Iskunvaimennin<\/p>\n","protected":false},"excerpt":{"rendered":"<p>SACHS Iskunvaimentimet 314 044 Iskarit,Iskunvaimennin RENAULT,NISSAN,KOLEOS HY_,KADJAR,X-TRAIL T31,QASHQAI J11, J11_,X-TRAIL T32<\/p>\n","protected":false},"featured_media":0,"template":"","meta":{"site-sidebar-layout":"default","site-content-layout":"default","ast-global-header-display":"","ast-main-header-display":"","ast-hfb-above-header-display":"","ast-hfb-below-header-display":"","ast-hfb-mobile-header-display":"","site-post-title":"","ast-breadcrumbs-content":"","ast-featured-img":"","footer-sml-layout":"","theme-transparent-header-meta":"","adv-header-id-meta":"","stick-header-meta":"","header-above-stick-meta":"","header-main-stick-meta":"","header-below-stick-meta":""},"pwb-brand":[91],"product_cat":[80],"product_tag":[],"class_list":{"0":"post-54239","1":"product","2":"type-product","3":"status-publish","5":"pwb-brand-sachs","6":"product_cat-iskunvaimennin","7":"desktop-align-left","8":"tablet-align-left","9":"mobile-align-left","11":"first","12":"instock","13":"product-type-external"},"brands":[{"id":91,"name":"SACHS","slug":"sachs"}],"_links":{"self":[{"href":"https:\/\/www.autonvaraosahaku.fi\/index.php?rest_route=\/wp\/v2\/product\/54239","targetHints":{"allow":["GET"]}}],"collection":[{"href":"https:\/\/www.autonvaraosahaku.fi\/index.php?rest_route=\/wp\/v2\/product"}],"about":[{"href":"https:\/\/www.autonvaraosahaku.fi\/index.php?rest_route=\/wp\/v2\/types\/product"}],"wp:attachment":[{"href":"https:\/\/www.autonvaraosahaku.fi\/index.php?rest_route=%2Fwp%2Fv2%2Fmedia&parent=54239"}],"wp:term":[{"taxonomy":"pwb-brand","embeddable":true,"href":"https:\/\/www.autonvaraosahaku.fi\/index.php?rest_route=%2Fwp%2Fv2%2Fpwb-brand&post=54239"},{"taxonomy":"product_cat","embeddable":true,"href":"https:\/\/www.autonvaraosahaku.fi\/index.php?rest_route=%2Fwp%2Fv2%2Fproduct_cat&post=54239"},{"taxonomy":"product_tag","embeddable":true,"href":"https:\/\/www.autonvaraosahaku.fi\/index.php?rest_route=%2Fwp%2Fv2%2Fproduct_tag&post=54239"}],"curies":[{"name":"wp","href":"https:\/\/api.w.org\/{rel}","templated":true}]}}