{"id":54290,"date":"2021-02-21T17:50:27","date_gmt":"2021-02-21T17:50:27","guid":{"rendered":"https:\/\/www.autonvaraosahaku.fi\/?product=ridex-7o0184-oljynsuodatin"},"modified":"2021-02-21T17:50:30","modified_gmt":"2021-02-21T17:50:30","slug":"ridex-7o0184-oljynsuodatin","status":"publish","type":"product","link":"https:\/\/www.autonvaraosahaku.fi\/?product=ridex-7o0184-oljynsuodatin","title":{"rendered":"RIDEX 7O0184 \u00d6ljynsuodatin"},"content":{"rendered":"<p>Korkeus (mm): 117; Ulkol\u00e4pimitta [mm]: 70; Sis\u00e4l\u00e4pimitta [mm]: 26; Moottorinumerosta: 9500082; MERCEDES-BENZ: Stufenheck W123,G-CLASS W460,COUPE C123,S-CLASS W108, W109,COUPE W111,KOMBI Kombi S123,T1 Bus 601,T2\/L Kasten\/Kombi,HECKFLOSSE W111, W112,SL W121,T2\/L Pritsche\/Fahrgestell,T2\/L Kommunalfahrzeug,T2\/L Kipper; PUCH: G-MODELL W 460; 0001800009, 0001844302, 0001844325, 0001848101, 0001848301, A0001800009, A0001844302, A0001844325, A0001848101, A0001848301<\/p>\n","protected":false},"excerpt":{"rendered":"<p>RIDEX \u00d6ljynsuodatin 7O0184  MERCEDES-BENZ,PUCH,Stufenheck W123,G-CLASS W460,COUPE C123,S-CLASS W108, W109,COUPE W111,KOMBI Kombi S123,T1 Bus 601<\/p>\n","protected":false},"featured_media":0,"template":"","meta":{"site-sidebar-layout":"default","site-content-layout":"default","ast-global-header-display":"","ast-main-header-display":"","ast-hfb-above-header-display":"","ast-hfb-below-header-display":"","ast-hfb-mobile-header-display":"","site-post-title":"","ast-breadcrumbs-content":"","ast-featured-img":"","footer-sml-layout":"","theme-transparent-header-meta":"","adv-header-id-meta":"","stick-header-meta":"","header-above-stick-meta":"","header-main-stick-meta":"","header-below-stick-meta":""},"pwb-brand":[157],"product_cat":[30],"product_tag":[],"class_list":{"0":"post-54290","1":"product","2":"type-product","3":"status-publish","5":"pwb-brand-ridex","6":"product_cat-oljynsuodatin","7":"desktop-align-left","8":"tablet-align-left","9":"mobile-align-left","11":"first","12":"instock","13":"product-type-external"},"brands":[{"id":157,"name":"RIDEX","slug":"ridex"}],"_links":{"self":[{"href":"https:\/\/www.autonvaraosahaku.fi\/index.php?rest_route=\/wp\/v2\/product\/54290","targetHints":{"allow":["GET"]}}],"collection":[{"href":"https:\/\/www.autonvaraosahaku.fi\/index.php?rest_route=\/wp\/v2\/product"}],"about":[{"href":"https:\/\/www.autonvaraosahaku.fi\/index.php?rest_route=\/wp\/v2\/types\/product"}],"wp:attachment":[{"href":"https:\/\/www.autonvaraosahaku.fi\/index.php?rest_route=%2Fwp%2Fv2%2Fmedia&parent=54290"}],"wp:term":[{"taxonomy":"pwb-brand","embeddable":true,"href":"https:\/\/www.autonvaraosahaku.fi\/index.php?rest_route=%2Fwp%2Fv2%2Fpwb-brand&post=54290"},{"taxonomy":"product_cat","embeddable":true,"href":"https:\/\/www.autonvaraosahaku.fi\/index.php?rest_route=%2Fwp%2Fv2%2Fproduct_cat&post=54290"},{"taxonomy":"product_tag","embeddable":true,"href":"https:\/\/www.autonvaraosahaku.fi\/index.php?rest_route=%2Fwp%2Fv2%2Fproduct_tag&post=54290"}],"curies":[{"name":"wp","href":"https:\/\/api.w.org\/{rel}","templated":true}]}}