{"id":54293,"date":"2021-02-21T17:50:27","date_gmt":"2021-02-21T17:50:27","guid":{"rendered":"https:\/\/www.autonvaraosahaku.fi\/?product=valeo-837405-kytkinpaketti"},"modified":"2021-02-21T17:50:30","modified_gmt":"2021-02-21T17:50:30","slug":"valeo-837405-kytkinpaketti","status":"publish","type":"product","link":"https:\/\/www.autonvaraosahaku.fi\/?product=valeo-837405-kytkinpaketti","title":{"rendered":"VALEO 837405 Kytkinpaketti"},"content":{"rendered":"<p>Uusi osa: ; Korvaava tuote\/korvaava tiedote 2: Vauhtipy\u00f6r\u00e4ll\u00e4, Ruuvisarjalla, varmistusruuvisarjalla, Kytkinlevyll\u00e4, Ilman anturia; Moottorimalli: Moottoreihin, joissa kaksoismassa vauhtipy\u00f6r\u00e4; Vauhtipy\u00f6r\u00e4valmistajalle: SACHS; Kiinnitysreikien lukum\u00e4\u00e4r\u00e4: 6; Lis\u00e4tarvike\/lis\u00e4tieto: Painelevyll\u00e4, Irroitusmekanismilla; Ty\u00f6nt\u00f6voima [N]: 7200; Ulkol\u00e4pimitta 1 [mm]: 240; Hammasluku: 23; Kiinnitysreikien m\u00e4\u00e4r\u00e4 irroitinmekanismissa: 3; Reik\u00e4-\u00d8 [mm]: 31; Materiaali: Alumiini; Paino [kg]: 18,22; Tuotelinja: FULLPACK DMF (CSC); Vaihteistomalli: Schaltgetriebe; VW: GOLF VI 5K1,PASSAT Variant 3C5,GOLF PLUS 5M1, 521,PASSAT 3C2,TIGUAN 5N_,PASSAT Variant 365,CADDY III Kombi 2KB, 2KJ, 2CB, 2CJ,CADDY III Kasten 2KA, 2KH, 2CA, 2CH,EOS 1F7, 1F8,SHARAN 7N1, 7N2,PASSAT 362,BEETLE 5C1,JETTA IV 162, 163,BEETLE Cabriolet 5C7; AUDI: A3 8P1,A3 Sportback 8PA,TT 8J3,TT Roadster 8J9,A3 Cabriolet 8P7; SEAT: ALHAMBRA 710, 711; 03L105266CC, 3L105266CC, 03L105266BK, 03L105266CC, 3L105266BK, 3L105266CC, 03L105266CC, 3L105266CC, 03L105266AA, 03L105266BK, 03L105266CC, 3L105266AA, 3L105266BK, 3L105266CC; Kytkinsarja<\/p>\n","protected":false},"excerpt":{"rendered":"<p>VALEO Kytkinpaketti 837405 Kytkinsarja VW,AUDI,SEAT,GOLF VI 5K1,PASSAT Variant 3C5,GOLF PLUS 5M1, 521,PASSAT 3C2,TIGUAN 5N_,PASSAT Variant 365<\/p>\n","protected":false},"featured_media":0,"template":"","meta":{"site-sidebar-layout":"default","site-content-layout":"default","ast-global-header-display":"","ast-main-header-display":"","ast-hfb-above-header-display":"","ast-hfb-below-header-display":"","ast-hfb-mobile-header-display":"","site-post-title":"","ast-breadcrumbs-content":"","ast-featured-img":"","footer-sml-layout":"","theme-transparent-header-meta":"","adv-header-id-meta":"","stick-header-meta":"","header-above-stick-meta":"","header-main-stick-meta":"","header-below-stick-meta":""},"pwb-brand":[28],"product_cat":[21],"product_tag":[],"class_list":{"0":"post-54293","1":"product","2":"type-product","3":"status-publish","5":"pwb-brand-valeo","6":"product_cat-kytkinpaketti","7":"desktop-align-left","8":"tablet-align-left","9":"mobile-align-left","11":"first","12":"instock","13":"product-type-external"},"brands":[{"id":28,"name":"VALEO","slug":"valeo"}],"_links":{"self":[{"href":"https:\/\/www.autonvaraosahaku.fi\/index.php?rest_route=\/wp\/v2\/product\/54293","targetHints":{"allow":["GET"]}}],"collection":[{"href":"https:\/\/www.autonvaraosahaku.fi\/index.php?rest_route=\/wp\/v2\/product"}],"about":[{"href":"https:\/\/www.autonvaraosahaku.fi\/index.php?rest_route=\/wp\/v2\/types\/product"}],"wp:attachment":[{"href":"https:\/\/www.autonvaraosahaku.fi\/index.php?rest_route=%2Fwp%2Fv2%2Fmedia&parent=54293"}],"wp:term":[{"taxonomy":"pwb-brand","embeddable":true,"href":"https:\/\/www.autonvaraosahaku.fi\/index.php?rest_route=%2Fwp%2Fv2%2Fpwb-brand&post=54293"},{"taxonomy":"product_cat","embeddable":true,"href":"https:\/\/www.autonvaraosahaku.fi\/index.php?rest_route=%2Fwp%2Fv2%2Fproduct_cat&post=54293"},{"taxonomy":"product_tag","embeddable":true,"href":"https:\/\/www.autonvaraosahaku.fi\/index.php?rest_route=%2Fwp%2Fv2%2Fproduct_tag&post=54293"}],"curies":[{"name":"wp","href":"https:\/\/api.w.org\/{rel}","templated":true}]}}