{"id":54304,"date":"2021-02-21T17:50:33","date_gmt":"2021-02-21T17:50:33","guid":{"rendered":"https:\/\/www.autonvaraosahaku.fi\/?product=ridex-13d0245-vetoakseli"},"modified":"2021-02-21T17:50:34","modified_gmt":"2021-02-21T17:50:34","slug":"ridex-13d0245-vetoakseli","status":"publish","type":"product","link":"https:\/\/www.autonvaraosahaku.fi\/?product=ridex-13d0245-vetoakseli","title":{"rendered":"RIDEX 13D0245 Vetoakseli"},"content":{"rendered":"<p>Ulkohammastus, py\u00f6r\u00e4npuoli: 25; Pituus (mm): 497; Tiivisteen l\u00e4pimitta [mm]: 50; Nivelen l\u00e4pimitta py\u00f6r\u00e4puoli [mm]: 82; L\u00e4pimitta tripodirulla [mm]: 33.9; Kierremitta: M24X1.5; Vaihto-osa: ; Valmistusvuoteen: 12\/2011; FIAT: GRANDE PUNTO 199,PUNTO EVO 199,PUNTO 199,IDEA,PUNTO Van 199,GRANDE PUNTO Van 199_,PUNTO EVO Van 199_; LANCIA: YPSILON 843,MUSA 350; 55700558, 55700558, 46308329, 46308367, 46308522, 55700558, 46308329, 46308367, 46308522, 55700558<\/p>\n","protected":false},"excerpt":{"rendered":"<p>RIDEX Vetoakseli 13D0245  FIAT,LANCIA,GRANDE PUNTO 199,PUNTO EVO 199,PUNTO 199,IDEA,PUNTO Van 199,GRANDE PUNTO Van 199_,PUNTO EVO Van 199_,YPSILON 843<\/p>\n","protected":false},"featured_media":0,"template":"","meta":{"site-sidebar-layout":"default","site-content-layout":"default","ast-global-header-display":"","ast-main-header-display":"","ast-hfb-above-header-display":"","ast-hfb-below-header-display":"","ast-hfb-mobile-header-display":"","site-post-title":"","ast-breadcrumbs-content":"","ast-featured-img":"","footer-sml-layout":"","theme-transparent-header-meta":"","adv-header-id-meta":"","stick-header-meta":"","header-above-stick-meta":"","header-main-stick-meta":"","header-below-stick-meta":""},"pwb-brand":[157],"product_cat":[215],"product_tag":[],"class_list":{"0":"post-54304","1":"product","2":"type-product","3":"status-publish","5":"pwb-brand-ridex","6":"product_cat-vetoakseli","7":"desktop-align-left","8":"tablet-align-left","9":"mobile-align-left","11":"first","12":"instock","13":"product-type-external"},"brands":[{"id":157,"name":"RIDEX","slug":"ridex"}],"_links":{"self":[{"href":"https:\/\/www.autonvaraosahaku.fi\/index.php?rest_route=\/wp\/v2\/product\/54304","targetHints":{"allow":["GET"]}}],"collection":[{"href":"https:\/\/www.autonvaraosahaku.fi\/index.php?rest_route=\/wp\/v2\/product"}],"about":[{"href":"https:\/\/www.autonvaraosahaku.fi\/index.php?rest_route=\/wp\/v2\/types\/product"}],"wp:attachment":[{"href":"https:\/\/www.autonvaraosahaku.fi\/index.php?rest_route=%2Fwp%2Fv2%2Fmedia&parent=54304"}],"wp:term":[{"taxonomy":"pwb-brand","embeddable":true,"href":"https:\/\/www.autonvaraosahaku.fi\/index.php?rest_route=%2Fwp%2Fv2%2Fpwb-brand&post=54304"},{"taxonomy":"product_cat","embeddable":true,"href":"https:\/\/www.autonvaraosahaku.fi\/index.php?rest_route=%2Fwp%2Fv2%2Fproduct_cat&post=54304"},{"taxonomy":"product_tag","embeddable":true,"href":"https:\/\/www.autonvaraosahaku.fi\/index.php?rest_route=%2Fwp%2Fv2%2Fproduct_tag&post=54304"}],"curies":[{"name":"wp","href":"https:\/\/api.w.org\/{rel}","templated":true}]}}