{"id":54315,"date":"2021-02-21T17:50:33","date_gmt":"2021-02-21T17:50:33","guid":{"rendered":"https:\/\/www.autonvaraosahaku.fi\/?product=era-555188a-egr-venttiili"},"modified":"2021-02-21T17:50:36","modified_gmt":"2021-02-21T17:50:36","slug":"era-555188a-egr-venttiili","status":"publish","type":"product","link":"https:\/\/www.autonvaraosahaku.fi\/?product=era-555188a-egr-venttiili","title":{"rendered":"ERA 555188A Egr venttiili"},"content":{"rendered":"<p>J\u00e4nnite (V): 12; Paino [kg]: 1,04; K\u00e4ytt\u00f6: S\u00e4hk\u00f6inen; Lis\u00e4tarvike\/lis\u00e4tieto: Vaatii OE-ohjelmiston; Liittimi\u00e4: 5; FORD: FOCUS II Kombi DA_,MONDEO IV Turnier BA7,FOCUS II DA_,FOCUS C-MAX,GALAXY WA6,KUGA I,C-MAX DM2,MONDEO IV BA7,FOCUS II Stufenheck DA_,FOCUS II Cabriolet,MONDEO IV Stufenheck BA7; FIAT: SCUDO 270_,ULYSSE 179AX,SCUDO Kasten 270_,SCUDO Pritsche\/Fahrgestell 270_; PEUGEOT: 307 SW 3H,307 CC 3B,407 SW 6E_,307 3A\/C,807 E,308 4A_, 4C_,307 Break 3E,607 9D, 9U,407 6D_,407 Coupe 6C_,EXPERT Tepee VF3V_,EXPERT Kasten VF3A_, VF3U_, VF3X_,EXPERT Kasten 222,EXPERT Pritsche\/Fahrgestell; CITRO\u00cbN: C5 III Break TD_,C4 Picasso I UD_,C4 Grand Picasso I UA_,C8 EA_, EB_,C4 I LC_,C5 II Break RE_,C5 III RD_,C4 Coupe LA_,C5 II RC_,JUMPY,JUMPY Kasten,JUMPY Pritsche\/Fahrgestell BU_, BV_, BW_, BX_; VOLVO: V50 MW,V70 III BW,C30,S40 II MS,C70 II Cabriolet,S80 II AS; LANCIA: PHEDRA 179; 161831, 1618GZ, 1618S8, 9656612380, 71793404, 9681825280, 1231964, 1436390, 6M5Q9D475AA, 6M5Q9D475BA, 161831, 1618GZ, 1618S8, 9656612380, 36000980; Venttiili, Pakokaasun Kierr\u00e4tys<\/p>\n","protected":false},"excerpt":{"rendered":"<p>ERA EGR Venttiili 555188A Venttiili, Pakokaasun Kierr\u00e4tys FORD,FIAT,PEUGEOT,FOCUS II Kombi DA_,MONDEO IV Turnier BA7,FOCUS II DA_,FOCUS C-MAX<\/p>\n","protected":false},"featured_media":0,"template":"","meta":{"site-sidebar-layout":"default","site-content-layout":"default","ast-global-header-display":"","ast-main-header-display":"","ast-hfb-above-header-display":"","ast-hfb-below-header-display":"","ast-hfb-mobile-header-display":"","site-post-title":"","ast-breadcrumbs-content":"","ast-featured-img":"","footer-sml-layout":"","theme-transparent-header-meta":"","adv-header-id-meta":"","stick-header-meta":"","header-above-stick-meta":"","header-main-stick-meta":"","header-below-stick-meta":""},"pwb-brand":[64],"product_cat":[35],"product_tag":[],"class_list":{"0":"post-54315","1":"product","2":"type-product","3":"status-publish","5":"pwb-brand-era","6":"product_cat-egr-venttiili","7":"desktop-align-left","8":"tablet-align-left","9":"mobile-align-left","11":"first","12":"instock","13":"product-type-external"},"brands":[{"id":64,"name":"ERA","slug":"era"}],"_links":{"self":[{"href":"https:\/\/www.autonvaraosahaku.fi\/index.php?rest_route=\/wp\/v2\/product\/54315","targetHints":{"allow":["GET"]}}],"collection":[{"href":"https:\/\/www.autonvaraosahaku.fi\/index.php?rest_route=\/wp\/v2\/product"}],"about":[{"href":"https:\/\/www.autonvaraosahaku.fi\/index.php?rest_route=\/wp\/v2\/types\/product"}],"wp:attachment":[{"href":"https:\/\/www.autonvaraosahaku.fi\/index.php?rest_route=%2Fwp%2Fv2%2Fmedia&parent=54315"}],"wp:term":[{"taxonomy":"pwb-brand","embeddable":true,"href":"https:\/\/www.autonvaraosahaku.fi\/index.php?rest_route=%2Fwp%2Fv2%2Fpwb-brand&post=54315"},{"taxonomy":"product_cat","embeddable":true,"href":"https:\/\/www.autonvaraosahaku.fi\/index.php?rest_route=%2Fwp%2Fv2%2Fproduct_cat&post=54315"},{"taxonomy":"product_tag","embeddable":true,"href":"https:\/\/www.autonvaraosahaku.fi\/index.php?rest_route=%2Fwp%2Fv2%2Fproduct_tag&post=54315"}],"curies":[{"name":"wp","href":"https:\/\/api.w.org\/{rel}","templated":true}]}}