{"id":54371,"date":"2021-02-21T17:50:50","date_gmt":"2021-02-21T17:50:50","guid":{"rendered":"https:\/\/www.autonvaraosahaku.fi\/?product=herthbuss-jakoparts-j1536000-termostaatti"},"modified":"2021-02-21T17:50:53","modified_gmt":"2021-02-21T17:50:53","slug":"herthbuss-jakoparts-j1536000-termostaatti","status":"publish","type":"product","link":"https:\/\/www.autonvaraosahaku.fi\/?product=herthbuss-jakoparts-j1536000-termostaatti","title":{"rendered":"HERTH+BUSS JAKOPARTS J1536000 Termostaatti"},"content":{"rendered":"<p>Avausl\u00e4mp\u00f6tila [\u00b0C]: 82; L\u00e4pimitta 1 [mm]: 52; Asennussyvyys (mm): 25; L\u00e4pimitta 2 [mm]: 22; Lis\u00e4tarvike\/lis\u00e4tieto: Tiivisteill\u00e4; Valmistusvuosi alkaen: 08\/1982; MAZDA: MX-5 I NA,121 III JASM, JBSM,323 III Hatchback BF,626 II GC,626 II Hatchback GC,B-SERIE UF,323 III BF,323 III Station Wagon BW,323 II Hatchback BD,323 I FA,323 II BD,626 I CB,323 I Station Wagon FA,RX 5; SUZUKI: SAMURAI SJ,VITARA ET, TA,VITARA Cabrio ET, TA; HONDA: CIVIC I Hatchback SB,CIVIC II Schr\u00e4gheck SS, SL,ACCORD I Hatchback SJ, SY,ACCORD I SJ, SY,CIVIC I Stufenheck SF; TOYOTA: CELICA Coupe RA4_, TA4_,CELICA Coupe _A6_,COROLLA KE,CELICA TA60, RA40, RA6_,COROLLA _E7_,COROLLA Liftback KE, TE,STARLET KP6_,COROLLA Liftback _E7_,COROLLA Coupe KE,CARINA TA4L, TA6_L,CARINA TA1_,CORONA RT1_,STARLET Station Wagon KP6_,LITEACE Kasten KM2_; DAIHATSU: CHARMANT A; MITSUBISHI: PAJERO II V3_W, V2_W, V4_W,L 300 Bus P0_W, P1_W, P2_W,COLT IV CA_A,ECLIPSE I D2_A,PAJERO I L04_G, L14_G,SPACE RUNNER N1_W, N2_W,COLT III C5_A,L 300 Pritsche\/Fahrgestell L03_P,L 300 Kasten L03_P,SIGMA F2_A, F1_A,GALANT IV E3_A,LANCER V CB\/D_A,SPACE WAGON N3_W, N4_W,GALANT IV Stufenheck E3_A,LANCER IV C6_A, C7_A,L 300 Kasten P0_W, P1_W,L 300 Bus LO3_P\/G, L0_2P,PAJERO I Canvas Top L04_G,L 200 K3_T, K2_T, K1_T, K0_T,SIGMA Station Wagon F0_W,STARION A18_A,PAJERO II Canvas Top V2_W, V4_W,COLT II C1_A,LANCER III Station Wagon C1_V, C3_V,GALANT III E1_A,COLT I A15_A,LANCER IV Stufenheck C6_A,SPACE WAGON D0_V\/W,LANCER I A17_,GALANT II A16_,GALANT I A12_,COLT LANCER Station Wagon A7_K,L 300 Pritsche\/Fahrgestell P1_T,SAPPORO II A16_A,SAPPORO III E16A,LANCER III C1_A, C6_A,SAPPORO I A12_,CORDIA A21_A, AB,CELESTE A7_,COLT LANCER A7_,GALANT II Station Wagon A16_V,LANCER F II A17_,GALANT I Station Wagon A12_V,TREDIA A21_; 19300657000, 19300679003, 19300679004, 19300679014, 19300692013, 19300PA0003, 19320679000, 19320679F00, 022315171, 041915171, 041999152, H6Y115173, MD005371, MD075460, MD972905, MD972908, MD997219, MD997220, MD997602, 17570A74001, 1760060810, 1760060810000, 1760060811, 1760060811000, 1760060812, 1760060813, 1760060813000, 1760060814, 1760060814000, 1767085C00, 1767085C00000, 1767185C00, 1767185C00000, 9091603016, 9091603033, 9091603034, 9091603037; Termostaatti, J\u00e4\u00e4hdytysneste<\/p>\n","protected":false},"excerpt":{"rendered":"<p>HERTH+BUSS JAKOPARTS Termostaatti J1536000 Termostaatti, J\u00e4\u00e4hdytysneste MAZDA,SUZUKI,HONDA,MX-5 I NA,121 III JASM, JBSM,323 III Hatchback BF,626 II GC<\/p>\n","protected":false},"featured_media":0,"template":"","meta":{"site-sidebar-layout":"default","site-content-layout":"default","ast-global-header-display":"","ast-main-header-display":"","ast-hfb-above-header-display":"","ast-hfb-below-header-display":"","ast-hfb-mobile-header-display":"","site-post-title":"","ast-breadcrumbs-content":"","ast-featured-img":"","footer-sml-layout":"","theme-transparent-header-meta":"","adv-header-id-meta":"","stick-header-meta":"","header-above-stick-meta":"","header-main-stick-meta":"","header-below-stick-meta":""},"pwb-brand":[416],"product_cat":[174],"product_tag":[],"class_list":{"0":"post-54371","1":"product","2":"type-product","3":"status-publish","5":"pwb-brand-herthbuss-jakoparts","6":"product_cat-termostaatti","7":"desktop-align-left","8":"tablet-align-left","9":"mobile-align-left","11":"first","12":"instock","13":"product-type-external"},"brands":[{"id":416,"name":"HERTH+BUSS JAKOPARTS","slug":"herthbuss-jakoparts"}],"_links":{"self":[{"href":"https:\/\/www.autonvaraosahaku.fi\/index.php?rest_route=\/wp\/v2\/product\/54371","targetHints":{"allow":["GET"]}}],"collection":[{"href":"https:\/\/www.autonvaraosahaku.fi\/index.php?rest_route=\/wp\/v2\/product"}],"about":[{"href":"https:\/\/www.autonvaraosahaku.fi\/index.php?rest_route=\/wp\/v2\/types\/product"}],"wp:attachment":[{"href":"https:\/\/www.autonvaraosahaku.fi\/index.php?rest_route=%2Fwp%2Fv2%2Fmedia&parent=54371"}],"wp:term":[{"taxonomy":"pwb-brand","embeddable":true,"href":"https:\/\/www.autonvaraosahaku.fi\/index.php?rest_route=%2Fwp%2Fv2%2Fpwb-brand&post=54371"},{"taxonomy":"product_cat","embeddable":true,"href":"https:\/\/www.autonvaraosahaku.fi\/index.php?rest_route=%2Fwp%2Fv2%2Fproduct_cat&post=54371"},{"taxonomy":"product_tag","embeddable":true,"href":"https:\/\/www.autonvaraosahaku.fi\/index.php?rest_route=%2Fwp%2Fv2%2Fproduct_tag&post=54371"}],"curies":[{"name":"wp","href":"https:\/\/api.w.org\/{rel}","templated":true}]}}