{"id":54378,"date":"2021-02-21T17:50:50","date_gmt":"2021-02-21T17:50:50","guid":{"rendered":"https:\/\/www.autonvaraosahaku.fi\/?product=skf-vkjp-3188-vetonivelen-suojakumi"},"modified":"2021-02-21T17:50:54","modified_gmt":"2021-02-21T17:50:54","slug":"skf-vkjp-3188-vetonivelen-suojakumi","status":"publish","type":"product","link":"https:\/\/www.autonvaraosahaku.fi\/?product=skf-vkjp-3188-vetonivelen-suojakumi","title":{"rendered":"SKF VKJP 3188 Vetonivelen suojakumi"},"content":{"rendered":"<p>Korkeus (mm): 102; Sis\u00e4l\u00e4pimitta 1 [mm]: 25; Sis\u00e4l\u00e4pimitta 2 [mm]: 85; Asennuspuoli: radseitig; MAZDA: 626 IV Hatchback GE,626 IV GE,MX-6 GE,626 III GD,626 III Hatchback GD,626 III Coupe GD,626 III Station Wagon GV,626 II GC,626 II Hatchback GC; NISSAN: PRIMERA Traveller W10,MAXIMA II J30,PRAIRIE M10, NM10; KIA: JOICE; HONDA: CIVIC VI Fastback MA, MB; HYUNDAI: MATRIX FC,GALLOPER II JK-01,PONY X-2,PONY \/ EXCEL Stufenheck X-2; MITSUBISHI: L 200 K7_T, K6_T,PAJERO II V3_W, V2_W, V4_W,L 300 Bus P0_W, P1_W, P2_W,PAJERO I L04_G, L14_G,L 300 Bus LO3_P\/G, L0_2P,PAJERO I Canvas Top L04_G,PAJERO II Canvas Top V2_W, V4_W<\/p>\n","protected":false},"excerpt":{"rendered":"<p>SKF Paljekumisarja, Vetoakseli VKJP 3188  MAZDA,NISSAN,KIA,626 IV Hatchback GE,626 IV GE,MX-6 GE,626 III GD,626 III Hatchback GD,626 III Coupe GD<\/p>\n","protected":false},"featured_media":0,"template":"","meta":{"site-sidebar-layout":"default","site-content-layout":"default","ast-global-header-display":"","ast-main-header-display":"","ast-hfb-above-header-display":"","ast-hfb-below-header-display":"","ast-hfb-mobile-header-display":"","site-post-title":"","ast-breadcrumbs-content":"","ast-featured-img":"","footer-sml-layout":"","theme-transparent-header-meta":"","adv-header-id-meta":"","stick-header-meta":"","header-above-stick-meta":"","header-main-stick-meta":"","header-below-stick-meta":""},"pwb-brand":[237],"product_cat":[42],"product_tag":[],"class_list":{"0":"post-54378","1":"product","2":"type-product","3":"status-publish","5":"pwb-brand-skf","6":"product_cat-vetonivelen-suojakumi","7":"desktop-align-left","8":"tablet-align-left","9":"mobile-align-left","11":"first","12":"instock","13":"product-type-external"},"brands":[{"id":237,"name":"SKF","slug":"skf"}],"_links":{"self":[{"href":"https:\/\/www.autonvaraosahaku.fi\/index.php?rest_route=\/wp\/v2\/product\/54378","targetHints":{"allow":["GET"]}}],"collection":[{"href":"https:\/\/www.autonvaraosahaku.fi\/index.php?rest_route=\/wp\/v2\/product"}],"about":[{"href":"https:\/\/www.autonvaraosahaku.fi\/index.php?rest_route=\/wp\/v2\/types\/product"}],"wp:attachment":[{"href":"https:\/\/www.autonvaraosahaku.fi\/index.php?rest_route=%2Fwp%2Fv2%2Fmedia&parent=54378"}],"wp:term":[{"taxonomy":"pwb-brand","embeddable":true,"href":"https:\/\/www.autonvaraosahaku.fi\/index.php?rest_route=%2Fwp%2Fv2%2Fpwb-brand&post=54378"},{"taxonomy":"product_cat","embeddable":true,"href":"https:\/\/www.autonvaraosahaku.fi\/index.php?rest_route=%2Fwp%2Fv2%2Fproduct_cat&post=54378"},{"taxonomy":"product_tag","embeddable":true,"href":"https:\/\/www.autonvaraosahaku.fi\/index.php?rest_route=%2Fwp%2Fv2%2Fproduct_tag&post=54378"}],"curies":[{"name":"wp","href":"https:\/\/api.w.org\/{rel}","templated":true}]}}