{"id":54390,"date":"2021-02-21T17:50:56","date_gmt":"2021-02-21T17:50:56","guid":{"rendered":"https:\/\/www.autonvaraosahaku.fi\/?product=hella-8eg-008-498-161-hehkutulppa"},"modified":"2021-02-21T17:50:58","modified_gmt":"2021-02-21T17:50:58","slug":"hella-8eg-008-498-161-hehkutulppa","status":"publish","type":"product","link":"https:\/\/www.autonvaraosahaku.fi\/?product=hella-8eg-008-498-161-hehkutulppa","title":{"rendered":"HELLA 8EG 008 498-161 Hehkutulppa"},"content":{"rendered":"<p>Hehkutulppatyyppi: j\u00e4lkihehkutuksenkest\u00e4v\u00e4, Hehkutulppa, puikko; Avainv\u00e4li: 10mm; Nimellisj\u00e4nnite (V): 5; Pistokemalli: Py\u00f6r\u00f6pistike; Moottorinumero: M47D204D4; BMW: 3 E46,3 Touring E91,3 E90,5 E60,1 E87,5 Touring E61,3 Touring E46,X3 E83,3 Compact E46,3 Coupe E46,X5 E70,X5 E53,3 Coupe E92,3 Cabriolet E46,3 Cabriolet E93,7 E65, E66, E67,X6 E71, E72,6 E63,6 Cabriolet E64; 12237786869, 7786869<\/p>\n","protected":false},"excerpt":{"rendered":"<p>HELLA Hehkutulppa 8EG 008 498-161  BMW,3 E46,3 Touring E91,3 E90,5 E60,1 E87,5 Touring E61,3 Touring E46,X3 E83,3 Compact E46,3 Coupe E46,X5 E70<\/p>\n","protected":false},"featured_media":0,"template":"","meta":{"site-sidebar-layout":"default","site-content-layout":"default","ast-global-header-display":"","ast-main-header-display":"","ast-hfb-above-header-display":"","ast-hfb-below-header-display":"","ast-hfb-mobile-header-display":"","site-post-title":"","ast-breadcrumbs-content":"","ast-featured-img":"","footer-sml-layout":"","theme-transparent-header-meta":"","adv-header-id-meta":"","stick-header-meta":"","header-above-stick-meta":"","header-main-stick-meta":"","header-below-stick-meta":""},"pwb-brand":[24],"product_cat":[52],"product_tag":[],"class_list":{"0":"post-54390","1":"product","2":"type-product","3":"status-publish","5":"pwb-brand-hella","6":"product_cat-hehkutulppa","7":"desktop-align-left","8":"tablet-align-left","9":"mobile-align-left","11":"first","12":"instock","13":"product-type-external"},"brands":[{"id":24,"name":"HELLA","slug":"hella"}],"_links":{"self":[{"href":"https:\/\/www.autonvaraosahaku.fi\/index.php?rest_route=\/wp\/v2\/product\/54390","targetHints":{"allow":["GET"]}}],"collection":[{"href":"https:\/\/www.autonvaraosahaku.fi\/index.php?rest_route=\/wp\/v2\/product"}],"about":[{"href":"https:\/\/www.autonvaraosahaku.fi\/index.php?rest_route=\/wp\/v2\/types\/product"}],"wp:attachment":[{"href":"https:\/\/www.autonvaraosahaku.fi\/index.php?rest_route=%2Fwp%2Fv2%2Fmedia&parent=54390"}],"wp:term":[{"taxonomy":"pwb-brand","embeddable":true,"href":"https:\/\/www.autonvaraosahaku.fi\/index.php?rest_route=%2Fwp%2Fv2%2Fpwb-brand&post=54390"},{"taxonomy":"product_cat","embeddable":true,"href":"https:\/\/www.autonvaraosahaku.fi\/index.php?rest_route=%2Fwp%2Fv2%2Fproduct_cat&post=54390"},{"taxonomy":"product_tag","embeddable":true,"href":"https:\/\/www.autonvaraosahaku.fi\/index.php?rest_route=%2Fwp%2Fv2%2Fproduct_tag&post=54390"}],"curies":[{"name":"wp","href":"https:\/\/api.w.org\/{rel}","templated":true}]}}