{"id":54431,"date":"2021-02-21T17:51:09","date_gmt":"2021-02-21T17:51:09","guid":{"rendered":"https:\/\/www.autonvaraosahaku.fi\/?product=autofren-seinsa-d1123-muut-luokat"},"modified":"2021-02-21T17:51:11","modified_gmt":"2021-02-21T17:51:11","slug":"autofren-seinsa-d1123-muut-luokat","status":"publish","type":"product","link":"https:\/\/www.autonvaraosahaku.fi\/?product=autofren-seinsa-d1123-muut-luokat","title":{"rendered":"AUTOFREN SEINSA D1123 Muut luokat"},"content":{"rendered":"<p>L\u00e4pimitta [mm]: 21; Jarruj\u00e4rjestelm\u00e4: ATE-FAG; Jarrut: f\u00fcr Fahrzeuge mit Bremskraftverst\u00e4rker; VW: GOLF I 17,CADDY I 14,PASSAT 32B,POLO 86,SCIROCCO 53,PASSAT 32,PASSAT Variant 33,SANTANA 32B; AUDI: 80 80, 82, B1,100 C1,100 Coupe C1,100 43, C2,50 86,100 Avant 43, C2; BMW: 3 E21; SAAB: 96,95 Station Wagon; OPEL: KADETT C Coupe,MANTA B 58_, 59_,KADETT C,ASCONA B 81_, 86_, 87_, 88_,REKORD D,MANTA B CC 53_, 55_,KADETT C City,REKORD D Coupe,KADETT C Caravan,REKORD D Caravan; FORD: ESCORT I AFH, ATH,CAPRI II GECP,GRANADA GGTL, GGFL,GRANADA Coupe GGCL,ESCORT I Kombi ADH,GRANADA Kombi GGNL,TAUNUS 17M Turnier 35F,TAUNUS 17M Turnier 36F; ALFA ROMEO: SPIDER 115,GTV 916C_,SPIDER 105,GTV 116,ALFETTA GT 116,1750-2000,ALFETTA 116,MONTREAL,GIULIETTA 116; RENAULT: TRAFIC Kasten TXX,TRAFIC Bus TXW,TRAFIC Pritsche\/Fahrgestell PXX; DAF: 66; 10548450200330, 60714487, 34311103457, 34311119329, 34311121795, 34311121796, 34311156133, 115915, 1480593, 1494905, 1583219, 1583232, 70EB2004CA, 78BB2004AA, D1RY2004A, 1605245, 1605488, 1605551, 91135592500, 7701201646, 8815417, 3100975, 31009756<\/p>\n","protected":false},"excerpt":{"rendered":"<p>AUTOFREN SEINSA Korjaussarja, Jarrup\u00e4\u00e4sylinteri D1123  VW,AUDI,BMW,GOLF I 17,CADDY I 14,PASSAT 32B,POLO 86,SCIROCCO 53,PASSAT 32,PASSAT Variant 33<\/p>\n","protected":false},"featured_media":0,"template":"","meta":{"site-sidebar-layout":"default","site-content-layout":"default","ast-global-header-display":"","ast-main-header-display":"","ast-hfb-above-header-display":"","ast-hfb-below-header-display":"","ast-hfb-mobile-header-display":"","site-post-title":"","ast-breadcrumbs-content":"","ast-featured-img":"","footer-sml-layout":"","theme-transparent-header-meta":"","adv-header-id-meta":"","stick-header-meta":"","header-above-stick-meta":"","header-main-stick-meta":"","header-below-stick-meta":""},"pwb-brand":[243],"product_cat":[37],"product_tag":[],"class_list":{"0":"post-54431","1":"product","2":"type-product","3":"status-publish","5":"pwb-brand-autofren-seinsa","6":"product_cat-muut-luokat","7":"desktop-align-left","8":"tablet-align-left","9":"mobile-align-left","11":"first","12":"instock","13":"product-type-external"},"brands":[{"id":243,"name":"AUTOFREN SEINSA","slug":"autofren-seinsa"}],"_links":{"self":[{"href":"https:\/\/www.autonvaraosahaku.fi\/index.php?rest_route=\/wp\/v2\/product\/54431","targetHints":{"allow":["GET"]}}],"collection":[{"href":"https:\/\/www.autonvaraosahaku.fi\/index.php?rest_route=\/wp\/v2\/product"}],"about":[{"href":"https:\/\/www.autonvaraosahaku.fi\/index.php?rest_route=\/wp\/v2\/types\/product"}],"wp:attachment":[{"href":"https:\/\/www.autonvaraosahaku.fi\/index.php?rest_route=%2Fwp%2Fv2%2Fmedia&parent=54431"}],"wp:term":[{"taxonomy":"pwb-brand","embeddable":true,"href":"https:\/\/www.autonvaraosahaku.fi\/index.php?rest_route=%2Fwp%2Fv2%2Fpwb-brand&post=54431"},{"taxonomy":"product_cat","embeddable":true,"href":"https:\/\/www.autonvaraosahaku.fi\/index.php?rest_route=%2Fwp%2Fv2%2Fproduct_cat&post=54431"},{"taxonomy":"product_tag","embeddable":true,"href":"https:\/\/www.autonvaraosahaku.fi\/index.php?rest_route=%2Fwp%2Fv2%2Fproduct_tag&post=54431"}],"curies":[{"name":"wp","href":"https:\/\/api.w.org\/{rel}","templated":true}]}}